{"id":15486,"date":"2021-10-21T10:39:33","date_gmt":"2021-10-21T10:39:33","guid":{"rendered":"https:\/\/chilimag.hu\/webshop\/?post_type=product&#038;p=15486"},"modified":"2025-08-11T14:08:25","modified_gmt":"2025-08-11T14:08:25","slug":"rebel-starfighter-vt16","status":"publish","type":"product","link":"https:\/\/chilimag.hu\/webshop\/termek\/rebel-starfighter-vt16\/","title":{"rendered":"Rebel Starfighter VT16 B Paradicsom"},"content":{"rendered":"","protected":false},"excerpt":{"rendered":"<p><img decoding=\"async\" src=\"https:\/\/chilimag.hu\/webshop\/wp-content\/uploads\/2014\/11\/chilimag-logo-2-150x150.jpg\" \/><\/p>\n<p>&nbsp;<\/p>\n<p>Le\u00edr\u00e1s<\/p>\n<p>Egy friss fajta, amelyet Russ Crowe fejlesztett ki Xanadu Picasso x RHK GWR (Reinhard Kraft Green Heart?) keresztez\u00e9s\u00e9b\u0151l.<\/p>\n<p>A gy\u00fcm\u00f6lcs s\u00falya 150-300 gramm, kis m\u00e9retekn\u00e9l elv\u00e9konyodik, nagyobb m\u00e9retekn\u00e9l tompa.<\/p>\n<p>A gy\u00fcm\u00f6lcs h\u00e9ja z\u00f6ld, \u00a0csaknem fekete, a sz\u00e1rt\u00f3l a hegy\u00e9ig sug\u00e1rir\u00e1ny\u00fa vonalakkal.<\/p>\n<p>A h\u00fas z\u00f6ld, l\u00e9d\u00fas \u00e9s h\u00fasos. Friss\u00edt\u0151, enyh\u00e9n savas \u00edz\u0171.<\/p>\n<p>Keskeny, dr\u00f3tsz\u00e1las, kis sz\u00e1r\u00fa, szab\u00e1lyos lombozat\u00fa, hat\u00e1rozatlan n\u00f6veked\u00e9s\u0171 n\u00f6v\u00e9ny.<\/p>\n<p>Jelleg: folytonn\u00f6v\u0151<\/p>\n<p>Gondoz\u00e1sa: A\u00a0paradicsom, \u00fcvegh\u00e1zban vagy a szabadban. Az optim\u00e1lis cs\u00edr\u00e1z\u00e1si h\u0151m\u00e9rs\u00e9klet 20 \u00e9s 25\u00b0C k\u00f6z\u00f6tt van, a cs\u00edr\u00e1z\u00e1s 8-14 nap ut\u00e1n k\u00f6vetkezik be. Felgyors\u00edthatja a cs\u00edr\u00e1z\u00e1si folyamatot, ha a magokat egy \u00e9jszak\u00e1n \u00e1t nedves ruh\u00e1ban hagyja \u00e1zni. V\u00e1rjon az utols\u00f3 fagy ut\u00e1n a kiv\u00e1lasztott n\u00f6v\u00e9nyek \u00fcltet\u00e9s\u00e9vel.<\/p>\n<p>A paradicsomnak friss, j\u00f3l tr\u00e1gy\u00e1zott, v\u00edz\u00e1tereszt\u0151 talajra van sz\u00fcks\u00e9ge, amelyet nedvesen (de nem nedvesen!) kell tartani. Napos, v\u00e9dett helyre \u00fcltess\u00fck, ahol legal\u00e1bb 6 \u00f3ra \u2013 lehet\u0151leg t\u00f6bb \u00a0napf\u00e9ny \u00e9ri.<\/p>\n<p>A csomag 10 szem magot tartalmaz.<\/p>\n","protected":false},"featured_media":15487,"comment_status":"closed","ping_status":"closed","template":"","meta":[],"product_brand":[],"product_cat":[10],"product_tag":[],"class_list":{"0":"post-15486","1":"product","2":"type-product","3":"status-publish","4":"has-post-thumbnail","6":"product_cat-paradicsom","8":"first","9":"instock","10":"taxable","11":"shipping-taxable","12":"purchasable","13":"product-type-simple"},"_links":{"self":[{"href":"https:\/\/chilimag.hu\/webshop\/wp-json\/wp\/v2\/product\/15486","targetHints":{"allow":["GET"]}}],"collection":[{"href":"https:\/\/chilimag.hu\/webshop\/wp-json\/wp\/v2\/product"}],"about":[{"href":"https:\/\/chilimag.hu\/webshop\/wp-json\/wp\/v2\/types\/product"}],"replies":[{"embeddable":true,"href":"https:\/\/chilimag.hu\/webshop\/wp-json\/wp\/v2\/comments?post=15486"}],"wp:featuredmedia":[{"embeddable":true,"href":"https:\/\/chilimag.hu\/webshop\/wp-json\/wp\/v2\/media\/15487"}],"wp:attachment":[{"href":"https:\/\/chilimag.hu\/webshop\/wp-json\/wp\/v2\/media?parent=15486"}],"wp:term":[{"taxonomy":"product_brand","embeddable":true,"href":"https:\/\/chilimag.hu\/webshop\/wp-json\/wp\/v2\/product_brand?post=15486"},{"taxonomy":"product_cat","embeddable":true,"href":"https:\/\/chilimag.hu\/webshop\/wp-json\/wp\/v2\/product_cat?post=15486"},{"taxonomy":"product_tag","embeddable":true,"href":"https:\/\/chilimag.hu\/webshop\/wp-json\/wp\/v2\/product_tag?post=15486"}],"curies":[{"name":"wp","href":"https:\/\/api.w.org\/{rel}","templated":true}]}}