{"id":15481,"date":"2021-10-21T10:31:35","date_gmt":"2021-10-21T10:31:35","guid":{"rendered":"https:\/\/chilimag.hu\/webshop\/?post_type=product&#038;p=15481"},"modified":"2025-08-11T12:52:52","modified_gmt":"2025-08-11T12:52:52","slug":"maglia-rosa","status":"publish","type":"product","link":"https:\/\/chilimag.hu\/webshop\/termek\/maglia-rosa\/","title":{"rendered":"Maglia Rosa B Paradicsom"},"content":{"rendered":"","protected":false},"excerpt":{"rendered":"<p><img decoding=\"async\" src=\"https:\/\/chilimag.hu\/webshop\/wp-content\/uploads\/2014\/11\/chilimag-logo-2-150x150.jpg\" \/><\/p>\n<p>&nbsp;<\/p>\n<p>Le\u00edr\u00e1s<\/p>\n<p>Friss fajta, amelyet Fred Hempel, Kalifornia, USA fejlesztett ki.<\/p>\n<p>&#8222;Cs\u00edkos r\u00f3mai&#8221; \u00e9s &#8222;fekete cseresznye&#8221; keresztje. A Giro (Olaszorsz\u00e1gi t\u00fara) r\u00f3zsasz\u00edn trik\u00f3j\u00e1r\u00f3l kapta a nev\u00e9t.<\/p>\n<p>Kicsi, ov\u00e1lis-toj\u00e1s alak\u00fa r\u00f3zsasz\u00edn narancss\u00e1rga\/s\u00e1rga cs\u00edkos roma t\u00edpus\u00fa kokt\u00e9lparadicsom, amely pontban v\u00e9gz\u0151dik. A gy\u00fcm\u00f6lcs \u00e1tlagos s\u00falya 25, n\u00e9h\u00e1ny kiv\u00e9tellel 60 gramm.<\/p>\n<p>Jellegzetes halsz\u00e1lk\u00e1s szerkezet\u0171 r\u00e1csok nagy s\u0171r\u0171s\u00e9ge.<\/p>\n<p>Nagyon l\u00e9d\u00fas h\u00fas az ov\u00e1lis t\u00edpushoz. Nagyon j\u00f3 gy\u00fcm\u00f6lcs\u00f6s \u00edz, ink\u00e1bb savany\u00fa, mint \u00e9des.<\/p>\n<p>F\u00e9lig determin\u00e1ns n\u00f6veked\u00e9s\u0171 n\u00f6v\u00e9nyek s\u0171r\u0171, szab\u00e1lyos lombozattal. A legjobb termeszt\u00e9si v\u00e1laszt\u00e1s.\u00a0Az \u00e1tlagos n\u00f6v\u00e9nymagass\u00e1g 90-120 cm. Rendk\u00edv\u00fcl alkalmas cserepes vagy kompakt \u00fcvegh\u00e1zakban val\u00f3 termeszt\u00e9sre, korl\u00e1tozott helyekkel.<\/p>\n<p>Nagyon magas hozamok k\u00f6zvetlen\u00fcl a szezon k\u00f6zepe el\u0151tt kezd\u0151dnek.<\/p>\n<p>Jelleg: folytonn\u00f6v\u0151<\/p>\n<p>Gondoz\u00e1sa: A\u00a0paradicsomot, \u00fcvegh\u00e1zban vagy a szabadban termesztheti. Az optim\u00e1lis cs\u00edr\u00e1z\u00e1si h\u0151m\u00e9rs\u00e9klet 20 \u00e9s 25\u00b0C k\u00f6z\u00f6tt van, a cs\u00edr\u00e1z\u00e1s 8-14 nap ut\u00e1n k\u00f6vetkezik be. Felgyors\u00edthatja a cs\u00edr\u00e1z\u00e1si folyamatot, ha a magokat egy \u00e9jszak\u00e1n \u00e1t nedves ruh\u00e1ban hagyja \u00e1zni. V\u00e1rjon az utols\u00f3 fagy ut\u00e1n a kiv\u00e1lasztott n\u00f6v\u00e9nyek \u00fcltet\u00e9s\u00e9vel.<\/p>\n<p>A paradicsomnak friss, j\u00f3l tr\u00e1gy\u00e1zott, v\u00edz\u00e1tereszt\u0151 talajra van sz\u00fcks\u00e9ge, amelyet nedvesen (de nem nedvesen!) kell tartani. Napos, v\u00e9dett helyre kell \u00fcltetni, ahol legal\u00e1bb 6 \u00f3ra napf\u00e9ny \u2013 lehet\u0151leg t\u00f6bb.<\/p>\n<p>A csomag 10 szem magot tartalmaz.<\/p>\n","protected":false},"featured_media":15482,"comment_status":"closed","ping_status":"closed","template":"","meta":[],"product_brand":[],"product_cat":[10],"product_tag":[],"class_list":{"0":"post-15481","1":"product","2":"type-product","3":"status-publish","4":"has-post-thumbnail","6":"product_cat-paradicsom","8":"first","9":"instock","10":"taxable","11":"shipping-taxable","12":"purchasable","13":"product-type-simple"},"_links":{"self":[{"href":"https:\/\/chilimag.hu\/webshop\/wp-json\/wp\/v2\/product\/15481","targetHints":{"allow":["GET"]}}],"collection":[{"href":"https:\/\/chilimag.hu\/webshop\/wp-json\/wp\/v2\/product"}],"about":[{"href":"https:\/\/chilimag.hu\/webshop\/wp-json\/wp\/v2\/types\/product"}],"replies":[{"embeddable":true,"href":"https:\/\/chilimag.hu\/webshop\/wp-json\/wp\/v2\/comments?post=15481"}],"wp:featuredmedia":[{"embeddable":true,"href":"https:\/\/chilimag.hu\/webshop\/wp-json\/wp\/v2\/media\/15482"}],"wp:attachment":[{"href":"https:\/\/chilimag.hu\/webshop\/wp-json\/wp\/v2\/media?parent=15481"}],"wp:term":[{"taxonomy":"product_brand","embeddable":true,"href":"https:\/\/chilimag.hu\/webshop\/wp-json\/wp\/v2\/product_brand?post=15481"},{"taxonomy":"product_cat","embeddable":true,"href":"https:\/\/chilimag.hu\/webshop\/wp-json\/wp\/v2\/product_cat?post=15481"},{"taxonomy":"product_tag","embeddable":true,"href":"https:\/\/chilimag.hu\/webshop\/wp-json\/wp\/v2\/product_tag?post=15481"}],"curies":[{"name":"wp","href":"https:\/\/api.w.org\/{rel}","templated":true}]}}