{"id":15479,"date":"2021-10-21T10:28:35","date_gmt":"2021-10-21T10:28:35","guid":{"rendered":"https:\/\/chilimag.hu\/webshop\/?post_type=product&#038;p=15479"},"modified":"2025-08-11T12:41:02","modified_gmt":"2025-08-11T12:41:02","slug":"gargamel","status":"publish","type":"product","link":"https:\/\/chilimag.hu\/webshop\/termek\/gargamel\/","title":{"rendered":"Gargamel B  Paradicsom"},"content":{"rendered":"","protected":false},"excerpt":{"rendered":"<p><img decoding=\"async\" src=\"https:\/\/chilimag.hu\/webshop\/wp-content\/uploads\/2014\/11\/chilimag-logo-2-150x150.jpg\" \/><\/p>\n<p>&nbsp;<\/p>\n<p>Le\u00edr\u00e1s<\/p>\n<p>A Paradicsom Gargamel egy nagyon szokatlan, k\u00fcl\u00f6nleges, de instabil paradicsomfajta, amely 3 sz\u00fcl\u0151fajt\u00e1b\u00f3l 3 k\u00fcl\u00f6nb\u00f6z\u0151 fenot\u00edpust k\u00e9pes el\u0151\u00e1ll\u00edtani. Amennyire tudjuk, Phil Seneca fejlesztette ki a pennsylvaniai Pittsburgh-b\u0151l. Nagyon sz\u00e9p ez a sal\u00e1taparadicsom, m\u00e9g \u00e9retlen \u00e1llapotban is. Z\u00f6ld, k\u00e9k v\u00e1llakkal, cs\u00edkokkal \u00e9s goly\u00f3kkal. Szinte le\u00edrhatatlan. A paradicsom pirosra \u00e9rett l\u00e1ngos\/cs\u00edkos, k\u00e9k v\u00e1ll\u00fa. \u00cdze enyh\u00e9n savas, telt paradicsom\u00edzzel \u00e9s kiss\u00e9 \u00e9desk\u00e9s. Az \u00edze nagyon j\u00f3, k\u00fcl\u00f6n\u00f6sen egy k\u00e9k paradicsomhoz.<\/p>\n<p>A Garmamel paradicsom nagyon j\u00f3 betegs\u00e9gekkel szembeni ellen\u00e1ll\u00f3 k\u00e9pess\u00e9ggel \u00e9s hossz\u00fa eltarthat\u00f3s\u00e1ggal rendelkezik. A paradicsomot s\u00e9rtetlen\u00fcl t\u00e1rolva legal\u00e1bb egy h\u00f3napig eltarthat\u00f3. Haszn\u00e1lja ezeket a paradicsomokat t\u00e9sztasz\u00f3szokban, sal\u00e1t\u00e1kban, levesekben, ketchupban, keny\u00e9rre \u00e9s k\u00f6zvetlen\u00fcl a n\u00f6v\u00e9nyb\u0151l finom \u00e9s eg\u00e9szs\u00e9ges snackk\u00e9nt. Gy\u0151z\u0151dj\u00f6n meg arr\u00f3l, hogy elegend\u0151 naps\u00fct\u00e9s \u00e9s meleg van, \u00e9s t\u00e1mogassa j\u00f3l a n\u00f6v\u00e9nyt a legjobb eredm\u00e9ny \u00e9rdek\u00e9ben. A paradicsom sok C-vitamint \u00e9s likopint tartalmaz. Ezt a legjobban felsz\u00edvja a szervezet, ha a paradicsomot felmeleg\u00edtik. A k\u00e9k paradicsom sok antocianint tartalmaz. Egyes tanulm\u00e1nyok szerint az antocianinok (antioxid\u00e1nsok), amelyek e paradicsom lil\u00e1s sz\u00edn\u00e9t okozz\u00e1k, nagyon eg\u00e9szs\u00e9gesek. Nem strapab\u00edr\u00f3 egyny\u00e1ri. Magass\u00e1g: 180-250 cm.<\/p>\n<p>&nbsp;<\/p>\n<p>A csomag 10 szem \u00a0magot tartalmaz<\/p>\n","protected":false},"featured_media":15480,"comment_status":"closed","ping_status":"closed","template":"","meta":[],"product_brand":[],"product_cat":[10],"product_tag":[],"class_list":{"0":"post-15479","1":"product","2":"type-product","3":"status-publish","4":"has-post-thumbnail","6":"product_cat-paradicsom","8":"first","9":"instock","10":"taxable","11":"shipping-taxable","12":"purchasable","13":"product-type-simple"},"_links":{"self":[{"href":"https:\/\/chilimag.hu\/webshop\/wp-json\/wp\/v2\/product\/15479","targetHints":{"allow":["GET"]}}],"collection":[{"href":"https:\/\/chilimag.hu\/webshop\/wp-json\/wp\/v2\/product"}],"about":[{"href":"https:\/\/chilimag.hu\/webshop\/wp-json\/wp\/v2\/types\/product"}],"replies":[{"embeddable":true,"href":"https:\/\/chilimag.hu\/webshop\/wp-json\/wp\/v2\/comments?post=15479"}],"wp:featuredmedia":[{"embeddable":true,"href":"https:\/\/chilimag.hu\/webshop\/wp-json\/wp\/v2\/media\/15480"}],"wp:attachment":[{"href":"https:\/\/chilimag.hu\/webshop\/wp-json\/wp\/v2\/media?parent=15479"}],"wp:term":[{"taxonomy":"product_brand","embeddable":true,"href":"https:\/\/chilimag.hu\/webshop\/wp-json\/wp\/v2\/product_brand?post=15479"},{"taxonomy":"product_cat","embeddable":true,"href":"https:\/\/chilimag.hu\/webshop\/wp-json\/wp\/v2\/product_cat?post=15479"},{"taxonomy":"product_tag","embeddable":true,"href":"https:\/\/chilimag.hu\/webshop\/wp-json\/wp\/v2\/product_tag?post=15479"}],"curies":[{"name":"wp","href":"https:\/\/api.w.org\/{rel}","templated":true}]}}