{"id":15266,"date":"2021-09-17T12:28:06","date_gmt":"2021-09-17T12:28:06","guid":{"rendered":"https:\/\/chilimag.hu\/webshop\/?post_type=product&#038;p=15266"},"modified":"2026-03-17T17:41:53","modified_gmt":"2026-03-17T17:41:53","slug":"uborka-mohikan-f1-royal-3","status":"publish","type":"product","link":"https:\/\/chilimag.hu\/webshop\/termek\/uborka-mohikan-f1-royal-3\/","title":{"rendered":"Uborka Mohik\u00e1n F1 Royal 3"},"content":{"rendered":"","protected":false},"excerpt":{"rendered":"<p>K\u00f6z\u00e9pkorai \u00e9r\u00e9s\u0171, egyenletes \u00e9r\u00e9slefut\u00e1s\u00fa<br \/>\nhibrid. Kifejezetten apr\u00f3 m\u00e9retben val\u00f3 szed\u00e9sre<br \/>\naj\u00e1nljuk. Peronoszp\u00f3r\u00e1val szemben<br \/>\nellen\u00e1ll\u00f3. (kb. 40-45 szemet tart.)<\/p>\n","protected":false},"featured_media":15267,"comment_status":"closed","ping_status":"closed","template":"","meta":[],"product_brand":[],"product_cat":[260],"product_tag":[],"class_list":{"0":"post-15266","1":"product","2":"type-product","3":"status-publish","4":"has-post-thumbnail","6":"product_cat-uborka","8":"first","9":"instock","10":"taxable","11":"shipping-taxable","12":"purchasable","13":"product-type-simple"},"_links":{"self":[{"href":"https:\/\/chilimag.hu\/webshop\/wp-json\/wp\/v2\/product\/15266","targetHints":{"allow":["GET"]}}],"collection":[{"href":"https:\/\/chilimag.hu\/webshop\/wp-json\/wp\/v2\/product"}],"about":[{"href":"https:\/\/chilimag.hu\/webshop\/wp-json\/wp\/v2\/types\/product"}],"replies":[{"embeddable":true,"href":"https:\/\/chilimag.hu\/webshop\/wp-json\/wp\/v2\/comments?post=15266"}],"wp:featuredmedia":[{"embeddable":true,"href":"https:\/\/chilimag.hu\/webshop\/wp-json\/wp\/v2\/media\/15267"}],"wp:attachment":[{"href":"https:\/\/chilimag.hu\/webshop\/wp-json\/wp\/v2\/media?parent=15266"}],"wp:term":[{"taxonomy":"product_brand","embeddable":true,"href":"https:\/\/chilimag.hu\/webshop\/wp-json\/wp\/v2\/product_brand?post=15266"},{"taxonomy":"product_cat","embeddable":true,"href":"https:\/\/chilimag.hu\/webshop\/wp-json\/wp\/v2\/product_cat?post=15266"},{"taxonomy":"product_tag","embeddable":true,"href":"https:\/\/chilimag.hu\/webshop\/wp-json\/wp\/v2\/product_tag?post=15266"}],"curies":[{"name":"wp","href":"https:\/\/api.w.org\/{rel}","templated":true}]}}