{"id":15249,"date":"2021-09-16T18:20:45","date_gmt":"2021-09-16T18:20:45","guid":{"rendered":"https:\/\/chilimag.hu\/webshop\/?post_type=product&#038;p=15249"},"modified":"2026-03-21T10:59:17","modified_gmt":"2026-03-21T10:59:17","slug":"uborka-perez-f1-bk-5","status":"publish","type":"product","link":"https:\/\/chilimag.hu\/webshop\/termek\/uborka-perez-f1-bk-5\/","title":{"rendered":"Uborka Perez F1 BK 5"},"content":{"rendered":"","protected":false},"excerpt":{"rendered":"<p>Szabadf\u00f6ldi s\u00edk \u00e9s t\u00e1mrendszeres<br \/>\ntermeszt\u00e9sre<br \/>\nalkalmas, k\u00f6z\u00e9pkorai,<br \/>\ner\u0151teljes n\u00f6veked\u00e9s\u0171, t\u00falnyom\u00f3an<br \/>\nn\u0151vir\u00e1g\u00fa fajta.<br \/>\nTerm\u00e9se k\u00f6z\u00e9pz\u00f6ld, karcs\u00fa,<br \/>\nkesered\u00e9smentes.<br \/>\nUborka-mozaik v\u00edrussal<br \/>\n\u00e9s lisztharmattal toler\u00e1ns.<br \/>\nPeronoszp\u00f3r\u00e1val szemben<br \/>\nk\u00f6zepesen ellen\u00e1ll\u00f3.<\/p>\n","protected":false},"featured_media":15250,"comment_status":"closed","ping_status":"closed","template":"","meta":[],"product_brand":[],"product_cat":[289],"product_tag":[],"class_list":{"0":"post-15249","1":"product","2":"type-product","3":"status-publish","4":"has-post-thumbnail","6":"product_cat-uborka-es-padlizsan-vetomagok-budapesti-kertimag-vetomagok","8":"first","9":"instock","10":"taxable","11":"shipping-taxable","12":"purchasable","13":"product-type-simple"},"_links":{"self":[{"href":"https:\/\/chilimag.hu\/webshop\/wp-json\/wp\/v2\/product\/15249","targetHints":{"allow":["GET"]}}],"collection":[{"href":"https:\/\/chilimag.hu\/webshop\/wp-json\/wp\/v2\/product"}],"about":[{"href":"https:\/\/chilimag.hu\/webshop\/wp-json\/wp\/v2\/types\/product"}],"replies":[{"embeddable":true,"href":"https:\/\/chilimag.hu\/webshop\/wp-json\/wp\/v2\/comments?post=15249"}],"wp:featuredmedia":[{"embeddable":true,"href":"https:\/\/chilimag.hu\/webshop\/wp-json\/wp\/v2\/media\/15250"}],"wp:attachment":[{"href":"https:\/\/chilimag.hu\/webshop\/wp-json\/wp\/v2\/media?parent=15249"}],"wp:term":[{"taxonomy":"product_brand","embeddable":true,"href":"https:\/\/chilimag.hu\/webshop\/wp-json\/wp\/v2\/product_brand?post=15249"},{"taxonomy":"product_cat","embeddable":true,"href":"https:\/\/chilimag.hu\/webshop\/wp-json\/wp\/v2\/product_cat?post=15249"},{"taxonomy":"product_tag","embeddable":true,"href":"https:\/\/chilimag.hu\/webshop\/wp-json\/wp\/v2\/product_tag?post=15249"}],"curies":[{"name":"wp","href":"https:\/\/api.w.org\/{rel}","templated":true}]}}