{"id":15241,"date":"2021-09-16T18:08:58","date_gmt":"2021-09-16T18:08:58","guid":{"rendered":"https:\/\/chilimag.hu\/webshop\/?post_type=product&#038;p=15241"},"modified":"2026-01-02T18:58:46","modified_gmt":"2026-01-02T18:58:46","slug":"sargarepa-rekord-bk-5","status":"publish","type":"product","link":"https:\/\/chilimag.hu\/webshop\/termek\/sargarepa-rekord-bk-5\/","title":{"rendered":"S\u00e1rgar\u00e9pa Rekord BK 5"},"content":{"rendered":"","protected":false},"excerpt":{"rendered":"<p>Flakker-t\u00edpus\u00fa, er\u0151s lomb\u00fa,<br \/>\nt\u00e1rol\u00e1si fajta. Hossz\u00fa<br \/>\nteny\u00e9szidej\u0171, kel\u00e9st\u0151l szed\u00e9sig<br \/>\n160-180 nap. Kiv\u00e1l\u00f3<br \/>\nterm\u0151k\u00e9pess\u00e9g\u0171, egy\u00f6ntet\u0171<br \/>\nnarancsv\u00f6r\u00f6s sz\u00edn\u0171.<br \/>\nNagy karotin- \u00e9s sz\u00e1razanyagtartalm\u00fa.<br \/>\nT\u00e1rol\u00e1sra<br \/>\n\u00e9s feldolgoz\u00e1sra egyar\u00e1nt<br \/>\nalkalmas.<\/p>\n","protected":false},"featured_media":15242,"comment_status":"closed","ping_status":"closed","template":"","meta":[],"product_brand":[],"product_cat":[284],"product_tag":[],"class_list":{"0":"post-15241","1":"product","2":"type-product","3":"status-publish","4":"has-post-thumbnail","6":"product_cat-repa-es-zoldseg-vetomagok","8":"first","9":"outofstock","10":"taxable","11":"shipping-taxable","12":"purchasable","13":"product-type-simple"},"_links":{"self":[{"href":"https:\/\/chilimag.hu\/webshop\/wp-json\/wp\/v2\/product\/15241","targetHints":{"allow":["GET"]}}],"collection":[{"href":"https:\/\/chilimag.hu\/webshop\/wp-json\/wp\/v2\/product"}],"about":[{"href":"https:\/\/chilimag.hu\/webshop\/wp-json\/wp\/v2\/types\/product"}],"replies":[{"embeddable":true,"href":"https:\/\/chilimag.hu\/webshop\/wp-json\/wp\/v2\/comments?post=15241"}],"wp:featuredmedia":[{"embeddable":true,"href":"https:\/\/chilimag.hu\/webshop\/wp-json\/wp\/v2\/media\/15242"}],"wp:attachment":[{"href":"https:\/\/chilimag.hu\/webshop\/wp-json\/wp\/v2\/media?parent=15241"}],"wp:term":[{"taxonomy":"product_brand","embeddable":true,"href":"https:\/\/chilimag.hu\/webshop\/wp-json\/wp\/v2\/product_brand?post=15241"},{"taxonomy":"product_cat","embeddable":true,"href":"https:\/\/chilimag.hu\/webshop\/wp-json\/wp\/v2\/product_cat?post=15241"},{"taxonomy":"product_tag","embeddable":true,"href":"https:\/\/chilimag.hu\/webshop\/wp-json\/wp\/v2\/product_tag?post=15241"}],"curies":[{"name":"wp","href":"https:\/\/api.w.org\/{rel}","templated":true}]}}