{"id":15232,"date":"2021-09-16T17:38:34","date_gmt":"2021-09-16T17:38:34","guid":{"rendered":"https:\/\/chilimag.hu\/webshop\/?post_type=product&#038;p=15232"},"modified":"2026-01-02T18:47:22","modified_gmt":"2026-01-02T18:47:22","slug":"metelopetrezselyem-mooskrause-bk-3","status":"publish","type":"product","link":"https:\/\/chilimag.hu\/webshop\/termek\/metelopetrezselyem-mooskrause-bk-3\/","title":{"rendered":"Met\u00e9l\u0151petrezselyem Mooskrause BK 3"},"content":{"rendered":"","protected":false},"excerpt":{"rendered":"<p>Korai szabadf\u00f6ldi \u00e9s f\u00f3lia<br \/>\nalatti termeszt\u00e9sre egyar\u00e1nt<br \/>\naj\u00e1nlott. Cser\u00e9pben<br \/>\nnevelve eg\u00e9sz t\u00e9len \u00e1t<br \/>\nszedhet\u0151. Kiv\u00e1l\u00f3an alkalmas<br \/>\n\u00e9telek \u00edzes\u00edt\u00e9s\u00e9re.<\/p>\n","protected":false},"featured_media":15233,"comment_status":"closed","ping_status":"closed","template":"","meta":[],"product_brand":[],"product_cat":[294],"product_tag":[],"class_list":{"0":"post-15232","1":"product","2":"type-product","3":"status-publish","4":"has-post-thumbnail","6":"product_cat-fuszernovenyek","8":"first","9":"outofstock","10":"taxable","11":"shipping-taxable","12":"purchasable","13":"product-type-simple"},"_links":{"self":[{"href":"https:\/\/chilimag.hu\/webshop\/wp-json\/wp\/v2\/product\/15232","targetHints":{"allow":["GET"]}}],"collection":[{"href":"https:\/\/chilimag.hu\/webshop\/wp-json\/wp\/v2\/product"}],"about":[{"href":"https:\/\/chilimag.hu\/webshop\/wp-json\/wp\/v2\/types\/product"}],"replies":[{"embeddable":true,"href":"https:\/\/chilimag.hu\/webshop\/wp-json\/wp\/v2\/comments?post=15232"}],"wp:featuredmedia":[{"embeddable":true,"href":"https:\/\/chilimag.hu\/webshop\/wp-json\/wp\/v2\/media\/15233"}],"wp:attachment":[{"href":"https:\/\/chilimag.hu\/webshop\/wp-json\/wp\/v2\/media?parent=15232"}],"wp:term":[{"taxonomy":"product_brand","embeddable":true,"href":"https:\/\/chilimag.hu\/webshop\/wp-json\/wp\/v2\/product_brand?post=15232"},{"taxonomy":"product_cat","embeddable":true,"href":"https:\/\/chilimag.hu\/webshop\/wp-json\/wp\/v2\/product_cat?post=15232"},{"taxonomy":"product_tag","embeddable":true,"href":"https:\/\/chilimag.hu\/webshop\/wp-json\/wp\/v2\/product_tag?post=15232"}],"curies":[{"name":"wp","href":"https:\/\/api.w.org\/{rel}","templated":true}]}}