{"id":15228,"date":"2021-09-16T17:29:07","date_gmt":"2021-09-16T17:29:07","guid":{"rendered":"https:\/\/chilimag.hu\/webshop\/?post_type=product&#038;p=15228"},"modified":"2026-03-14T18:29:56","modified_gmt":"2026-03-14T18:29:56","slug":"paprika-rapires-f1-zki-1","status":"publish","type":"product","link":"https:\/\/chilimag.hu\/webshop\/termek\/paprika-rapires-f1-zki-1\/","title":{"rendered":"Paprika Rapires F1 ZKI 1"},"content":{"rendered":"","protected":false},"excerpt":{"rendered":"<p>Folytonn\u00f6v\u0151 hibrid. Fejl\u0151d\u00e9si sebess\u00e9ge gyors,<br \/>\nf\u00e9nyhi\u00e1nyra nem \u00e9rz\u00e9keny. Term\u00e9se hossz\u00fa, hegyes,<br \/>\nvil\u00e1gosz\u00f6ld. \u00cdze intenz\u00edven cs\u00edp\u0151s. A bogy\u00f3k<br \/>\ncs\u00fcng\u0151 helyzet\u0171ek, 40-50 g t\u00f6meg\u0171ek. Minden<br \/>\nid\u0151szakban termeszthet\u0151. Els\u0151sorban t\u00e1mrendszeres<br \/>\nhajtat\u00e1sra aj\u00e1nljuk.<\/p>\n","protected":false},"featured_media":15229,"comment_status":"closed","ping_status":"closed","template":"","meta":[],"product_brand":[],"product_cat":[302],"product_tag":[],"class_list":{"0":"post-15228","1":"product","2":"type-product","3":"status-publish","4":"has-post-thumbnail","6":"product_cat-zki-paprika-vetomagok","8":"first","9":"instock","10":"taxable","11":"shipping-taxable","12":"purchasable","13":"product-type-simple"},"_links":{"self":[{"href":"https:\/\/chilimag.hu\/webshop\/wp-json\/wp\/v2\/product\/15228","targetHints":{"allow":["GET"]}}],"collection":[{"href":"https:\/\/chilimag.hu\/webshop\/wp-json\/wp\/v2\/product"}],"about":[{"href":"https:\/\/chilimag.hu\/webshop\/wp-json\/wp\/v2\/types\/product"}],"replies":[{"embeddable":true,"href":"https:\/\/chilimag.hu\/webshop\/wp-json\/wp\/v2\/comments?post=15228"}],"wp:featuredmedia":[{"embeddable":true,"href":"https:\/\/chilimag.hu\/webshop\/wp-json\/wp\/v2\/media\/15229"}],"wp:attachment":[{"href":"https:\/\/chilimag.hu\/webshop\/wp-json\/wp\/v2\/media?parent=15228"}],"wp:term":[{"taxonomy":"product_brand","embeddable":true,"href":"https:\/\/chilimag.hu\/webshop\/wp-json\/wp\/v2\/product_brand?post=15228"},{"taxonomy":"product_cat","embeddable":true,"href":"https:\/\/chilimag.hu\/webshop\/wp-json\/wp\/v2\/product_cat?post=15228"},{"taxonomy":"product_tag","embeddable":true,"href":"https:\/\/chilimag.hu\/webshop\/wp-json\/wp\/v2\/product_tag?post=15228"}],"curies":[{"name":"wp","href":"https:\/\/api.w.org\/{rel}","templated":true}]}}