{"id":15226,"date":"2021-09-16T17:25:39","date_gmt":"2021-09-16T17:25:39","guid":{"rendered":"https:\/\/chilimag.hu\/webshop\/?post_type=product&#038;p=15226"},"modified":"2026-03-14T18:24:55","modified_gmt":"2026-03-14T18:24:55","slug":"paprika-brillant-f1-zki-1","status":"publish","type":"product","link":"https:\/\/chilimag.hu\/webshop\/termek\/paprika-brillant-f1-zki-1\/","title":{"rendered":"Paprika Brillant F1 ZKI 1"},"content":{"rendered":"","protected":false},"excerpt":{"rendered":"<div class=\"position_1_wrapper\">\n<table class=\"product_parameters\">\n<tbody>\n<tr class=\"product-parameter-row product-short-description-row\">\n<td class=\"param-value product-short-description\" colspan=\"2\">Hajtat\u00e1sra \u00e9s szabadf\u00f6ldi termeszt\u00e9sre kiv\u00e1l\u00f3, feh\u00e9r<br \/>\nblocky t\u00edpus\u00fa hibrid. Folytonn\u00f6v\u0151, er\u0151teljes,<br \/>\n130-150 cm magasra megn\u00f6v\u0151 paprika. A doh\u00e1ny<br \/>\nmozaik v\u00edrus \u00faj t\u00f6rzseivel szemben is ellen\u00e1ll\u00f3.<br \/>\nTerm\u00e9se feh\u00e9r, cs\u00fcng\u0151 helyzet\u0171, cs\u00edp\u0151ss\u00e9gt\u0151l<br \/>\nmen- tes, h\u00e1rom vagy n\u00e9gy rekesz\u0171, 120-130 g t\u00f6meg\u0171.<br \/>\nFriss fogyaszt\u00e1sra \u00e9s feldolgoz\u00e1sra is kiv\u00e1l\u00f3.<\/td>\n<\/tr>\n<\/tbody>\n<\/table>\n<\/div>\n<div class=\"product_cart_box\">\n<div class=\"product_cart_box_inner\">\n<form id=\"product\" action=\"https:\/\/www.vanmag.hu\/index.php?route=checkout\/cart\" enctype=\"multipart\/form-data\" method=\"post\">\n<div class=\"product_table_addtocart_wrapper\">\n<div class=\"clearfix\"><\/div>\n<\/div>\n<\/form>\n<\/div>\n<\/div>\n","protected":false},"featured_media":15227,"comment_status":"closed","ping_status":"closed","template":"","meta":[],"product_brand":[],"product_cat":[302],"product_tag":[],"class_list":{"0":"post-15226","1":"product","2":"type-product","3":"status-publish","4":"has-post-thumbnail","6":"product_cat-zki-paprika-vetomagok","8":"first","9":"instock","10":"taxable","11":"shipping-taxable","12":"purchasable","13":"product-type-simple"},"_links":{"self":[{"href":"https:\/\/chilimag.hu\/webshop\/wp-json\/wp\/v2\/product\/15226","targetHints":{"allow":["GET"]}}],"collection":[{"href":"https:\/\/chilimag.hu\/webshop\/wp-json\/wp\/v2\/product"}],"about":[{"href":"https:\/\/chilimag.hu\/webshop\/wp-json\/wp\/v2\/types\/product"}],"replies":[{"embeddable":true,"href":"https:\/\/chilimag.hu\/webshop\/wp-json\/wp\/v2\/comments?post=15226"}],"wp:featuredmedia":[{"embeddable":true,"href":"https:\/\/chilimag.hu\/webshop\/wp-json\/wp\/v2\/media\/15227"}],"wp:attachment":[{"href":"https:\/\/chilimag.hu\/webshop\/wp-json\/wp\/v2\/media?parent=15226"}],"wp:term":[{"taxonomy":"product_brand","embeddable":true,"href":"https:\/\/chilimag.hu\/webshop\/wp-json\/wp\/v2\/product_brand?post=15226"},{"taxonomy":"product_cat","embeddable":true,"href":"https:\/\/chilimag.hu\/webshop\/wp-json\/wp\/v2\/product_cat?post=15226"},{"taxonomy":"product_tag","embeddable":true,"href":"https:\/\/chilimag.hu\/webshop\/wp-json\/wp\/v2\/product_tag?post=15226"}],"curies":[{"name":"wp","href":"https:\/\/api.w.org\/{rel}","templated":true}]}}