{"id":15224,"date":"2021-09-16T17:22:49","date_gmt":"2021-09-16T17:22:49","guid":{"rendered":"https:\/\/chilimag.hu\/webshop\/?post_type=product&#038;p=15224"},"modified":"2026-01-09T13:45:28","modified_gmt":"2026-01-09T13:45:28","slug":"paprika-cecil-f1-zki-1","status":"publish","type":"product","link":"https:\/\/chilimag.hu\/webshop\/termek\/paprika-cecil-f1-zki-1\/","title":{"rendered":"Paprika Cecil F1 ZKI 1"},"content":{"rendered":"","protected":false},"excerpt":{"rendered":"<p>Folytonn\u00f6v\u0151, k\u00f6zepes n\u00f6veked\u00e9s\u0171, r\u00f6vid \u00edzk\u00f6z\u0171<br \/>\nbokor. Fejl\u0151d\u00e9si sebess\u00e9ge gyors, f\u00e9nyhi\u00e1nyra<br \/>\nnem \u00e9rz\u00e9keny. A doh\u00e1ny mozaik v\u00edrus \u00faj t\u00f6rzseivel<br \/>\nszemben is ellen\u00e1ll\u00f3 (Tm2). Term\u00e9se feh\u00e9r, 120-140<br \/>\ng t\u00f6meg\u0171, ny\u00fajtott, cs\u00facsban v\u00e9gz\u0151d\u0151, cs\u00edp\u0151ss\u00e9gt\u0151l<br \/>\nmentes<\/p>\n","protected":false},"featured_media":15225,"comment_status":"closed","ping_status":"closed","template":"","meta":[],"product_brand":[],"product_cat":[302],"product_tag":[],"class_list":{"0":"post-15224","1":"product","2":"type-product","3":"status-publish","4":"has-post-thumbnail","6":"product_cat-zki-paprika-vetomagok","8":"first","9":"instock","10":"taxable","11":"shipping-taxable","12":"purchasable","13":"product-type-simple"},"_links":{"self":[{"href":"https:\/\/chilimag.hu\/webshop\/wp-json\/wp\/v2\/product\/15224","targetHints":{"allow":["GET"]}}],"collection":[{"href":"https:\/\/chilimag.hu\/webshop\/wp-json\/wp\/v2\/product"}],"about":[{"href":"https:\/\/chilimag.hu\/webshop\/wp-json\/wp\/v2\/types\/product"}],"replies":[{"embeddable":true,"href":"https:\/\/chilimag.hu\/webshop\/wp-json\/wp\/v2\/comments?post=15224"}],"wp:featuredmedia":[{"embeddable":true,"href":"https:\/\/chilimag.hu\/webshop\/wp-json\/wp\/v2\/media\/15225"}],"wp:attachment":[{"href":"https:\/\/chilimag.hu\/webshop\/wp-json\/wp\/v2\/media?parent=15224"}],"wp:term":[{"taxonomy":"product_brand","embeddable":true,"href":"https:\/\/chilimag.hu\/webshop\/wp-json\/wp\/v2\/product_brand?post=15224"},{"taxonomy":"product_cat","embeddable":true,"href":"https:\/\/chilimag.hu\/webshop\/wp-json\/wp\/v2\/product_cat?post=15224"},{"taxonomy":"product_tag","embeddable":true,"href":"https:\/\/chilimag.hu\/webshop\/wp-json\/wp\/v2\/product_tag?post=15224"}],"curies":[{"name":"wp","href":"https:\/\/api.w.org\/{rel}","templated":true}]}}