{"id":15222,"date":"2021-09-16T17:20:10","date_gmt":"2021-09-16T17:20:10","guid":{"rendered":"https:\/\/chilimag.hu\/webshop\/?post_type=product&#038;p=15222"},"modified":"2026-05-08T04:44:42","modified_gmt":"2026-05-08T04:44:42","slug":"tok-kveta-spargatok-zki-4","status":"publish","type":"product","link":"https:\/\/chilimag.hu\/webshop\/termek\/tok-kveta-spargatok-zki-4\/","title":{"rendered":"T\u00f6k Kveta sp\u00e1rgat\u00f6k ZKI 4"},"content":{"rendered":"","protected":false},"excerpt":{"rendered":"<div class=\"position_1_wrapper\">\n<table class=\"product_parameters\">\n<tbody>\n<tr class=\"product-parameter-row product-short-description-row\">\n<td class=\"param-value product-short-description\" colspan=\"2\">Korai \u00e9r\u00e9s\u0171, ind\u00e1tlan t\u00edpus\u00fa bokor<br \/>\nfajta, nem fut\u00f3. A term\u00e9sek hengeresek,<br \/>\nfeh\u00e9rek, \u00e1tlagos s\u00falyuk 1,5 kg.<br \/>\nTeny\u00e9szideje kb. 70 nap a vet\u00e9st\u0151l<br \/>\naz els\u0151 term\u00e9s be\u00e9r\u00e9s\u00e9ig. Friss piaci<br \/>\ntermeszt\u00e9sre aj\u00e1nljuk.<\/td>\n<\/tr>\n<\/tbody>\n<\/table>\n<\/div>\n<div class=\"product_cart_box\">\n<div class=\"product_cart_box_inner\">\n<form id=\"product\" action=\"https:\/\/www.vanmag.hu\/index.php?route=checkout\/cart\" enctype=\"multipart\/form-data\" method=\"post\">\n<div class=\"product_table_addtocart_wrapper\">\n<div class=\"clearfix\"><\/div>\n<\/div>\n<\/form>\n<\/div>\n<\/div>\n","protected":false},"featured_media":15223,"comment_status":"closed","ping_status":"closed","template":"","meta":[],"product_brand":[],"product_cat":[298],"product_tag":[],"class_list":{"0":"post-15222","1":"product","2":"type-product","3":"status-publish","4":"has-post-thumbnail","6":"product_cat-dinnye-es-tok-vetomagok-zki-vetomagok","8":"first","9":"instock","10":"taxable","11":"shipping-taxable","12":"purchasable","13":"product-type-simple"},"_links":{"self":[{"href":"https:\/\/chilimag.hu\/webshop\/wp-json\/wp\/v2\/product\/15222","targetHints":{"allow":["GET"]}}],"collection":[{"href":"https:\/\/chilimag.hu\/webshop\/wp-json\/wp\/v2\/product"}],"about":[{"href":"https:\/\/chilimag.hu\/webshop\/wp-json\/wp\/v2\/types\/product"}],"replies":[{"embeddable":true,"href":"https:\/\/chilimag.hu\/webshop\/wp-json\/wp\/v2\/comments?post=15222"}],"wp:featuredmedia":[{"embeddable":true,"href":"https:\/\/chilimag.hu\/webshop\/wp-json\/wp\/v2\/media\/15223"}],"wp:attachment":[{"href":"https:\/\/chilimag.hu\/webshop\/wp-json\/wp\/v2\/media?parent=15222"}],"wp:term":[{"taxonomy":"product_brand","embeddable":true,"href":"https:\/\/chilimag.hu\/webshop\/wp-json\/wp\/v2\/product_brand?post=15222"},{"taxonomy":"product_cat","embeddable":true,"href":"https:\/\/chilimag.hu\/webshop\/wp-json\/wp\/v2\/product_cat?post=15222"},{"taxonomy":"product_tag","embeddable":true,"href":"https:\/\/chilimag.hu\/webshop\/wp-json\/wp\/v2\/product_tag?post=15222"}],"curies":[{"name":"wp","href":"https:\/\/api.w.org\/{rel}","templated":true}]}}