{"id":15125,"date":"2021-08-13T17:17:35","date_gmt":"2021-08-13T17:17:35","guid":{"rendered":"https:\/\/chilimag.hu\/webshop\/?post_type=product&#038;p=15125"},"modified":"2026-03-25T11:36:42","modified_gmt":"2026-03-25T11:36:42","slug":"fitohorm-foszfor-1-l","status":"publish","type":"product","link":"https:\/\/chilimag.hu\/webshop\/termek\/fitohorm-foszfor-1-l\/","title":{"rendered":"Fitohorm Foszfor 30P 1 l"},"content":{"rendered":"","protected":false},"excerpt":{"rendered":"<h6 class=\"lead\"><em>A foszfornak szerepe van a n\u00f6v\u00e9ny energiaforgalm\u00e1ban, a gy\u00f6k\u00e9rfejl\u0151d\u00e9sben, a vir\u00e1gz\u00e1sban \u00e9s a magk\u00e9pz\u0151d\u00e9sben.Az alacsony h\u0151m\u00e9rs\u00e9klet er\u0151s\u00edti a foszfor-hi\u00e1ny jelentkez\u00e9s\u00e9t.<\/em><\/h6>\n<p>A n\u00f6v\u00e9nyben j\u00f3l mobiliz\u00e1l\u00f3d\u00f3, mozg\u00e9kony elem, a vir\u00e1gz\u00e1st k\u00f6vet\u0151 megterm\u00e9keny\u00edt\u00e9s ut\u00e1n a term\u00e9sbe ir\u00e1nyul. Hi\u00e1ny\u00e1ban korl\u00e1tozott a gy\u00f6k\u00e9rzet fejl\u0151d\u00e9se (cs\u00f6kkent m\u00e9rt\u00e9k\u0171 t\u00e1panyagfelv\u00e9tel), kev\u00e9sb\u00e9 el\u00e1gaz\u00f3, gyenge hajt\u00e1sok fejl\u0151dnek, s\u00falyos esetben a n\u00f6v\u00e9ny felkopaszodhat. Az als\u00f3 lev\u00e9lfon\u00e1k s\u00f6t\u00e9tz\u00f6ld, k\u00e9kesz\u00f6ld, k\u00e9s\u0151bb v\u00f6r\u00f6s sz\u00edn\u0171. Gyenge a vir\u00e1gz\u00e1s, rossz a k\u00f6t\u00f6d\u00e9s, gyakori lehet a term\u00e9s elr\u00fag\u00e1sa is. A n\u00f6v\u00e9nyek foszforell\u00e1t\u00e1s\u00e1nak biztos\u00edt\u00e1s\u00e1ra megfelel\u0151 megold\u00e1st ny\u00fajt a FitoHorm 30 P, amely lombon kereszt\u00fcl, n\u00f6v\u00e9nyv\u00e9delemmel egy\u00fctt kijuttathat\u00f3 oldatm\u0171tr\u00e1gya.<\/p>\n","protected":false},"featured_media":15126,"comment_status":"closed","ping_status":"closed","template":"","meta":[],"product_brand":[],"product_cat":[389],"product_tag":[],"class_list":{"0":"post-15125","1":"product","2":"type-product","3":"status-publish","4":"has-post-thumbnail","6":"product_cat-fitohorm","8":"first","9":"instock","10":"taxable","11":"shipping-taxable","12":"purchasable","13":"product-type-simple"},"_links":{"self":[{"href":"https:\/\/chilimag.hu\/webshop\/wp-json\/wp\/v2\/product\/15125","targetHints":{"allow":["GET"]}}],"collection":[{"href":"https:\/\/chilimag.hu\/webshop\/wp-json\/wp\/v2\/product"}],"about":[{"href":"https:\/\/chilimag.hu\/webshop\/wp-json\/wp\/v2\/types\/product"}],"replies":[{"embeddable":true,"href":"https:\/\/chilimag.hu\/webshop\/wp-json\/wp\/v2\/comments?post=15125"}],"wp:featuredmedia":[{"embeddable":true,"href":"https:\/\/chilimag.hu\/webshop\/wp-json\/wp\/v2\/media\/15126"}],"wp:attachment":[{"href":"https:\/\/chilimag.hu\/webshop\/wp-json\/wp\/v2\/media?parent=15125"}],"wp:term":[{"taxonomy":"product_brand","embeddable":true,"href":"https:\/\/chilimag.hu\/webshop\/wp-json\/wp\/v2\/product_brand?post=15125"},{"taxonomy":"product_cat","embeddable":true,"href":"https:\/\/chilimag.hu\/webshop\/wp-json\/wp\/v2\/product_cat?post=15125"},{"taxonomy":"product_tag","embeddable":true,"href":"https:\/\/chilimag.hu\/webshop\/wp-json\/wp\/v2\/product_tag?post=15125"}],"curies":[{"name":"wp","href":"https:\/\/api.w.org\/{rel}","templated":true}]}}