{"id":15109,"date":"2021-08-13T14:12:21","date_gmt":"2021-08-13T14:12:21","guid":{"rendered":"https:\/\/chilimag.hu\/webshop\/?post_type=product&#038;p=15109"},"modified":"2026-02-08T17:47:08","modified_gmt":"2026-02-08T17:47:08","slug":"uborka-ritmo-f1-zki-1","status":"publish","type":"product","link":"https:\/\/chilimag.hu\/webshop\/termek\/uborka-ritmo-f1-zki-1\/","title":{"rendered":"Uborka Ritmo F1 ZKI 1"},"content":{"rendered":"","protected":false},"excerpt":{"rendered":"<p>\u00dcvegh\u00e1zi \u00e9s f\u0171t\u00f6tt f\u00f3li\u00e1s hajtat\u00e1sra al- kalmas. Tiszta<br \/>\nn\u0151vir\u00e1g\u00fa partenokarp uborka, megporz\u00e1s n\u00e9lk\u00fcl is<br \/>\nterm\u00e9s k\u00e9pz\u0151dik rajta. Korai, r\u00f6vid teny\u00e9szidej\u0171,<br \/>\nk\u00f6z\u00e9per\u0151s n\u00f6veked\u00e9s\u0171, nagy term\u0151k\u00e9pess\u00e9g\u0171,<br \/>\nkesered\u00e9smentes k\u00edgy\u00f3uborka. Term\u00e9se s\u00f6t\u00e9tz\u00f6ld,<br \/>\nr\u00f6vid nyak\u00fa, enyh\u00e9n bord\u00e1zott, 32-35 cm hossz\u00fa.<br \/>\nM\u00e9zg\u00e1s varasod\u00e1snak ellen\u00e1ll.<\/p>\n","protected":false},"featured_media":15110,"comment_status":"closed","ping_status":"closed","template":"","meta":[],"product_brand":[],"product_cat":[306],"product_tag":[],"class_list":{"0":"post-15109","1":"product","2":"type-product","3":"status-publish","4":"has-post-thumbnail","6":"product_cat-zki-uborka-es-padlizsan-vetomagok","8":"first","9":"instock","10":"taxable","11":"shipping-taxable","12":"purchasable","13":"product-type-simple"},"_links":{"self":[{"href":"https:\/\/chilimag.hu\/webshop\/wp-json\/wp\/v2\/product\/15109","targetHints":{"allow":["GET"]}}],"collection":[{"href":"https:\/\/chilimag.hu\/webshop\/wp-json\/wp\/v2\/product"}],"about":[{"href":"https:\/\/chilimag.hu\/webshop\/wp-json\/wp\/v2\/types\/product"}],"replies":[{"embeddable":true,"href":"https:\/\/chilimag.hu\/webshop\/wp-json\/wp\/v2\/comments?post=15109"}],"wp:featuredmedia":[{"embeddable":true,"href":"https:\/\/chilimag.hu\/webshop\/wp-json\/wp\/v2\/media\/15110"}],"wp:attachment":[{"href":"https:\/\/chilimag.hu\/webshop\/wp-json\/wp\/v2\/media?parent=15109"}],"wp:term":[{"taxonomy":"product_brand","embeddable":true,"href":"https:\/\/chilimag.hu\/webshop\/wp-json\/wp\/v2\/product_brand?post=15109"},{"taxonomy":"product_cat","embeddable":true,"href":"https:\/\/chilimag.hu\/webshop\/wp-json\/wp\/v2\/product_cat?post=15109"},{"taxonomy":"product_tag","embeddable":true,"href":"https:\/\/chilimag.hu\/webshop\/wp-json\/wp\/v2\/product_tag?post=15109"}],"curies":[{"name":"wp","href":"https:\/\/api.w.org\/{rel}","templated":true}]}}