{"id":15107,"date":"2021-08-13T14:09:54","date_gmt":"2021-08-13T14:09:54","guid":{"rendered":"https:\/\/chilimag.hu\/webshop\/?post_type=product&#038;p=15107"},"modified":"2026-03-01T17:54:19","modified_gmt":"2026-03-01T17:54:19","slug":"uborka-perez-f1-zki-2","status":"publish","type":"product","link":"https:\/\/chilimag.hu\/webshop\/termek\/uborka-perez-f1-zki-2\/","title":{"rendered":"Uborka Perez F1 ZKI 2"},"content":{"rendered":"","protected":false},"excerpt":{"rendered":"<p>N\u00f6veked\u00e9se er\u0151teljes, s\u00f6t\u00e9tz\u00f6ld lomb\u00fa, egyenletes<br \/>\n\u00e9r\u00e9slefoly\u00e1s\u00fa. T\u00falnyom\u00f3an n\u0151vir\u00e1g\u00fa konzervuborka<br \/>\nhibrid. Term\u00e9se s\u00f6t\u00e9tz\u00f6ld, finom t\u00fcsk\u00e9s,<br \/>\nkarcs\u00fa, ke sered\u00e9smentes. Peronoszp\u00f3r\u00e1val \u00e9s<br \/>\nlisztharmattal szemben az egyik legellen\u00e1ll\u00f3bb<br \/>\nhibrid. S\u00edkm\u0171vel\u00e9sre \u00e9s t\u00e1mrendszeres termeszt\u00e9sre<br \/>\negyar\u00e1nt alkalmas.<\/p>\n","protected":false},"featured_media":15108,"comment_status":"closed","ping_status":"closed","template":"","meta":[],"product_brand":[],"product_cat":[306],"product_tag":[],"class_list":{"0":"post-15107","1":"product","2":"type-product","3":"status-publish","4":"has-post-thumbnail","6":"product_cat-zki-uborka-es-padlizsan-vetomagok","8":"first","9":"instock","10":"taxable","11":"shipping-taxable","12":"purchasable","13":"product-type-simple"},"_links":{"self":[{"href":"https:\/\/chilimag.hu\/webshop\/wp-json\/wp\/v2\/product\/15107","targetHints":{"allow":["GET"]}}],"collection":[{"href":"https:\/\/chilimag.hu\/webshop\/wp-json\/wp\/v2\/product"}],"about":[{"href":"https:\/\/chilimag.hu\/webshop\/wp-json\/wp\/v2\/types\/product"}],"replies":[{"embeddable":true,"href":"https:\/\/chilimag.hu\/webshop\/wp-json\/wp\/v2\/comments?post=15107"}],"wp:featuredmedia":[{"embeddable":true,"href":"https:\/\/chilimag.hu\/webshop\/wp-json\/wp\/v2\/media\/15108"}],"wp:attachment":[{"href":"https:\/\/chilimag.hu\/webshop\/wp-json\/wp\/v2\/media?parent=15107"}],"wp:term":[{"taxonomy":"product_brand","embeddable":true,"href":"https:\/\/chilimag.hu\/webshop\/wp-json\/wp\/v2\/product_brand?post=15107"},{"taxonomy":"product_cat","embeddable":true,"href":"https:\/\/chilimag.hu\/webshop\/wp-json\/wp\/v2\/product_cat?post=15107"},{"taxonomy":"product_tag","embeddable":true,"href":"https:\/\/chilimag.hu\/webshop\/wp-json\/wp\/v2\/product_tag?post=15107"}],"curies":[{"name":"wp","href":"https:\/\/api.w.org\/{rel}","templated":true}]}}