{"id":15105,"date":"2021-08-13T14:05:06","date_gmt":"2021-08-13T14:05:06","guid":{"rendered":"https:\/\/chilimag.hu\/webshop\/?post_type=product&#038;p=15105"},"modified":"2026-02-08T17:47:08","modified_gmt":"2026-02-08T17:47:08","slug":"uborka-mohikan-f1-zki-2","status":"publish","type":"product","link":"https:\/\/chilimag.hu\/webshop\/termek\/uborka-mohikan-f1-zki-2\/","title":{"rendered":"Uborka Mohik\u00e1n F1 ZKI 2"},"content":{"rendered":"","protected":false},"excerpt":{"rendered":"<p>K\u00f6z\u00e9pkorai \u00e9r\u00e9s\u0171, egyenletes \u00e9r\u00e9slefut\u00e1s\u00fa, konzervuborka<br \/>\nhibrid. T\u00falnyom\u00f3r\u00e9szt n\u0151vir\u00e1g\u00fa. Lombja<br \/>\nk\u00f6z\u00e9pz\u00f6ld, n\u00f6veked\u00e9se k\u00f6z\u00e9per\u0151s. Kifejezetten<br \/>\napr\u00f3 m\u00e9ret ben val\u00f3 szed\u00e9sre aj\u00e1nljuk. Peronoszp\u00f3r\u00e1val<br \/>\n\u00e9s lisztharmattal szem- ben az egyik<br \/>\nlegellen\u00e1ll\u00f3bb hibrid.<\/p>\n","protected":false},"featured_media":15106,"comment_status":"closed","ping_status":"closed","template":"","meta":[],"product_brand":[],"product_cat":[306],"product_tag":[],"class_list":{"0":"post-15105","1":"product","2":"type-product","3":"status-publish","4":"has-post-thumbnail","6":"product_cat-zki-uborka-es-padlizsan-vetomagok","8":"first","9":"instock","10":"taxable","11":"shipping-taxable","12":"purchasable","13":"product-type-simple"},"_links":{"self":[{"href":"https:\/\/chilimag.hu\/webshop\/wp-json\/wp\/v2\/product\/15105","targetHints":{"allow":["GET"]}}],"collection":[{"href":"https:\/\/chilimag.hu\/webshop\/wp-json\/wp\/v2\/product"}],"about":[{"href":"https:\/\/chilimag.hu\/webshop\/wp-json\/wp\/v2\/types\/product"}],"replies":[{"embeddable":true,"href":"https:\/\/chilimag.hu\/webshop\/wp-json\/wp\/v2\/comments?post=15105"}],"wp:featuredmedia":[{"embeddable":true,"href":"https:\/\/chilimag.hu\/webshop\/wp-json\/wp\/v2\/media\/15106"}],"wp:attachment":[{"href":"https:\/\/chilimag.hu\/webshop\/wp-json\/wp\/v2\/media?parent=15105"}],"wp:term":[{"taxonomy":"product_brand","embeddable":true,"href":"https:\/\/chilimag.hu\/webshop\/wp-json\/wp\/v2\/product_brand?post=15105"},{"taxonomy":"product_cat","embeddable":true,"href":"https:\/\/chilimag.hu\/webshop\/wp-json\/wp\/v2\/product_cat?post=15105"},{"taxonomy":"product_tag","embeddable":true,"href":"https:\/\/chilimag.hu\/webshop\/wp-json\/wp\/v2\/product_tag?post=15105"}],"curies":[{"name":"wp","href":"https:\/\/api.w.org\/{rel}","templated":true}]}}