{"id":15103,"date":"2021-08-13T14:01:55","date_gmt":"2021-08-13T14:01:55","guid":{"rendered":"https:\/\/chilimag.hu\/webshop\/?post_type=product&#038;p=15103"},"modified":"2026-03-12T07:01:08","modified_gmt":"2026-03-12T07:01:08","slug":"uborka-kecskemeti-keseredes-mentes-zki-4","status":"publish","type":"product","link":"https:\/\/chilimag.hu\/webshop\/termek\/uborka-kecskemeti-keseredes-mentes-zki-4\/","title":{"rendered":"Uborka Kecskem\u00e9ti kesered\u00e9s mentes ZKI 4"},"content":{"rendered":"","protected":false},"excerpt":{"rendered":"<p>Korai, gyors \u00e9r\u00e9slefoly\u00e1s\u00fa, f\u0151- \u00e9s m\u00e1sod- vet\u00e9sre<br \/>\nis alkalmas. Genetikailag kesered\u00e9smentes, tiszta<br \/>\nn\u0151vir\u00e1g\u00fa. Term\u00e9se k\u00f6z\u00e9pz\u00f6ld, hengeres, apr\u00f3<br \/>\nszem\u00f6lcs\u00f6kkel, k\u00f6z\u00e9per\u0151s n\u00f6veked\u00e9s\u0171. M\u00e9zg\u00e1s<br \/>\nvarasod\u00e1sra ellen\u00e1ll\u00f3, uborka mozaik v\u00edrusra \u00e9s<br \/>\nlisztharmatra toler\u00e1ns.2<\/p>\n","protected":false},"featured_media":15104,"comment_status":"closed","ping_status":"closed","template":"","meta":[],"product_brand":[],"product_cat":[306],"product_tag":[],"class_list":{"0":"post-15103","1":"product","2":"type-product","3":"status-publish","4":"has-post-thumbnail","6":"product_cat-zki-uborka-es-padlizsan-vetomagok","8":"first","9":"instock","10":"taxable","11":"shipping-taxable","12":"purchasable","13":"product-type-simple"},"_links":{"self":[{"href":"https:\/\/chilimag.hu\/webshop\/wp-json\/wp\/v2\/product\/15103","targetHints":{"allow":["GET"]}}],"collection":[{"href":"https:\/\/chilimag.hu\/webshop\/wp-json\/wp\/v2\/product"}],"about":[{"href":"https:\/\/chilimag.hu\/webshop\/wp-json\/wp\/v2\/types\/product"}],"replies":[{"embeddable":true,"href":"https:\/\/chilimag.hu\/webshop\/wp-json\/wp\/v2\/comments?post=15103"}],"wp:featuredmedia":[{"embeddable":true,"href":"https:\/\/chilimag.hu\/webshop\/wp-json\/wp\/v2\/media\/15104"}],"wp:attachment":[{"href":"https:\/\/chilimag.hu\/webshop\/wp-json\/wp\/v2\/media?parent=15103"}],"wp:term":[{"taxonomy":"product_brand","embeddable":true,"href":"https:\/\/chilimag.hu\/webshop\/wp-json\/wp\/v2\/product_brand?post=15103"},{"taxonomy":"product_cat","embeddable":true,"href":"https:\/\/chilimag.hu\/webshop\/wp-json\/wp\/v2\/product_cat?post=15103"},{"taxonomy":"product_tag","embeddable":true,"href":"https:\/\/chilimag.hu\/webshop\/wp-json\/wp\/v2\/product_tag?post=15103"}],"curies":[{"name":"wp","href":"https:\/\/api.w.org\/{rel}","templated":true}]}}