{"id":15097,"date":"2021-08-13T13:55:40","date_gmt":"2021-08-13T13:55:40","guid":{"rendered":"https:\/\/chilimag.hu\/webshop\/?post_type=product&#038;p=15097"},"modified":"2026-02-12T06:20:36","modified_gmt":"2026-02-12T06:20:36","slug":"padlizsan-kecskemeti-lila-zki-4","status":"publish","type":"product","link":"https:\/\/chilimag.hu\/webshop\/termek\/padlizsan-kecskemeti-lila-zki-4\/","title":{"rendered":"Padlizs\u00e1n Kecskem\u00e9ti lila ZKI 4"},"content":{"rendered":"","protected":false},"excerpt":{"rendered":"<p>F\u00f3lia alatti termeszt\u00e9sre javasolt, de szabadf\u00f6ld\u00f6n<br \/>\nis eredm\u00e9nyesen termeszthet\u0151 fajta. K\u00f6z\u00e9pkorai<br \/>\n\u00e9r\u00e9s\u0171. Az els\u0151 term\u00e9sek a vet\u00e9st\u0151l sz\u00e1m\u00edtva 130-<br \/>\n135 napra szedhet\u0151k. A n\u00f6v\u00e9ny s\u0171r\u0171, z\u00e1rt bokrot<br \/>\nk\u00e9pez. H\u00fasa hal- v\u00e1ny kr\u00e9msz\u00edn\u0171. Friss fogyaszt\u00e1sra<br \/>\n\u00e9s konzervipari c\u00e9lra alkalmas.<\/p>\n","protected":false},"featured_media":15098,"comment_status":"closed","ping_status":"closed","template":"","meta":[],"product_brand":[],"product_cat":[306],"product_tag":[],"class_list":{"0":"post-15097","1":"product","2":"type-product","3":"status-publish","4":"has-post-thumbnail","6":"product_cat-zki-uborka-es-padlizsan-vetomagok","8":"first","9":"instock","10":"taxable","11":"shipping-taxable","12":"purchasable","13":"product-type-simple"},"_links":{"self":[{"href":"https:\/\/chilimag.hu\/webshop\/wp-json\/wp\/v2\/product\/15097","targetHints":{"allow":["GET"]}}],"collection":[{"href":"https:\/\/chilimag.hu\/webshop\/wp-json\/wp\/v2\/product"}],"about":[{"href":"https:\/\/chilimag.hu\/webshop\/wp-json\/wp\/v2\/types\/product"}],"replies":[{"embeddable":true,"href":"https:\/\/chilimag.hu\/webshop\/wp-json\/wp\/v2\/comments?post=15097"}],"wp:featuredmedia":[{"embeddable":true,"href":"https:\/\/chilimag.hu\/webshop\/wp-json\/wp\/v2\/media\/15098"}],"wp:attachment":[{"href":"https:\/\/chilimag.hu\/webshop\/wp-json\/wp\/v2\/media?parent=15097"}],"wp:term":[{"taxonomy":"product_brand","embeddable":true,"href":"https:\/\/chilimag.hu\/webshop\/wp-json\/wp\/v2\/product_brand?post=15097"},{"taxonomy":"product_cat","embeddable":true,"href":"https:\/\/chilimag.hu\/webshop\/wp-json\/wp\/v2\/product_cat?post=15097"},{"taxonomy":"product_tag","embeddable":true,"href":"https:\/\/chilimag.hu\/webshop\/wp-json\/wp\/v2\/product_tag?post=15097"}],"curies":[{"name":"wp","href":"https:\/\/api.w.org\/{rel}","templated":true}]}}