{"id":15080,"date":"2021-08-08T19:06:40","date_gmt":"2021-08-08T19:06:40","guid":{"rendered":"https:\/\/chilimag.hu\/webshop\/?post_type=product&#038;p=15080"},"modified":"2026-03-14T18:45:37","modified_gmt":"2026-03-14T18:45:37","slug":"sutotok-nagydobosi-zki-4","status":"publish","type":"product","link":"https:\/\/chilimag.hu\/webshop\/termek\/sutotok-nagydobosi-zki-4\/","title":{"rendered":"S\u00fct\u0151t\u00f6k Nagydobosi ZKI 4"},"content":{"rendered":"","protected":false},"excerpt":{"rendered":"<p>Szabadf\u00f6ldi termeszt\u00e9sre alkalmas,<br \/>\ner\u0151s hajt\u00e1srendszert fejleszt\u0151 tradicion\u00e1lis<br \/>\nfajta. Term\u00e9se lap\u00edtott g\u00f6mb, a<br \/>\nh\u00e9j vil\u00e1gossz\u00fcrke, a h\u00fas narancss\u00e1rga.<br \/>\nEgy-egy term\u00e9s \u00e1tlagt\u00f6mege 4-8<br \/>\nkg. T\u00e1rol\u00e1sra \u00e9s tart\u00f3s\u00edt\u00f3ipari felhaszn\u00e1l\u00e1sra<br \/>\nalkalmas fajta.<\/p>\n","protected":false},"featured_media":15081,"comment_status":"closed","ping_status":"closed","template":"","meta":[],"product_brand":[],"product_cat":[298],"product_tag":[],"class_list":{"0":"post-15080","1":"product","2":"type-product","3":"status-publish","4":"has-post-thumbnail","6":"product_cat-dinnye-es-tok-vetomagok-zki-vetomagok","8":"first","9":"instock","10":"taxable","11":"shipping-taxable","12":"purchasable","13":"product-type-simple"},"_links":{"self":[{"href":"https:\/\/chilimag.hu\/webshop\/wp-json\/wp\/v2\/product\/15080","targetHints":{"allow":["GET"]}}],"collection":[{"href":"https:\/\/chilimag.hu\/webshop\/wp-json\/wp\/v2\/product"}],"about":[{"href":"https:\/\/chilimag.hu\/webshop\/wp-json\/wp\/v2\/types\/product"}],"replies":[{"embeddable":true,"href":"https:\/\/chilimag.hu\/webshop\/wp-json\/wp\/v2\/comments?post=15080"}],"wp:featuredmedia":[{"embeddable":true,"href":"https:\/\/chilimag.hu\/webshop\/wp-json\/wp\/v2\/media\/15081"}],"wp:attachment":[{"href":"https:\/\/chilimag.hu\/webshop\/wp-json\/wp\/v2\/media?parent=15080"}],"wp:term":[{"taxonomy":"product_brand","embeddable":true,"href":"https:\/\/chilimag.hu\/webshop\/wp-json\/wp\/v2\/product_brand?post=15080"},{"taxonomy":"product_cat","embeddable":true,"href":"https:\/\/chilimag.hu\/webshop\/wp-json\/wp\/v2\/product_cat?post=15080"},{"taxonomy":"product_tag","embeddable":true,"href":"https:\/\/chilimag.hu\/webshop\/wp-json\/wp\/v2\/product_tag?post=15080"}],"curies":[{"name":"wp","href":"https:\/\/api.w.org\/{rel}","templated":true}]}}