{"id":15062,"date":"2021-08-08T18:41:43","date_gmt":"2021-08-08T18:41:43","guid":{"rendered":"https:\/\/chilimag.hu\/webshop\/?post_type=product&#038;p=15062"},"modified":"2026-01-03T07:32:24","modified_gmt":"2026-01-03T07:32:24","slug":"sargadinnye-topaz-zki-2","status":"publish","type":"product","link":"https:\/\/chilimag.hu\/webshop\/termek\/sargadinnye-topaz-zki-2\/","title":{"rendered":"S\u00e1rgadinnye Top\u00e1z ZKI 2"},"content":{"rendered":"","protected":false},"excerpt":{"rendered":"<p>Igen korai \u00e9r\u00e9s\u0171, turkeszt\u00e1n t\u00edpus\u00fa dinnye. Term\u00e9se g\u00f6mb\u00f6ly\u0171, felsz\u00edne er\u0151sen cseres. H\u00e9ja \u00e9retlen\u00fcl z\u00f6ld, meg\u00e9rve s\u00e1rga. \u00c1tlagos t\u00f6mege 1,2-1,5 kg. H\u00fasa z\u00f6l desfeh\u00e9r sz\u00edn\u0171, vastag, \u00e9des,<br \/>\nl\u00e9d\u00fas. Mag\u00fcrege kicsi. Hagyom\u00e1nyos szabadf\u00f6ldi termeszt\u00e9s mellett f\u00f3li\u00e1s talajtakar\u00e1ssal \u00e9s hajtat\u00e1sban is kiv\u00e1l\u00f3.<\/p>\n","protected":false},"featured_media":15063,"comment_status":"closed","ping_status":"closed","template":"","meta":[],"product_brand":[],"product_cat":[298],"product_tag":[],"class_list":{"0":"post-15062","1":"product","2":"type-product","3":"status-publish","4":"has-post-thumbnail","6":"product_cat-dinnye-es-tok-vetomagok-zki-vetomagok","8":"first","9":"instock","10":"taxable","11":"shipping-taxable","12":"purchasable","13":"product-type-simple"},"_links":{"self":[{"href":"https:\/\/chilimag.hu\/webshop\/wp-json\/wp\/v2\/product\/15062","targetHints":{"allow":["GET"]}}],"collection":[{"href":"https:\/\/chilimag.hu\/webshop\/wp-json\/wp\/v2\/product"}],"about":[{"href":"https:\/\/chilimag.hu\/webshop\/wp-json\/wp\/v2\/types\/product"}],"replies":[{"embeddable":true,"href":"https:\/\/chilimag.hu\/webshop\/wp-json\/wp\/v2\/comments?post=15062"}],"wp:featuredmedia":[{"embeddable":true,"href":"https:\/\/chilimag.hu\/webshop\/wp-json\/wp\/v2\/media\/15063"}],"wp:attachment":[{"href":"https:\/\/chilimag.hu\/webshop\/wp-json\/wp\/v2\/media?parent=15062"}],"wp:term":[{"taxonomy":"product_brand","embeddable":true,"href":"https:\/\/chilimag.hu\/webshop\/wp-json\/wp\/v2\/product_brand?post=15062"},{"taxonomy":"product_cat","embeddable":true,"href":"https:\/\/chilimag.hu\/webshop\/wp-json\/wp\/v2\/product_cat?post=15062"},{"taxonomy":"product_tag","embeddable":true,"href":"https:\/\/chilimag.hu\/webshop\/wp-json\/wp\/v2\/product_tag?post=15062"}],"curies":[{"name":"wp","href":"https:\/\/api.w.org\/{rel}","templated":true}]}}