{"id":15007,"date":"2021-08-07T18:06:52","date_gmt":"2021-08-07T18:06:52","guid":{"rendered":"https:\/\/chilimag.hu\/webshop\/?post_type=product&#038;p=15007"},"modified":"2026-03-14T18:32:45","modified_gmt":"2026-03-14T18:32:45","slug":"paradicsom-zomok-zki-4","status":"publish","type":"product","link":"https:\/\/chilimag.hu\/webshop\/termek\/paradicsom-zomok-zki-4\/","title":{"rendered":"Paradicsom Z\u00f6m\u00f6k ZKI 4"},"content":{"rendered":"","protected":false},"excerpt":{"rendered":"<div class=\"position_1_wrapper\">\n<table class=\"product_parameters\">\n<tbody>\n<tr class=\"product-parameter-row product-short-description-row\">\n<td class=\"param-value product-short-description\" colspan=\"2\">Els\u0151sorban h\u00e1zikerti termeszt\u00e9sre aj\u00e1nlott sal\u00e1taparadicsom.<br \/>\nDetermin\u00e1lt n\u00f6veked\u00e9s\u0171. Igen j\u00f3l k\u00f6t\u0151d\u0151,<br \/>\nkorai \u00e9r\u00e9s\u0171. A kem\u00e9ny bogy\u00f3k rothad\u00e1snak<br \/>\nellen\u00e1llnak, sok\u00e1ig a sz\u00e1ron tarthat\u00f3k, reped\u00e9sre<br \/>\nnem hajlamosak. Fuz\u00e1riumos t\u0151hervad\u00e1snak ellen\u00e1ll.<\/td>\n<\/tr>\n<\/tbody>\n<\/table>\n<\/div>\n<div class=\"product_cart_box\">\n<div class=\"product_cart_box_inner\">\n<form id=\"product\" action=\"https:\/\/www.vanmag.hu\/index.php?route=checkout\/cart\" enctype=\"multipart\/form-data\" method=\"post\">\n<div class=\"product_table_addtocart_wrapper\">\n<div class=\"clearfix\"><\/div>\n<\/div>\n<\/form>\n<\/div>\n<\/div>\n","protected":false},"featured_media":15008,"comment_status":"closed","ping_status":"closed","template":"","meta":[],"product_brand":[],"product_cat":[303],"product_tag":[],"class_list":{"0":"post-15007","1":"product","2":"type-product","3":"status-publish","4":"has-post-thumbnail","6":"product_cat-zki-paradicsom-vetomagok","8":"first","9":"instock","10":"taxable","11":"shipping-taxable","12":"purchasable","13":"product-type-simple"},"_links":{"self":[{"href":"https:\/\/chilimag.hu\/webshop\/wp-json\/wp\/v2\/product\/15007","targetHints":{"allow":["GET"]}}],"collection":[{"href":"https:\/\/chilimag.hu\/webshop\/wp-json\/wp\/v2\/product"}],"about":[{"href":"https:\/\/chilimag.hu\/webshop\/wp-json\/wp\/v2\/types\/product"}],"replies":[{"embeddable":true,"href":"https:\/\/chilimag.hu\/webshop\/wp-json\/wp\/v2\/comments?post=15007"}],"wp:featuredmedia":[{"embeddable":true,"href":"https:\/\/chilimag.hu\/webshop\/wp-json\/wp\/v2\/media\/15008"}],"wp:attachment":[{"href":"https:\/\/chilimag.hu\/webshop\/wp-json\/wp\/v2\/media?parent=15007"}],"wp:term":[{"taxonomy":"product_brand","embeddable":true,"href":"https:\/\/chilimag.hu\/webshop\/wp-json\/wp\/v2\/product_brand?post=15007"},{"taxonomy":"product_cat","embeddable":true,"href":"https:\/\/chilimag.hu\/webshop\/wp-json\/wp\/v2\/product_cat?post=15007"},{"taxonomy":"product_tag","embeddable":true,"href":"https:\/\/chilimag.hu\/webshop\/wp-json\/wp\/v2\/product_tag?post=15007"}],"curies":[{"name":"wp","href":"https:\/\/api.w.org\/{rel}","templated":true}]}}