{"id":15001,"date":"2021-08-07T18:00:19","date_gmt":"2021-08-07T18:00:19","guid":{"rendered":"https:\/\/chilimag.hu\/webshop\/?post_type=product&#038;p=15001"},"modified":"2026-03-14T18:32:28","modified_gmt":"2026-03-14T18:32:28","slug":"paradicsom-mobil-zki-4","status":"publish","type":"product","link":"https:\/\/chilimag.hu\/webshop\/termek\/paradicsom-mobil-zki-4\/","title":{"rendered":"Paradicsom Mobil ZKI 4"},"content":{"rendered":"","protected":false},"excerpt":{"rendered":"<div class=\"position_1_wrapper\">\n<table class=\"product_parameters\">\n<tbody>\n<tr class=\"product-parameter-row product-short-description-row\">\n<td class=\"param-value product-short-description\" colspan=\"2\">K\u00f6z\u00e9pk\u00e9s\u0151i teny\u00e9szidej\u0171 szabadf\u00f6ldi fajta. Determin\u00e1lt<br \/>\nn\u00f6veked\u00e9s\u0171, er\u0151teljes lombozat\u00fa. Bogy\u00f3i<br \/>\n120-140 g t\u00f6meg\u0171ek. Frisspiaci, h\u00e1zikerti termeszt\u00e9sre<br \/>\n\u00e9s s\u0171r\u00edtm\u00e9ny gy\u00e1rt\u00e1sra egyar\u00e1nt alkalmas.<br \/>\nVerticilliumos \u00e9s fuz\u00e1riumos t\u0151hervad\u00e1snak ellen\u00e1ll.<\/td>\n<\/tr>\n<\/tbody>\n<\/table>\n<\/div>\n<div class=\"product_cart_box\">\n<div class=\"product_cart_box_inner\">\n<form id=\"product\" action=\"https:\/\/www.vanmag.hu\/index.php?route=checkout\/cart\" enctype=\"multipart\/form-data\" method=\"post\">\n<div class=\"product_table_addtocart_wrapper\">\n<div class=\"clearfix\"><\/div>\n<\/div>\n<\/form>\n<\/div>\n<\/div>\n","protected":false},"featured_media":15002,"comment_status":"closed","ping_status":"closed","template":"","meta":[],"product_brand":[],"product_cat":[303],"product_tag":[],"class_list":{"0":"post-15001","1":"product","2":"type-product","3":"status-publish","4":"has-post-thumbnail","6":"product_cat-zki-paradicsom-vetomagok","8":"first","9":"instock","10":"taxable","11":"shipping-taxable","12":"purchasable","13":"product-type-simple"},"_links":{"self":[{"href":"https:\/\/chilimag.hu\/webshop\/wp-json\/wp\/v2\/product\/15001","targetHints":{"allow":["GET"]}}],"collection":[{"href":"https:\/\/chilimag.hu\/webshop\/wp-json\/wp\/v2\/product"}],"about":[{"href":"https:\/\/chilimag.hu\/webshop\/wp-json\/wp\/v2\/types\/product"}],"replies":[{"embeddable":true,"href":"https:\/\/chilimag.hu\/webshop\/wp-json\/wp\/v2\/comments?post=15001"}],"wp:featuredmedia":[{"embeddable":true,"href":"https:\/\/chilimag.hu\/webshop\/wp-json\/wp\/v2\/media\/15002"}],"wp:attachment":[{"href":"https:\/\/chilimag.hu\/webshop\/wp-json\/wp\/v2\/media?parent=15001"}],"wp:term":[{"taxonomy":"product_brand","embeddable":true,"href":"https:\/\/chilimag.hu\/webshop\/wp-json\/wp\/v2\/product_brand?post=15001"},{"taxonomy":"product_cat","embeddable":true,"href":"https:\/\/chilimag.hu\/webshop\/wp-json\/wp\/v2\/product_cat?post=15001"},{"taxonomy":"product_tag","embeddable":true,"href":"https:\/\/chilimag.hu\/webshop\/wp-json\/wp\/v2\/product_tag?post=15001"}],"curies":[{"name":"wp","href":"https:\/\/api.w.org\/{rel}","templated":true}]}}