{"id":14999,"date":"2021-08-07T17:58:19","date_gmt":"2021-08-07T17:58:19","guid":{"rendered":"https:\/\/chilimag.hu\/webshop\/?post_type=product&#038;p=14999"},"modified":"2026-03-31T13:37:24","modified_gmt":"2026-03-31T13:37:24","slug":"paradicsom-lugas-f1-zki-2","status":"publish","type":"product","link":"https:\/\/chilimag.hu\/webshop\/termek\/paradicsom-lugas-f1-zki-2\/","title":{"rendered":"Paradicsom Lugas F1 ZKI 2"},"content":{"rendered":"","protected":false},"excerpt":{"rendered":"<p>H\u00e1zikertben t\u00e1mrendszer melletti termeszt\u00e9sre \u00e9s<br \/>\nf\u0171tetlen f\u00f3lia alatti hajtat\u00e1sra alkalmas folytonos<br \/>\nn\u00f6veked\u00e9s\u0171 hibrid. Bogy\u00f3i egy sz\u00ednb\u0151l \u00e9rnek,<br \/>\nmegny\u00falt g\u00f6mb alak\u00faak, 60-70 g t\u00f6meg\u0171ek. Igen<br \/>\nj\u00f3 \u00edz\u0171, kem\u00e9ny, j\u00f3l sz\u00e1ll\u00edthat\u00f3. Verticilliumos, fuz\u00e1riumos<br \/>\nt\u0151hervad\u00e1snak \u00e9s doh\u00e1ny mozaik v\u00edrusfert\u0151z\u00e9snek<br \/>\nellen\u00e1ll.<\/p>\n","protected":false},"featured_media":15000,"comment_status":"closed","ping_status":"closed","template":"","meta":[],"product_brand":[],"product_cat":[303],"product_tag":[],"class_list":{"0":"post-14999","1":"product","2":"type-product","3":"status-publish","4":"has-post-thumbnail","6":"product_cat-zki-paradicsom-vetomagok","8":"first","9":"instock","10":"taxable","11":"shipping-taxable","12":"purchasable","13":"product-type-simple"},"_links":{"self":[{"href":"https:\/\/chilimag.hu\/webshop\/wp-json\/wp\/v2\/product\/14999","targetHints":{"allow":["GET"]}}],"collection":[{"href":"https:\/\/chilimag.hu\/webshop\/wp-json\/wp\/v2\/product"}],"about":[{"href":"https:\/\/chilimag.hu\/webshop\/wp-json\/wp\/v2\/types\/product"}],"replies":[{"embeddable":true,"href":"https:\/\/chilimag.hu\/webshop\/wp-json\/wp\/v2\/comments?post=14999"}],"wp:featuredmedia":[{"embeddable":true,"href":"https:\/\/chilimag.hu\/webshop\/wp-json\/wp\/v2\/media\/15000"}],"wp:attachment":[{"href":"https:\/\/chilimag.hu\/webshop\/wp-json\/wp\/v2\/media?parent=14999"}],"wp:term":[{"taxonomy":"product_brand","embeddable":true,"href":"https:\/\/chilimag.hu\/webshop\/wp-json\/wp\/v2\/product_brand?post=14999"},{"taxonomy":"product_cat","embeddable":true,"href":"https:\/\/chilimag.hu\/webshop\/wp-json\/wp\/v2\/product_cat?post=14999"},{"taxonomy":"product_tag","embeddable":true,"href":"https:\/\/chilimag.hu\/webshop\/wp-json\/wp\/v2\/product_tag?post=14999"}],"curies":[{"name":"wp","href":"https:\/\/api.w.org\/{rel}","templated":true}]}}