{"id":14997,"date":"2021-08-07T17:56:10","date_gmt":"2021-08-07T17:56:10","guid":{"rendered":"https:\/\/chilimag.hu\/webshop\/?post_type=product&#038;p=14997"},"modified":"2026-02-23T07:50:16","modified_gmt":"2026-02-23T07:50:16","slug":"paradicsom-korall-zki-4","status":"publish","type":"product","link":"https:\/\/chilimag.hu\/webshop\/termek\/paradicsom-korall-zki-4\/","title":{"rendered":"Paradicsom Korall ZKI 4"},"content":{"rendered":"","protected":false},"excerpt":{"rendered":"<p>K\u00f6zepes teny\u00e9szidej\u0171 (125-130 napos) szabadf\u00f6ldi<br \/>\ntermeszt\u00e9sre aj\u00e1nlott. A legjobb \u00edz\u0171 paradicsomfajta.<br \/>\nDetermin\u00e1lt n\u00f6veked\u00e9s\u0171, er\u0151teljes bokrot<br \/>\nk\u00e9pez. Bogy\u00f3i 20-130 g t\u00f6meg\u0171ek, a sz\u00e1ll\u00edt\u00e1st j\u00f3l<br \/>\nb\u00edrj\u00e1k. Verticilliumos \u00e9s fuz\u00e1riumos t\u0151hervad\u00e1snak<br \/>\nellen\u00e1ll.<\/p>\n","protected":false},"featured_media":14998,"comment_status":"closed","ping_status":"closed","template":"","meta":[],"product_brand":[],"product_cat":[303],"product_tag":[],"class_list":{"0":"post-14997","1":"product","2":"type-product","3":"status-publish","4":"has-post-thumbnail","6":"product_cat-zki-paradicsom-vetomagok","8":"first","9":"instock","10":"taxable","11":"shipping-taxable","12":"purchasable","13":"product-type-simple"},"_links":{"self":[{"href":"https:\/\/chilimag.hu\/webshop\/wp-json\/wp\/v2\/product\/14997","targetHints":{"allow":["GET"]}}],"collection":[{"href":"https:\/\/chilimag.hu\/webshop\/wp-json\/wp\/v2\/product"}],"about":[{"href":"https:\/\/chilimag.hu\/webshop\/wp-json\/wp\/v2\/types\/product"}],"replies":[{"embeddable":true,"href":"https:\/\/chilimag.hu\/webshop\/wp-json\/wp\/v2\/comments?post=14997"}],"wp:featuredmedia":[{"embeddable":true,"href":"https:\/\/chilimag.hu\/webshop\/wp-json\/wp\/v2\/media\/14998"}],"wp:attachment":[{"href":"https:\/\/chilimag.hu\/webshop\/wp-json\/wp\/v2\/media?parent=14997"}],"wp:term":[{"taxonomy":"product_brand","embeddable":true,"href":"https:\/\/chilimag.hu\/webshop\/wp-json\/wp\/v2\/product_brand?post=14997"},{"taxonomy":"product_cat","embeddable":true,"href":"https:\/\/chilimag.hu\/webshop\/wp-json\/wp\/v2\/product_cat?post=14997"},{"taxonomy":"product_tag","embeddable":true,"href":"https:\/\/chilimag.hu\/webshop\/wp-json\/wp\/v2\/product_tag?post=14997"}],"curies":[{"name":"wp","href":"https:\/\/api.w.org\/{rel}","templated":true}]}}