{"id":14995,"date":"2021-08-07T17:53:40","date_gmt":"2021-08-07T17:53:40","guid":{"rendered":"https:\/\/chilimag.hu\/webshop\/?post_type=product&#038;p=14995"},"modified":"2026-03-14T18:31:27","modified_gmt":"2026-03-14T18:31:27","slug":"paradicsom-kecskemeti-3-f1-zki-2","status":"publish","type":"product","link":"https:\/\/chilimag.hu\/webshop\/termek\/paradicsom-kecskemeti-3-f1-zki-2\/","title":{"rendered":"Paradicsom Kecskem\u00e9ti-3 F1 ZKI 2"},"content":{"rendered":"","protected":false},"excerpt":{"rendered":"<p>F\u0171tetlen f\u00f3lia alatti hajtat\u00e1sra \u00e9s korai szabadf\u00f6ldi termeszt\u00e9sre egyar\u00e1nt alkalmas, determin\u00e1lt n\u00f6veked\u00e9s\u0171 hibrid. Alacsony h\u0151m\u00e9rs\u00e9kleten is j\u00f3l k\u00f6t. Term\u0151k\u00e9pess\u00e9ge kiv\u00e1l\u00f3,<br \/>\nt\u00e1panyagig\u00e9nyes. Igen korai \u00e9r\u00e9s\u0171, teny\u00e9szideje vet\u00e9st\u0151l az els\u0151 term\u00e9s \u00e9r\u00e9s\u00e9ig 105-110 nap.<\/p>\n","protected":false},"featured_media":14996,"comment_status":"closed","ping_status":"closed","template":"","meta":[],"product_brand":[],"product_cat":[303],"product_tag":[],"class_list":{"0":"post-14995","1":"product","2":"type-product","3":"status-publish","4":"has-post-thumbnail","6":"product_cat-zki-paradicsom-vetomagok","8":"first","9":"instock","10":"taxable","11":"shipping-taxable","12":"purchasable","13":"product-type-simple"},"_links":{"self":[{"href":"https:\/\/chilimag.hu\/webshop\/wp-json\/wp\/v2\/product\/14995","targetHints":{"allow":["GET"]}}],"collection":[{"href":"https:\/\/chilimag.hu\/webshop\/wp-json\/wp\/v2\/product"}],"about":[{"href":"https:\/\/chilimag.hu\/webshop\/wp-json\/wp\/v2\/types\/product"}],"replies":[{"embeddable":true,"href":"https:\/\/chilimag.hu\/webshop\/wp-json\/wp\/v2\/comments?post=14995"}],"wp:featuredmedia":[{"embeddable":true,"href":"https:\/\/chilimag.hu\/webshop\/wp-json\/wp\/v2\/media\/14996"}],"wp:attachment":[{"href":"https:\/\/chilimag.hu\/webshop\/wp-json\/wp\/v2\/media?parent=14995"}],"wp:term":[{"taxonomy":"product_brand","embeddable":true,"href":"https:\/\/chilimag.hu\/webshop\/wp-json\/wp\/v2\/product_brand?post=14995"},{"taxonomy":"product_cat","embeddable":true,"href":"https:\/\/chilimag.hu\/webshop\/wp-json\/wp\/v2\/product_cat?post=14995"},{"taxonomy":"product_tag","embeddable":true,"href":"https:\/\/chilimag.hu\/webshop\/wp-json\/wp\/v2\/product_tag?post=14995"}],"curies":[{"name":"wp","href":"https:\/\/api.w.org\/{rel}","templated":true}]}}