{"id":14991,"date":"2021-08-07T17:48:08","date_gmt":"2021-08-07T17:48:08","guid":{"rendered":"https:\/\/chilimag.hu\/webshop\/?post_type=product&#038;p=14991"},"modified":"2026-03-01T17:54:19","modified_gmt":"2026-03-01T17:54:19","slug":"paradicsom-cherolla-f1-zki-2","status":"publish","type":"product","link":"https:\/\/chilimag.hu\/webshop\/termek\/paradicsom-cherolla-f1-zki-2\/","title":{"rendered":"Paradicsom cherrola F1 ZKI 2"},"content":{"rendered":"","protected":false},"excerpt":{"rendered":"<p>K\u00f6z\u00e9per\u0151s n\u00f6veked\u00e9s\u0171, korai \u00e9r\u00e9s\u0171 kokt\u00e9lparadicsom.<br \/>\nSzabadf\u00f6ld\u00f6n \u00e9s f\u00f3lia alatt egyar\u00e1nt<br \/>\ntermeszthet\u0151. A t\u00f6vek folytonn\u00f6v\u0151k, nyitott lombozat\u00faak.<br \/>\nA bogy\u00f3k \u00e1tlagos t\u00f6mege 15-20 g. Egy<br \/>\nf\u00fcrtben k\u00f6r\u00fclbel\u00fcl 20 bogy\u00f3 terem. Hervad\u00e1sos<br \/>\nbetegs\u00e9geknek ellen\u00e1ll.<\/p>\n","protected":false},"featured_media":14992,"comment_status":"closed","ping_status":"closed","template":"","meta":[],"product_brand":[],"product_cat":[303],"product_tag":[],"class_list":{"0":"post-14991","1":"product","2":"type-product","3":"status-publish","4":"has-post-thumbnail","6":"product_cat-zki-paradicsom-vetomagok","8":"first","9":"instock","10":"taxable","11":"shipping-taxable","12":"purchasable","13":"product-type-simple"},"_links":{"self":[{"href":"https:\/\/chilimag.hu\/webshop\/wp-json\/wp\/v2\/product\/14991","targetHints":{"allow":["GET"]}}],"collection":[{"href":"https:\/\/chilimag.hu\/webshop\/wp-json\/wp\/v2\/product"}],"about":[{"href":"https:\/\/chilimag.hu\/webshop\/wp-json\/wp\/v2\/types\/product"}],"replies":[{"embeddable":true,"href":"https:\/\/chilimag.hu\/webshop\/wp-json\/wp\/v2\/comments?post=14991"}],"wp:featuredmedia":[{"embeddable":true,"href":"https:\/\/chilimag.hu\/webshop\/wp-json\/wp\/v2\/media\/14992"}],"wp:attachment":[{"href":"https:\/\/chilimag.hu\/webshop\/wp-json\/wp\/v2\/media?parent=14991"}],"wp:term":[{"taxonomy":"product_brand","embeddable":true,"href":"https:\/\/chilimag.hu\/webshop\/wp-json\/wp\/v2\/product_brand?post=14991"},{"taxonomy":"product_cat","embeddable":true,"href":"https:\/\/chilimag.hu\/webshop\/wp-json\/wp\/v2\/product_cat?post=14991"},{"taxonomy":"product_tag","embeddable":true,"href":"https:\/\/chilimag.hu\/webshop\/wp-json\/wp\/v2\/product_tag?post=14991"}],"curies":[{"name":"wp","href":"https:\/\/api.w.org\/{rel}","templated":true}]}}