{"id":14725,"date":"2021-07-11T09:31:05","date_gmt":"2021-07-11T09:31:05","guid":{"rendered":"https:\/\/chilimag.hu\/webshop\/?post_type=product&#038;p=14725"},"modified":"2026-03-25T11:41:36","modified_gmt":"2026-03-25T11:41:36","slug":"fitohorm-vas-1-l","status":"publish","type":"product","link":"https:\/\/chilimag.hu\/webshop\/termek\/fitohorm-vas-1-l\/","title":{"rendered":"Fitohorm Vas 55 Fe 1 l"},"content":{"rendered":"","protected":false},"excerpt":{"rendered":"<p>&nbsp;<\/p>\n<p>A vasnak fontos szerepe van a klorofill \u00e9s feh\u00e9rje szint\u00e9zisben, enzimalkot\u00f3, f\u0151leg a l\u00e9gz\u00e9st \u00e9s az anyagcser\u00e9t szab\u00e1lyozza. Nehezen mozog a n\u00f6v\u00e9nyben, nehezen mobiliz\u00e1l\u00f3dik. Hi\u00e1nya leggyakrabban a sz\u0151l\u0151 \u00e9s gy\u00fcm\u00f6lcskult\u00far\u00e1kban fordul el\u0151. Relat\u00edv vashi\u00e1ny l\u00e9phet fel t\u00f6m\u00f6r\u00f6d\u00f6tt, leveg\u0151tlen, l\u00fagos vagy h\u0171v\u00f6s talajon, el\u0151sz\u00f6r az \u00e9rk\u00f6z, k\u00e9s\u0151bb az erek is feh\u00e9rek, a levelek \u00e9l\u00e9nk s\u00e1rg\u00e1k lesznek (s\u00e1rga level\u0171s\u00e9g). H\u0171v\u00f6s, nedves id\u0151ben fokozottan jelentkezik a t\u00fcnet.<\/p>\n<p>&nbsp;<\/p>\n","protected":false},"featured_media":14821,"comment_status":"closed","ping_status":"closed","template":"","meta":[],"product_brand":[],"product_cat":[389],"product_tag":[],"class_list":{"0":"post-14725","1":"product","2":"type-product","3":"status-publish","4":"has-post-thumbnail","6":"product_cat-fitohorm","8":"first","9":"instock","10":"taxable","11":"shipping-taxable","12":"purchasable","13":"product-type-simple"},"_links":{"self":[{"href":"https:\/\/chilimag.hu\/webshop\/wp-json\/wp\/v2\/product\/14725","targetHints":{"allow":["GET"]}}],"collection":[{"href":"https:\/\/chilimag.hu\/webshop\/wp-json\/wp\/v2\/product"}],"about":[{"href":"https:\/\/chilimag.hu\/webshop\/wp-json\/wp\/v2\/types\/product"}],"replies":[{"embeddable":true,"href":"https:\/\/chilimag.hu\/webshop\/wp-json\/wp\/v2\/comments?post=14725"}],"wp:featuredmedia":[{"embeddable":true,"href":"https:\/\/chilimag.hu\/webshop\/wp-json\/wp\/v2\/media\/14821"}],"wp:attachment":[{"href":"https:\/\/chilimag.hu\/webshop\/wp-json\/wp\/v2\/media?parent=14725"}],"wp:term":[{"taxonomy":"product_brand","embeddable":true,"href":"https:\/\/chilimag.hu\/webshop\/wp-json\/wp\/v2\/product_brand?post=14725"},{"taxonomy":"product_cat","embeddable":true,"href":"https:\/\/chilimag.hu\/webshop\/wp-json\/wp\/v2\/product_cat?post=14725"},{"taxonomy":"product_tag","embeddable":true,"href":"https:\/\/chilimag.hu\/webshop\/wp-json\/wp\/v2\/product_tag?post=14725"}],"curies":[{"name":"wp","href":"https:\/\/api.w.org\/{rel}","templated":true}]}}