{"id":14723,"date":"2021-07-11T09:30:11","date_gmt":"2021-07-11T09:30:11","guid":{"rendered":"https:\/\/chilimag.hu\/webshop\/?post_type=product&#038;p=14723"},"modified":"2024-08-11T14:25:57","modified_gmt":"2024-08-11T14:25:57","slug":"fitohorm-nitrogen-1-l","status":"publish","type":"product","link":"https:\/\/chilimag.hu\/webshop\/termek\/fitohorm-nitrogen-1-l\/","title":{"rendered":"Fitohorm Nitrog\u00e9n 1 l"},"content":{"rendered":"","protected":false},"excerpt":{"rendered":"<p>&nbsp;<\/p>\n<p>A k\u00fcl\u00f6nb\u00f6z\u0151 nitrog\u00e9nform\u00e1knak k\u00f6sz\u00f6nhet\u0151en biztos\u00edtott a n\u00f6v\u00e9ny folyamatos nitrog\u00e9n-ell\u00e1t\u00e1sa.<\/p>\n<p>A kijuttat\u00e1st k\u00f6vet\u0151en a nitrog\u00e9n-felsz\u00edv\u00f3d\u00e1st a karbamid forma garant\u00e1lja, amely fokozatos \u00e9s egyenletes t\u00e1panyag ell\u00e1t\u00e1st eredm\u00e9nyez t\u00f6bb h\u00e9ten kereszt\u00fcl.<\/p>\n<p>Hat\u00e9konys\u00e1ga \u00e9s hat\u00e1sa kiemelkedik a tavasszal, sz\u00e1raz id\u0151ben kijuttatott szil\u00e1rd fejtr\u00e1gy\u00e1kkal szemben.<\/p>\n<p>&nbsp;<\/p>\n","protected":false},"featured_media":14724,"comment_status":"closed","ping_status":"closed","template":"","meta":[],"product_brand":[],"product_cat":[389],"product_tag":[],"class_list":{"0":"post-14723","1":"product","2":"type-product","3":"status-publish","4":"has-post-thumbnail","6":"product_cat-fitohorm","8":"first","9":"instock","10":"taxable","11":"shipping-taxable","12":"purchasable","13":"product-type-simple"},"_links":{"self":[{"href":"https:\/\/chilimag.hu\/webshop\/wp-json\/wp\/v2\/product\/14723","targetHints":{"allow":["GET"]}}],"collection":[{"href":"https:\/\/chilimag.hu\/webshop\/wp-json\/wp\/v2\/product"}],"about":[{"href":"https:\/\/chilimag.hu\/webshop\/wp-json\/wp\/v2\/types\/product"}],"replies":[{"embeddable":true,"href":"https:\/\/chilimag.hu\/webshop\/wp-json\/wp\/v2\/comments?post=14723"}],"wp:featuredmedia":[{"embeddable":true,"href":"https:\/\/chilimag.hu\/webshop\/wp-json\/wp\/v2\/media\/14724"}],"wp:attachment":[{"href":"https:\/\/chilimag.hu\/webshop\/wp-json\/wp\/v2\/media?parent=14723"}],"wp:term":[{"taxonomy":"product_brand","embeddable":true,"href":"https:\/\/chilimag.hu\/webshop\/wp-json\/wp\/v2\/product_brand?post=14723"},{"taxonomy":"product_cat","embeddable":true,"href":"https:\/\/chilimag.hu\/webshop\/wp-json\/wp\/v2\/product_cat?post=14723"},{"taxonomy":"product_tag","embeddable":true,"href":"https:\/\/chilimag.hu\/webshop\/wp-json\/wp\/v2\/product_tag?post=14723"}],"curies":[{"name":"wp","href":"https:\/\/api.w.org\/{rel}","templated":true}]}}