{"id":14721,"date":"2021-07-11T09:29:33","date_gmt":"2021-07-11T09:29:33","guid":{"rendered":"https:\/\/chilimag.hu\/webshop\/?post_type=product&#038;p=14721"},"modified":"2026-03-25T11:38:55","modified_gmt":"2026-03-25T11:38:55","slug":"fitohorm-magnezium-1-l","status":"publish","type":"product","link":"https:\/\/chilimag.hu\/webshop\/termek\/fitohorm-magnezium-1-l\/","title":{"rendered":"Fitohorm Magn\u00e9zium 24 Mg 1 l"},"content":{"rendered":"","protected":false},"excerpt":{"rendered":"<p>&nbsp;<\/p>\n<p>Hi\u00e1nya el\u0151sz\u00f6r az id\u0151sebb leveken jelentkezik, a levelek kivil\u00e1gosodnak, majd, s\u00e1rgulnak, a klorofill csak a lev\u00e9l erekben marad meg. A k\u00e1rosodott levelek kor\u00e1n lehullnak, hat\u00e1s\u00e1ra a gy\u00fcm\u00f6lcsf\u00e1k felkopaszodnak.<\/p>\n<p>&nbsp;<\/p>\n","protected":false},"featured_media":14722,"comment_status":"closed","ping_status":"closed","template":"","meta":[],"product_brand":[],"product_cat":[389],"product_tag":[],"class_list":{"0":"post-14721","1":"product","2":"type-product","3":"status-publish","4":"has-post-thumbnail","6":"product_cat-fitohorm","8":"first","9":"instock","10":"taxable","11":"shipping-taxable","12":"purchasable","13":"product-type-simple"},"_links":{"self":[{"href":"https:\/\/chilimag.hu\/webshop\/wp-json\/wp\/v2\/product\/14721","targetHints":{"allow":["GET"]}}],"collection":[{"href":"https:\/\/chilimag.hu\/webshop\/wp-json\/wp\/v2\/product"}],"about":[{"href":"https:\/\/chilimag.hu\/webshop\/wp-json\/wp\/v2\/types\/product"}],"replies":[{"embeddable":true,"href":"https:\/\/chilimag.hu\/webshop\/wp-json\/wp\/v2\/comments?post=14721"}],"wp:featuredmedia":[{"embeddable":true,"href":"https:\/\/chilimag.hu\/webshop\/wp-json\/wp\/v2\/media\/14722"}],"wp:attachment":[{"href":"https:\/\/chilimag.hu\/webshop\/wp-json\/wp\/v2\/media?parent=14721"}],"wp:term":[{"taxonomy":"product_brand","embeddable":true,"href":"https:\/\/chilimag.hu\/webshop\/wp-json\/wp\/v2\/product_brand?post=14721"},{"taxonomy":"product_cat","embeddable":true,"href":"https:\/\/chilimag.hu\/webshop\/wp-json\/wp\/v2\/product_cat?post=14721"},{"taxonomy":"product_tag","embeddable":true,"href":"https:\/\/chilimag.hu\/webshop\/wp-json\/wp\/v2\/product_tag?post=14721"}],"curies":[{"name":"wp","href":"https:\/\/api.w.org\/{rel}","templated":true}]}}