{"id":14719,"date":"2021-07-11T09:28:52","date_gmt":"2021-07-11T09:28:52","guid":{"rendered":"https:\/\/chilimag.hu\/webshop\/?post_type=product&#038;p=14719"},"modified":"2026-03-25T11:38:05","modified_gmt":"2026-03-25T11:38:05","slug":"fitohorm-kalium-1-l","status":"publish","type":"product","link":"https:\/\/chilimag.hu\/webshop\/termek\/fitohorm-kalium-1-l\/","title":{"rendered":"Fitohorm k\u00e1lium 39K 1 l"},"content":{"rendered":"","protected":false},"excerpt":{"rendered":"<p>&nbsp;<\/p>\n<p>Fokozza a term\u00e9sek min\u0151s\u00e9g\u00e9t, sz\u00ednez\u0151d\u00e9s\u00e9t \u00e9s cukortartalm\u00e1t, jav\u00edtja a n\u00f6v\u00e9nyek betegs\u00e9ggel, hideg \u00e9s sz\u00e1razs\u00e1ggal szembeni ellen\u00e1ll\u00f3 k\u00e9pess\u00e9g\u00e9t. K\u00f6nnyen mobiliz\u00e1l\u00f3d\u00f3 elem, hi\u00e1nya az als\u00f3 leveleken jelentkezik. Leg\u00e1ltal\u00e1nosabb hi\u00e1ny t\u00fcnete, hogy a n\u00f6v\u00e9ny v\u00edzh\u00e1ztart\u00e1s\u00e1ban \u00a0zavar keletkezik. A n\u00f6v\u00e9ny n\u00f6veked\u00e9se g\u00e1tolt (rozett\u00e1s n\u00f6v\u00e9ny), k\u00f3kadt lev\u00e9lzet fejl\u0151dik. Gyakori a lev\u00e9l sz\u00e9l\u00e9t\u0151l befel\u00e9 terjed\u0151 feketed\u00e9s , a lev\u00e9lcs\u00facs \u00e9s a lev\u00e9lsz\u00e9l ment\u00e9n vil\u00e1gosbarna sz\u00ednez\u0151d\u00e9s.<\/p>\n<p>&nbsp;<\/p>\n","protected":false},"featured_media":14720,"comment_status":"closed","ping_status":"closed","template":"","meta":[],"product_brand":[],"product_cat":[389],"product_tag":[],"class_list":{"0":"post-14719","1":"product","2":"type-product","3":"status-publish","4":"has-post-thumbnail","6":"product_cat-fitohorm","8":"first","9":"instock","10":"taxable","11":"shipping-taxable","12":"purchasable","13":"product-type-simple"},"_links":{"self":[{"href":"https:\/\/chilimag.hu\/webshop\/wp-json\/wp\/v2\/product\/14719","targetHints":{"allow":["GET"]}}],"collection":[{"href":"https:\/\/chilimag.hu\/webshop\/wp-json\/wp\/v2\/product"}],"about":[{"href":"https:\/\/chilimag.hu\/webshop\/wp-json\/wp\/v2\/types\/product"}],"replies":[{"embeddable":true,"href":"https:\/\/chilimag.hu\/webshop\/wp-json\/wp\/v2\/comments?post=14719"}],"wp:featuredmedia":[{"embeddable":true,"href":"https:\/\/chilimag.hu\/webshop\/wp-json\/wp\/v2\/media\/14720"}],"wp:attachment":[{"href":"https:\/\/chilimag.hu\/webshop\/wp-json\/wp\/v2\/media?parent=14719"}],"wp:term":[{"taxonomy":"product_brand","embeddable":true,"href":"https:\/\/chilimag.hu\/webshop\/wp-json\/wp\/v2\/product_brand?post=14719"},{"taxonomy":"product_cat","embeddable":true,"href":"https:\/\/chilimag.hu\/webshop\/wp-json\/wp\/v2\/product_cat?post=14719"},{"taxonomy":"product_tag","embeddable":true,"href":"https:\/\/chilimag.hu\/webshop\/wp-json\/wp\/v2\/product_tag?post=14719"}],"curies":[{"name":"wp","href":"https:\/\/api.w.org\/{rel}","templated":true}]}}