{"id":14715,"date":"2021-07-11T09:27:22","date_gmt":"2021-07-11T09:27:22","guid":{"rendered":"https:\/\/chilimag.hu\/webshop\/?post_type=product&#038;p=14715"},"modified":"2023-07-19T04:51:06","modified_gmt":"2023-07-19T04:51:06","slug":"fitohorm-bor-1-l","status":"publish","type":"product","link":"https:\/\/chilimag.hu\/webshop\/termek\/fitohorm-bor-1-l\/","title":{"rendered":"Fitohorm B\u00f3r 1 L"},"content":{"rendered":"<div><\/div>\n<div><\/div>\n<div>\n<div id=\"m_386727344306706894gmail-page_artdet_rovleir\">\n<p>&nbsp;<\/p>\n<p>&nbsp;<\/p>\n<\/div>\n<\/div>\n","protected":false},"excerpt":{"rendered":"<div>A FitoHorm 10 B b\u00f3rtartalm\u00fa m\u0171tr\u00e1gya oldat, kel\u00e1tk\u00e9pz\u0151vel, mely lev\u00e9ltr\u00e1gyak\u00e9nt \u00e9s t\u00e1poldatk\u00e9nt minden n\u00f6v\u00e9nyi kult\u00far\u00e1ban t\u00e1panyag ut\u00e1np\u00f3tl\u00e1s\u00e1ra vagy hi\u00e1nybetegs\u00e9gek megel\u0151z\u00e9s\u00e9re haszn\u00e1lj\u00e1k.<\/div>\n<div>\n<div id=\"m_386727344306706894gmail-page_artdet_rovleir\">\n<p>A b\u00f3r stimul\u00e1lja azokat a fejl\u0151d\u00e9si folyamatokat amelyek, a pollent\u00f6ml\u0151 hajt\u00e1s\u00e1t \u00e9s fejl\u0151d\u00e9s\u00e9t, fokozza a sejtfal stabilit\u00e1s\u00e1t, s ez \u00e1ltal elengedhetetlen\u00fcl sz\u00fcks\u00e9ges a n\u00f6v\u00e9nyek \u00e9let\u00e9ben. Hi\u00e1ny\u00e1ban cs\u00f6kken a n\u00f6v\u00e9ny term\u00e9kenys\u00e9ge,a k\u00f6t\u0151d\u00e9s nehezebben j\u00f6n l\u00e9tre. Esszenci\u00e1lis mikroelem l\u00e9v\u00e9n jelenl\u00e9te valamennyi kult\u00fara sz\u00e1m\u00e1ra l\u00e9tfontoss\u00e1g\u00fa, k\u00fcl\u00f6n\u00f6s tekintettel a sz\u0151l\u0151- \u00e9s gy\u00fcm\u00f6lcskult\u00far\u00e1kra, az olajos n\u00f6v\u00e9nyekre \u00e9s egyes z\u00f6lds\u00e9gf\u00e9l\u00e9kre.<\/p>\n<\/div>\n<\/div>\n","protected":false},"featured_media":14716,"comment_status":"closed","ping_status":"closed","template":"","meta":[],"product_brand":[],"product_cat":[389],"product_tag":[],"class_list":{"0":"post-14715","1":"product","2":"type-product","3":"status-publish","4":"has-post-thumbnail","6":"product_cat-fitohorm","8":"first","9":"instock","10":"taxable","11":"shipping-taxable","12":"purchasable","13":"product-type-simple"},"_links":{"self":[{"href":"https:\/\/chilimag.hu\/webshop\/wp-json\/wp\/v2\/product\/14715","targetHints":{"allow":["GET"]}}],"collection":[{"href":"https:\/\/chilimag.hu\/webshop\/wp-json\/wp\/v2\/product"}],"about":[{"href":"https:\/\/chilimag.hu\/webshop\/wp-json\/wp\/v2\/types\/product"}],"replies":[{"embeddable":true,"href":"https:\/\/chilimag.hu\/webshop\/wp-json\/wp\/v2\/comments?post=14715"}],"wp:featuredmedia":[{"embeddable":true,"href":"https:\/\/chilimag.hu\/webshop\/wp-json\/wp\/v2\/media\/14716"}],"wp:attachment":[{"href":"https:\/\/chilimag.hu\/webshop\/wp-json\/wp\/v2\/media?parent=14715"}],"wp:term":[{"taxonomy":"product_brand","embeddable":true,"href":"https:\/\/chilimag.hu\/webshop\/wp-json\/wp\/v2\/product_brand?post=14715"},{"taxonomy":"product_cat","embeddable":true,"href":"https:\/\/chilimag.hu\/webshop\/wp-json\/wp\/v2\/product_cat?post=14715"},{"taxonomy":"product_tag","embeddable":true,"href":"https:\/\/chilimag.hu\/webshop\/wp-json\/wp\/v2\/product_tag?post=14715"}],"curies":[{"name":"wp","href":"https:\/\/api.w.org\/{rel}","templated":true}]}}