{"id":14690,"date":"2021-07-05T05:02:13","date_gmt":"2021-07-05T05:02:13","guid":{"rendered":"https:\/\/chilimag.hu\/webshop\/?post_type=product&#038;p=14690"},"modified":"2024-03-12T04:57:26","modified_gmt":"2024-03-12T04:57:26","slug":"vizminoseg-vizsgalo","status":"publish","type":"product","link":"https:\/\/chilimag.hu\/webshop\/termek\/vizminoseg-vizsgalo\/","title":{"rendered":"V\u00edzmin\u0151s\u00e9g vizsg\u00e1l\u00f3"},"content":{"rendered":"<div>\n<p>&nbsp;<\/p>\n<\/div>\n","protected":false},"excerpt":{"rendered":"<div><\/div>\n<div>\n<p>Vizsg\u00e1lja meg a h\u0151m\u00e9rs\u00e9kletet fokban \/ Fahrenheitben<\/p>\n<p>Haszn\u00e1lja az oldat pH, EC \u00e9s TEMP m\u00e9r\u00e9s\u00e9re.<\/p>\n<p>K\u00f6nnyen hordozhat\u00f3 \u00e9s egyszer\u0171en kezelhet\u0151.<\/p>\n<p>A pH \u00e9s az EC egyszer\u0171 kalibr\u00e1l\u00e1sa csak egy mini-csavarh\u00faz\u00f3val.<\/p>\n<p>Automatikus h\u0151m\u00e9rs\u00e9klet szab\u00e1lyoz\u00e1s.<\/p>\n<p>Nagy \u00e9s tiszta LCD h\u00e1tt\u00e9rvil\u00e1g\u00edt\u00e1ssal, k\u00f6nnyen olvashat\u00f3 \u00e9s pontosan m\u00e9rhet\u0151 funkci\u00f3k.<\/p>\n<p>Haszn\u00e1ljuk v\u00edzforr\u00e1sokban, akv\u00e1riumban, hidroponik\u00e1ban, gy\u00f3gyf\u00fcrd\u0151kben, \u00fasz\u00f3medenc\u00e9kben \u00e9s m\u00e1s v\u00edzrendszerekben.<\/p>\n<\/div>\n","protected":false},"featured_media":14691,"comment_status":"closed","ping_status":"closed","template":"","meta":[],"product_brand":[],"product_cat":[467],"product_tag":[],"class_list":{"0":"post-14690","1":"product","2":"type-product","3":"status-publish","4":"has-post-thumbnail","6":"product_cat-locsolas-viz-es-talaj-vizsgalo-eszkozok","8":"first","9":"instock","10":"taxable","11":"shipping-taxable","12":"purchasable","13":"product-type-simple"},"_links":{"self":[{"href":"https:\/\/chilimag.hu\/webshop\/wp-json\/wp\/v2\/product\/14690","targetHints":{"allow":["GET"]}}],"collection":[{"href":"https:\/\/chilimag.hu\/webshop\/wp-json\/wp\/v2\/product"}],"about":[{"href":"https:\/\/chilimag.hu\/webshop\/wp-json\/wp\/v2\/types\/product"}],"replies":[{"embeddable":true,"href":"https:\/\/chilimag.hu\/webshop\/wp-json\/wp\/v2\/comments?post=14690"}],"wp:featuredmedia":[{"embeddable":true,"href":"https:\/\/chilimag.hu\/webshop\/wp-json\/wp\/v2\/media\/14691"}],"wp:attachment":[{"href":"https:\/\/chilimag.hu\/webshop\/wp-json\/wp\/v2\/media?parent=14690"}],"wp:term":[{"taxonomy":"product_brand","embeddable":true,"href":"https:\/\/chilimag.hu\/webshop\/wp-json\/wp\/v2\/product_brand?post=14690"},{"taxonomy":"product_cat","embeddable":true,"href":"https:\/\/chilimag.hu\/webshop\/wp-json\/wp\/v2\/product_cat?post=14690"},{"taxonomy":"product_tag","embeddable":true,"href":"https:\/\/chilimag.hu\/webshop\/wp-json\/wp\/v2\/product_tag?post=14690"}],"curies":[{"name":"wp","href":"https:\/\/api.w.org\/{rel}","templated":true}]}}