{"id":14003,"date":"2021-03-29T05:09:35","date_gmt":"2021-03-29T05:09:35","guid":{"rendered":"https:\/\/chilimag.hu\/webshop\/?post_type=product&#038;p=14003"},"modified":"2026-03-14T17:19:37","modified_gmt":"2026-03-14T17:19:37","slug":"sargarepa-fertodi-voros","status":"publish","type":"product","link":"https:\/\/chilimag.hu\/webshop\/termek\/sargarepa-fertodi-voros\/","title":{"rendered":"S\u00e1rgar\u00e9pa Fert\u0151di v\u00f6r\u00f6s BK 5"},"content":{"rendered":"","protected":false},"excerpt":{"rendered":"","protected":false},"featured_media":14004,"comment_status":"closed","ping_status":"closed","template":"","meta":[],"product_brand":[],"product_cat":[284],"product_tag":[],"class_list":{"0":"post-14003","1":"product","2":"type-product","3":"status-publish","4":"has-post-thumbnail","6":"product_cat-repa-es-zoldseg-vetomagok","8":"first","9":"instock","10":"taxable","11":"shipping-taxable","12":"purchasable","13":"product-type-simple"},"_links":{"self":[{"href":"https:\/\/chilimag.hu\/webshop\/wp-json\/wp\/v2\/product\/14003","targetHints":{"allow":["GET"]}}],"collection":[{"href":"https:\/\/chilimag.hu\/webshop\/wp-json\/wp\/v2\/product"}],"about":[{"href":"https:\/\/chilimag.hu\/webshop\/wp-json\/wp\/v2\/types\/product"}],"replies":[{"embeddable":true,"href":"https:\/\/chilimag.hu\/webshop\/wp-json\/wp\/v2\/comments?post=14003"}],"wp:featuredmedia":[{"embeddable":true,"href":"https:\/\/chilimag.hu\/webshop\/wp-json\/wp\/v2\/media\/14004"}],"wp:attachment":[{"href":"https:\/\/chilimag.hu\/webshop\/wp-json\/wp\/v2\/media?parent=14003"}],"wp:term":[{"taxonomy":"product_brand","embeddable":true,"href":"https:\/\/chilimag.hu\/webshop\/wp-json\/wp\/v2\/product_brand?post=14003"},{"taxonomy":"product_cat","embeddable":true,"href":"https:\/\/chilimag.hu\/webshop\/wp-json\/wp\/v2\/product_cat?post=14003"},{"taxonomy":"product_tag","embeddable":true,"href":"https:\/\/chilimag.hu\/webshop\/wp-json\/wp\/v2\/product_tag?post=14003"}],"curies":[{"name":"wp","href":"https:\/\/api.w.org\/{rel}","templated":true}]}}