{"id":138,"date":"2014-11-08T14:25:24","date_gmt":"2014-11-08T14:25:24","guid":{"rendered":"https:\/\/chilimag.hu\/webshop\/?post_type=product&#038;p=138"},"modified":"2025-08-11T08:00:43","modified_gmt":"2025-08-11T08:00:43","slug":"bulgarian-carrot","status":"publish","type":"product","link":"https:\/\/chilimag.hu\/webshop\/termek\/bulgarian-carrot\/","title":{"rendered":"Bulgarian Carrot"},"content":{"rendered":"","protected":false},"excerpt":{"rendered":"<div id=\"productDescription\" class=\"content\">\n<p><img decoding=\"async\" src=\"https:\/\/chilimag.hu\/webshop\/wp-content\/uploads\/2014\/11\/chilimag-logo-2-150x150.jpg\" \/><\/p>\n<p>Le\u00edr\u00e1s<\/p>\n<p>A bolg\u00e1r s\u00e1rgar\u00e9pa chili egy hagyom\u00e1nyos Bulg\u00e1ri\u00e1b\u00f3l sz\u00e1rmaz\u00f3 chili t\u00f6rzs; gyors n\u00f6veked\u00e9s\u0171 fajta, amely viszonylag j\u00f3l b\u00edrja k\u00f6z\u00e9p-eur\u00f3pai kl\u00edm\u00e1nkat. Meglehet\u0151sen kicsi m\u00e9ret\u0171 marad, vagyis j\u00f3l termeszthet\u0151 cser\u00e9pben, de a szabadban, napos, v\u00e9dett helyen is j\u00f3l \u00e9rzi mag\u00e1t.<\/p>\n<p>A n\u00f6v\u00e9nyek term\u00e9se magas, kor\u00e1n \u00e9rik, form\u00e1jukban \u00e9s sz\u00edn\u00fckben is a s\u00e1rgar\u00e9p\u00e1hoz hasonl\u00edt. A chilipaprika nagyon l\u00e9d\u00fas \u00e9s tele van \u00edzzel, emellett van egy eg\u00e9szs\u00e9ges adag cs\u00edp\u0151s meleg is, ami a kezd\u0151k sz\u00e1m\u00e1ra n\u00e9mileg els\u00f6pr\u0151 lehet. Ne t\u00e9vesszen meg a megjelen\u00e9s\u00fck. A f\u0171szerkedvel\u0151k sz\u00e1m\u00e1ra a paprika vastag k\u00fcls\u0151 fal\u00e1nak k\u00f6sz\u00f6nhet\u0151en nyersen fogyasztva is remek \u00edz\u0171, de f\u0151zhet\u0151, t\u00f6lthet\u0151 vagy sz\u00f3szok \u00e9s sals\u00e1k \u00f6sszetev\u0151jek\u00e9nt is felhaszn\u00e1lhat\u00f3.<\/p>\n<p>Gondoz\u00e1s: A cs\u00edr\u00e1z\u00e1si h\u0151m\u00e9rs\u00e9klet 22\u00b0C \u00e9s 28\u00b0C k\u00f6z\u00f6tt van (cs\u00edr\u00e1z\u00e1si id\u0151: 7-20 nap); ez\u00e9rt \u00fcvegh\u00e1z \u00e9s f\u0171t\u0151sz\u0151nyeg haszn\u00e1lata javasolt.. A n\u00f6v\u00e9nyeknek friss, j\u00f3l tr\u00e1gy\u00e1zott v\u00edz\u00e1tereszt\u0151 talajra van sz\u00fcks\u00e9g\u00fck, \u00e9s nem szabad \u00e1ll\u00f3v\u00edzben hagyni. Napos, v\u00e9dett helyre kell helyezni, ahol legal\u00e1bb napi 6 \u00f3ra napf\u00e9ny \u00e9ri, ha nem t\u00f6bb. K\u00f6r\u00fclbel\u00fcl 2-3 h\u00e9ttel az utols\u00f3 fagy ut\u00e1n helyezze ki a n\u00f6v\u00e9nyeket a szabadba. Ha a pal\u00e1nt\u00e1kat a szabadba \u00fclteti, \u00fcgyeljen arra, hogy az egyes n\u00f6v\u00e9nyek k\u00f6z\u00f6tt legal\u00e1bb 30 cm t\u00e1vols\u00e1g legyen.<\/p>\n<p>Capsicum annuum t\u00edpus<br \/>\nF\u0171szerszint 6<br \/>\nScoville 5000 &#8211; 15000 SHU<br \/>\nOptim\u00e1lis cs\u00edr\u00e1z\u00e1si h\u0151m\u00e9rs\u00e9klet 22 &#8211; 28 \u00b0C<br \/>\nVet\u00e9s febru\u00e1r &#8211; \u00e1pr<br \/>\nVir\u00e1gok feh\u00e9r (m\u00e1jus-augusztus)<br \/>\nN\u00f6veked\u00e9si szok\u00e1sa bokros, 50-70 cm magas<br \/>\n\u00c9rlel\u00e9s z\u00f6ldt\u0151l narancss\u00e1rg\u00e1ig<br \/>\nGy\u00fcm\u00f6lcs megjelen\u00e9se s\u00e1rgar\u00e9pa alak\u00fa, vastag h\u00fas\u00fa, kb. 2 x 7 cm<br \/>\n\u00c9r\u00e9si id\u0151 kb. 65 nap<br \/>\nSz\u00e1rmaz\u00e1si hely Bulg\u00e1ria<\/p>\n<p>A csomag 10 szem magot tartalmaz<\/p>\n<\/div>\n","protected":false},"featured_media":3793,"comment_status":"open","ping_status":"closed","template":"","meta":[],"product_brand":[],"product_cat":[8],"product_tag":[],"class_list":{"0":"post-138","1":"product","2":"type-product","3":"status-publish","4":"has-post-thumbnail","6":"product_cat-paprika","8":"first","9":"instock","10":"taxable","11":"shipping-taxable","12":"purchasable","13":"product-type-simple"},"_links":{"self":[{"href":"https:\/\/chilimag.hu\/webshop\/wp-json\/wp\/v2\/product\/138","targetHints":{"allow":["GET"]}}],"collection":[{"href":"https:\/\/chilimag.hu\/webshop\/wp-json\/wp\/v2\/product"}],"about":[{"href":"https:\/\/chilimag.hu\/webshop\/wp-json\/wp\/v2\/types\/product"}],"replies":[{"embeddable":true,"href":"https:\/\/chilimag.hu\/webshop\/wp-json\/wp\/v2\/comments?post=138"}],"wp:featuredmedia":[{"embeddable":true,"href":"https:\/\/chilimag.hu\/webshop\/wp-json\/wp\/v2\/media\/3793"}],"wp:attachment":[{"href":"https:\/\/chilimag.hu\/webshop\/wp-json\/wp\/v2\/media?parent=138"}],"wp:term":[{"taxonomy":"product_brand","embeddable":true,"href":"https:\/\/chilimag.hu\/webshop\/wp-json\/wp\/v2\/product_brand?post=138"},{"taxonomy":"product_cat","embeddable":true,"href":"https:\/\/chilimag.hu\/webshop\/wp-json\/wp\/v2\/product_cat?post=138"},{"taxonomy":"product_tag","embeddable":true,"href":"https:\/\/chilimag.hu\/webshop\/wp-json\/wp\/v2\/product_tag?post=138"}],"curies":[{"name":"wp","href":"https:\/\/api.w.org\/{rel}","templated":true}]}}