{"id":13619,"date":"2021-03-15T20:07:48","date_gmt":"2021-03-15T20:07:48","guid":{"rendered":"https:\/\/chilimag.hu\/webshop\/?post_type=product&#038;p=13619"},"modified":"2024-11-17T12:52:58","modified_gmt":"2024-11-17T12:52:58","slug":"horiver-sarga-ragacsos-csapdak","status":"publish","type":"product","link":"https:\/\/chilimag.hu\/webshop\/termek\/horiver-sarga-ragacsos-csapdak\/","title":{"rendered":"Horiver S\u00e1rga ragacsos csapd\u00e1k"},"content":{"rendered":"","protected":false},"excerpt":{"rendered":"<p><strong>Horiver haszn\u00e1lata erre::<\/strong><\/p>\n<ul>\n<li>Lev\u00e9ltetvek<\/li>\n<li>Akn\u00e1z\u00f3legyek<\/li>\n<li>Molytetvek<\/li>\n<li>Tripszek<\/li>\n<li>T\u0151zegsz\u00fanyogok<\/li>\n<\/ul>\n<p><strong>Csomagol\u00e1s:<\/strong><\/p>\n<p>A Horiver az al\u00e1bbi kiszerel\u00e9sekben kaphat\u00f3:<br \/>\n25 x 10\u00a0cm (kicsi, 8 k\u00e9toldalas + 2 egyoldalas ragacsos csapda)<br \/>\n25 x 20\u00a0cm (k\u00f6zepes, 10 k\u00e9toldalas + 2 egyoldalas ragacsos csapda)<br \/>\n25 x 40\u00a0cm (nagy, 10 k\u00e9toldalas + 2 egyoldalas ragacsos csapda)<\/p>\n<p>&nbsp;<\/p>\n<div class=\"row\">\n<div class=\"col-md-12\">\n<h2>\u00c1ltal\u00e1nos inform\u00e1ci\u00f3k<\/h2>\n<\/div>\n<\/div>\n<div class=\"row\">\n<div class=\"col-md-8 col-lg-7 content\">\n<h3>Mikor haszn\u00e1ljuk a Horivert?<\/h3>\n<p>A Horiver a lev\u00e9ltetvek, akn\u00e1z\u00f3legyek, molytetvek, tripszek \u00e9s t\u0151zegsz\u00fanyogok kifejlett egyedeinek megfigyel\u00e9s\u00e9re \u00e9s csapd\u00e1ba gy\u0171jt\u00e9s\u00e9re szolg\u00e1l.<\/p>\n<h3>Hogyan fejti ki hat\u00e1s\u00e1t a Horiver?<\/h3>\n<p>A n\u00f6v\u00e9nyh\u00e1zi termeszt\u00e9s elengedhetetlen kell\u00e9ke a ragacsos csapda, amelynek seg\u00edts\u00e9g\u00e9vel \u00e9szlelhetj\u00fck a rep\u00fcl\u0151 k\u00e1rtev\u0151k sz\u00e1mos fajt\u00e1j\u00e1t \u00e9s meg is ritk\u00edthatjuk popul\u00e1ci\u00f3jukat. A ragacsos csapd\u00e1k r\u00e9v\u00e9n m\u00e1r megjelen\u00e9s\u00fck korai szakasz\u00e1ban felfigyelhet\u00fcnk a k\u00e1rtev\u0151kre, majd biol\u00f3giai eszk\u00f6z\u00f6k bevet\u00e9s\u00e9vel felvehetj\u00fck ellen\u00fck a harcot. Ez\u00e1ltal elker\u00fclhetj\u00fck a vegyszerek sz\u00fcks\u00e9gtelen alkalmaz\u00e1s\u00e1t.<\/p>\n<p>Emellett a ragacsos csapd\u00e1kba ker\u00fclt rovarok mennyis\u00e9g\u00e9nek rendszeres felm\u00e9r\u00e9s\u00e9vel k\u00e9pet kaphatunk arr\u00f3l, mikor jelennek meg a k\u00e1rtev\u0151k n\u00f6v\u00e9nyh\u00e1zunkban, milyen gyorsan fejl\u0151dik popul\u00e1ci\u00f3juk \u00e9s v\u00e1rhat\u00f3an mikor \u00e9ri el rajz\u00e1suk a cs\u00facspontj\u00e1t. A ragacsos csapd\u00e1k haszn\u00e1lat\u00e1val a gazd\u00e1lkod\u00f3k sokkal jobban felk\u00e9sz\u00fclhetnek a potenci\u00e1lis vesz\u00e9lyekre.<\/p>\n<\/div>\n<p>&nbsp;<\/p>\n<\/div>\n<h3>A Horiver kihelyez\u00e9se<\/h3>\n<p><em>Haszn\u00e1lati \u00fatmutat\u00f3:<\/em><\/p>\n<ul>\n<li>Magasra n\u00f6v\u0151 n\u00f6v\u00e9nykult\u00far\u00e1k \u2013 p\u00e9ld\u00e1ul uborka, paradicsom \u00e9s paprika \u2013 eset\u00e9n helyezze a csapd\u00e1kat kicsivel a n\u00f6v\u00e9ny cs\u00facsa f\u00f6l\u00e9, magass\u00e1gukat a n\u00f6v\u00e9ny fejl\u0151d\u00e9s\u00e9nek megfelel\u0151en folyamatosan m\u00f3dos\u00edtsa.<\/li>\n<li>Alacsony lombozat\u00fa n\u00f6v\u00e9nyek eset\u00e9n t\u00e1massza meg a csapd\u00e1kat r\u00faddal vagy huzaltart\u00f3val \u00e9s helyezze \u0151ket legfeljebb 30\u00a0cm-rel a n\u00f6v\u00e9ny cs\u00facsa f\u00f6l\u00e9.<\/li>\n<li>A csapd\u00e1kat olyan helyekre tegye ahol nagy a k\u00e1rtev\u0151-fert\u0151z\u00f6tts\u00e9g vesz\u00e9lye, p\u00e9ld\u00e1ul ajt\u00f3khoz, tart\u00f3oszlopok v\u00e9geihez \u00e9s v\u00edzszintes szell\u0151z\u0151ny\u00edl\u00e1sokhoz.<\/li>\n<li>A csapd\u00e1kat el kell t\u00e1vol\u00edtani ha jelent\u0151s sz\u00e1m\u00fa rep\u00fcl\u0151 parazitoidot fognak be. Ez akkor fordulhat el\u0151 ha a csapd\u00e1kat nem a n\u00f6v\u00e9nyek f\u00f6l\u00e9, hanem k\u00f6z\u00e9j\u00fck helyezi el.<\/li>\n<\/ul>\n<h3>Aj\u00e1nlott mennyis\u00e9g<\/h3>\n<p>Megfigyel\u00e9s c\u00e9lj\u00e1b\u00f3l egy 1000\u00a0m\u00b2-es ter\u00fcletre \u00f6t csapd\u00e1t \u00e9rdemes kihelyezni. Amennyiben a csapd\u00e1kat arra k\u00edv\u00e1nja haszn\u00e1lni, hogy a g\u00f3cpontokon hozz\u00e1j\u00e1ruljanak a biol\u00f3giai k\u00e1rtev\u0151-szab\u00e1lyoz\u00e1shoz (vagyis t\u00f6meg\u00e9vel fogj\u00e1k el a k\u00e1rtev\u0151ket), akkor 20\u00a0m\u00b2-enk\u00e9nt legal\u00e1bb egy csapd\u00e1t helyezzen ki, de 2\u00a0m\u00b2-n\u00e9l s\u0171r\u0171bben ne legyenek csapd\u00e1k. Erre a c\u00e9lra egyar\u00e1nt haszn\u00e1lhat\u00f3k kis- \u00e9s nagym\u00e9ret\u0171 csapd\u00e1k.<\/p>\n<h3>Kezel\u00e9s<\/h3>\n<p>A Koppert B.V. nem v\u00e1llal felel\u0151ss\u00e9get abban az esetben, ha a min\u0151s\u00e9groml\u00e1s az aj\u00e1nlottn\u00e1l hosszabb ideig tart\u00f3, illetve nem megfelel\u0151 k\u00f6r\u00fclm\u00e9nyek k\u00f6z\u00f6tti t\u00e1rol\u00e1s miatt k\u00f6vetkezett be.<\/p>\n<p>&nbsp;<\/p>\n<div class=\"block important\">\n<h3><strong>Fontos!<\/strong><\/h3>\n<ul>\n<li>Kiz\u00e1r\u00f3lag olyan term\u00e9keket haszn\u00e1ljon, amelyek alkalmaz\u00e1sa az orsz\u00e1g\u00e1ban \u00e9s a n\u00f6v\u00e9ny kult\u00far\u00e1ban enged\u00e9lyezett. Ellen\u0151rizze a nyilv\u00e1ntart\u00e1sra vonatkoz\u00f3 helyi el\u0151\u00edr\u00e1sokat.<\/li>\n<li>A Koppert Biological Systems nem v\u00e1llal felel\u0151ss\u00e9get az enged\u00e9ly n\u00e9lk\u00fcli haszn\u00e1lat\u00e9rt.<\/li>\n<li>A Koppert B.V. nem v\u00e1llal felel\u0151ss\u00e9get az aj\u00e1nlottn\u00e1l hosszabb ideig tart\u00f3 vagy nem megfelel\u0151 k\u00f6r\u00fclm\u00e9nyek melletti t\u00e1rol\u00e1sb\u00f3l fakad\u00f3 min\u0151s\u00e9groml\u00e1s\u00e9rt.<\/li>\n<\/ul>\n<\/div>\n<div class=\"block side-effects\">\n<h4>Mell\u00e9khat\u00e1sok<\/h4>\n<p>A n\u00f6v\u00e9nyv\u00e9d\u0151 szerek alkalmaz\u00e1sa k\u00f6zvetett \u00e9s k\u00f6zvetlen m\u00f3don kedvez\u0151tlen hat\u00e1st gyakorolhat biol\u00f3giai v\u00e9dekez\u00e9st biztos\u00edt\u00f3 megold\u00e1sainkra. A mell\u00e9khat\u00e1sokat ismertet\u0151 alkalmaz\u00e1sunk haszn\u00e1lat\u00e1val megtudhatja, milyen k\u00e1ros mell\u00e9khat\u00e1ssal b\u00edrnak az egyes n\u00f6v\u00e9nyv\u00e9d\u0151 szerek.<\/p>\n<\/div>\n","protected":false},"featured_media":13621,"comment_status":"closed","ping_status":"closed","template":"","meta":[],"product_brand":[],"product_cat":[340],"product_tag":[],"class_list":{"0":"post-13619","1":"product","2":"type-product","3":"status-publish","4":"has-post-thumbnail","6":"product_cat-kartevo-csapdak","8":"first","9":"instock","10":"taxable","11":"shipping-taxable","12":"purchasable","13":"product-type-simple"},"_links":{"self":[{"href":"https:\/\/chilimag.hu\/webshop\/wp-json\/wp\/v2\/product\/13619","targetHints":{"allow":["GET"]}}],"collection":[{"href":"https:\/\/chilimag.hu\/webshop\/wp-json\/wp\/v2\/product"}],"about":[{"href":"https:\/\/chilimag.hu\/webshop\/wp-json\/wp\/v2\/types\/product"}],"replies":[{"embeddable":true,"href":"https:\/\/chilimag.hu\/webshop\/wp-json\/wp\/v2\/comments?post=13619"}],"wp:featuredmedia":[{"embeddable":true,"href":"https:\/\/chilimag.hu\/webshop\/wp-json\/wp\/v2\/media\/13621"}],"wp:attachment":[{"href":"https:\/\/chilimag.hu\/webshop\/wp-json\/wp\/v2\/media?parent=13619"}],"wp:term":[{"taxonomy":"product_brand","embeddable":true,"href":"https:\/\/chilimag.hu\/webshop\/wp-json\/wp\/v2\/product_brand?post=13619"},{"taxonomy":"product_cat","embeddable":true,"href":"https:\/\/chilimag.hu\/webshop\/wp-json\/wp\/v2\/product_cat?post=13619"},{"taxonomy":"product_tag","embeddable":true,"href":"https:\/\/chilimag.hu\/webshop\/wp-json\/wp\/v2\/product_tag?post=13619"}],"curies":[{"name":"wp","href":"https:\/\/api.w.org\/{rel}","templated":true}]}}