{"id":13585,"date":"2021-03-14T05:53:59","date_gmt":"2021-03-14T05:53:59","guid":{"rendered":"https:\/\/chilimag.hu\/webshop\/?post_type=product&#038;p=13585"},"modified":"2026-03-14T17:36:44","modified_gmt":"2026-03-14T17:36:44","slug":"csipos-spiral-f1-paprika-royal","status":"publish","type":"product","link":"https:\/\/chilimag.hu\/webshop\/termek\/csipos-spiral-f1-paprika-royal\/","title":{"rendered":"Paprika Cs\u00edp\u0151s Spir\u00e1l F1  Royal 4"},"content":{"rendered":"","protected":false},"excerpt":{"rendered":"<p>b. 45-50 szemet tartalmaz.<br \/>\nVet\u00e9s: m\u00e1rcius. Vet\u00e9s m\u00e9lys\u00e9g: 1 cm. Pal\u00e1nt\u00e1z\u00e1s: m\u00e1jus. Szed\u00e9s: augusztus-szeptember.<\/p>\n<h5>Az EU el\u0151\u00edr\u00e1sainak megfelel\u0151\u00a0 standard vet\u0151mag. N\u00f6v\u00e9ny\u00fatlev\u00e9l sz\u00e1m: HU 130035<br \/>\nRoyalfloval cs\u00e1v\u00e1zott vet\u0151mag. Hat\u00f3anyag TMTD Gyermekek kez\u00e9be nem ker\u00fclhet! \u00c9lelmiszert\u0151l, italt\u00f3l \u00e9s takarm\u00e1nyt\u00f3l t\u00e1vol tartand\u00f3! Haszn\u00e1lat k\u00f6zben enni, inni, doh\u00e1nyozni tilos!Folytonn\u00f6v\u0151 paprika hibrid. Term\u00e9se cs\u00edp\u0151s, vil\u00e1gosz\u00f6ld, hossz\u00fa, hegyes, cs\u00fcng\u0151 \u00e9s enyh\u00e9n csavarod\u00f3. Bogy\u00f3k \u00e1tlagt\u00f6mege 20-30 g. A t\u00f6v\u00f6n egyszerre 10-15 paprik\u00e1t is kinevel. Szabadf\u00f6ld\u00f6n is termeszthet\u0151. Friss fogyaszt\u00e1sra \u00e9s ecetes paprik\u00e1nak is alkalmas.<\/h5>\n","protected":false},"featured_media":13586,"comment_status":"closed","ping_status":"closed","template":"","meta":[],"product_brand":[],"product_cat":[259],"product_tag":[],"class_list":{"0":"post-13585","1":"product","2":"type-product","3":"status-publish","4":"has-post-thumbnail","6":"product_cat-paprika-royal-sluis","8":"first","9":"instock","10":"taxable","11":"shipping-taxable","12":"purchasable","13":"product-type-simple"},"_links":{"self":[{"href":"https:\/\/chilimag.hu\/webshop\/wp-json\/wp\/v2\/product\/13585","targetHints":{"allow":["GET"]}}],"collection":[{"href":"https:\/\/chilimag.hu\/webshop\/wp-json\/wp\/v2\/product"}],"about":[{"href":"https:\/\/chilimag.hu\/webshop\/wp-json\/wp\/v2\/types\/product"}],"replies":[{"embeddable":true,"href":"https:\/\/chilimag.hu\/webshop\/wp-json\/wp\/v2\/comments?post=13585"}],"wp:featuredmedia":[{"embeddable":true,"href":"https:\/\/chilimag.hu\/webshop\/wp-json\/wp\/v2\/media\/13586"}],"wp:attachment":[{"href":"https:\/\/chilimag.hu\/webshop\/wp-json\/wp\/v2\/media?parent=13585"}],"wp:term":[{"taxonomy":"product_brand","embeddable":true,"href":"https:\/\/chilimag.hu\/webshop\/wp-json\/wp\/v2\/product_brand?post=13585"},{"taxonomy":"product_cat","embeddable":true,"href":"https:\/\/chilimag.hu\/webshop\/wp-json\/wp\/v2\/product_cat?post=13585"},{"taxonomy":"product_tag","embeddable":true,"href":"https:\/\/chilimag.hu\/webshop\/wp-json\/wp\/v2\/product_tag?post=13585"}],"curies":[{"name":"wp","href":"https:\/\/api.w.org\/{rel}","templated":true}]}}