{"id":13568,"date":"2021-03-12T09:28:50","date_gmt":"2021-03-12T09:28:50","guid":{"rendered":"https:\/\/chilimag.hu\/webshop\/?post_type=product&#038;p=13568"},"modified":"2026-01-09T08:42:27","modified_gmt":"2026-01-09T08:42:27","slug":"gewone-snij-petrezselyem-level-royal","status":"publish","type":"product","link":"https:\/\/chilimag.hu\/webshop\/termek\/gewone-snij-petrezselyem-level-royal\/","title":{"rendered":"Petrezselyem lev\u00e9l Gewone Snij Royal 1"},"content":{"rendered":"","protected":false},"excerpt":{"rendered":"<h5><span class=\"gmail-text\">Kb. 2000-28500 szemet tartalmaz.<br \/>\nVet\u00e9s: m\u00e1rcius. Vet\u00e9s m\u00e9lys\u00e9g: 1cm. Szed\u00e9s: augusztus &#8211; szeptember.<\/span><\/h5>\n<h5><span class=\"gmail-text\"><br \/>\nAz EU el\u0151\u00edr\u00e1sainak megfelel\u0151\u00a0 standard vet\u0151mag. N\u00f6v\u00e9ny\u00fatlev\u00e9l sz\u00e1m: HU 130035<br \/>\nRoyalfloval cs\u00e1v\u00e1zott vet\u0151mag. Hat\u00f3anyag TMTD Gyermekek kez\u00e9be nem ker\u00fclhet! \u00c9lelmiszert\u0151l, italt\u00f3l \u00e9s takarm\u00e1nyt\u00f3l t\u00e1vol tartand\u00f3! Haszn\u00e1lat k\u00f6zben enni, inni, doh\u00e1nyozni tilos!<\/span><span class=\"gmail-text\">S\u00f6t\u00e9tz\u00f6ld, d\u00fas lomb\u00fa. R\u00e9patestet nem fejleszt\u0151, lev\u00e9lzet\u00e9\u00e9rt termesztett fajta. T\u00f6bbsz\u00f6r v\u00e1ghat\u00f3 fajta. Fontos, hogy s\u0171r\u0171n vess\u00fck.<\/span><\/h5>\n","protected":false},"featured_media":13569,"comment_status":"closed","ping_status":"closed","template":"","meta":[],"product_brand":[],"product_cat":[257],"product_tag":[],"class_list":{"0":"post-13568","1":"product","2":"type-product","3":"status-publish","4":"has-post-thumbnail","6":"product_cat-gyokerzoldsegek","8":"first","9":"instock","10":"taxable","11":"shipping-taxable","12":"purchasable","13":"product-type-simple"},"_links":{"self":[{"href":"https:\/\/chilimag.hu\/webshop\/wp-json\/wp\/v2\/product\/13568","targetHints":{"allow":["GET"]}}],"collection":[{"href":"https:\/\/chilimag.hu\/webshop\/wp-json\/wp\/v2\/product"}],"about":[{"href":"https:\/\/chilimag.hu\/webshop\/wp-json\/wp\/v2\/types\/product"}],"replies":[{"embeddable":true,"href":"https:\/\/chilimag.hu\/webshop\/wp-json\/wp\/v2\/comments?post=13568"}],"wp:featuredmedia":[{"embeddable":true,"href":"https:\/\/chilimag.hu\/webshop\/wp-json\/wp\/v2\/media\/13569"}],"wp:attachment":[{"href":"https:\/\/chilimag.hu\/webshop\/wp-json\/wp\/v2\/media?parent=13568"}],"wp:term":[{"taxonomy":"product_brand","embeddable":true,"href":"https:\/\/chilimag.hu\/webshop\/wp-json\/wp\/v2\/product_brand?post=13568"},{"taxonomy":"product_cat","embeddable":true,"href":"https:\/\/chilimag.hu\/webshop\/wp-json\/wp\/v2\/product_cat?post=13568"},{"taxonomy":"product_tag","embeddable":true,"href":"https:\/\/chilimag.hu\/webshop\/wp-json\/wp\/v2\/product_tag?post=13568"}],"curies":[{"name":"wp","href":"https:\/\/api.w.org\/{rel}","templated":true}]}}