{"id":13558,"date":"2021-03-12T09:25:08","date_gmt":"2021-03-12T09:25:08","guid":{"rendered":"https:\/\/chilimag.hu\/webshop\/?post_type=product&#038;p=13558"},"modified":"2026-01-04T16:54:09","modified_gmt":"2026-01-04T16:54:09","slug":"kapor-royal","status":"publish","type":"product","link":"https:\/\/chilimag.hu\/webshop\/termek\/kapor-royal\/","title":{"rendered":"Kapor Royal 1"},"content":{"rendered":"","protected":false},"excerpt":{"rendered":"<h5><span class=\"gmail-text\">\u00a0<\/span><\/h5>\n<p class=\"gmail-no-margin\">Egy\u00e9ves n\u00f6v\u00e9ny, szakaszosan vethet\u0151. Z\u00f6ld r\u00e9szeit valamint \u00e9rett term\u00e9s\u00e9t az \u00e9lelmiszeriparban \u00e9s a h\u00e1ztart\u00e1sokban haszn\u00e1lj\u00e1k f\u0171szerk\u00e9nt.<\/p>\n<p>&nbsp;<\/p>\n<p>A term\u00e9ket \u00e1br\u00e1zol\u00f3 k\u00e9p a n\u00f6v\u00e9ny fejl\u0151d\u00e9s\u00e9nek egy lehets\u00e9ges p\u00e9ld\u00e1j\u00e1t mutatja be. K\u00e9rj\u00fck, vegye figyelembe a term\u00e9kle\u00edr\u00e1sban adott t\u00e1j\u00e9koztat\u00e1st.<\/p>\n<p>&nbsp;<\/p>\n","protected":false},"featured_media":13559,"comment_status":"closed","ping_status":"closed","template":"","meta":[],"product_brand":[],"product_cat":[268],"product_tag":[],"class_list":{"0":"post-13558","1":"product","2":"type-product","3":"status-publish","4":"has-post-thumbnail","6":"product_cat-egyeb-termekek","8":"first","9":"outofstock","10":"taxable","11":"shipping-taxable","12":"purchasable","13":"product-type-simple"},"_links":{"self":[{"href":"https:\/\/chilimag.hu\/webshop\/wp-json\/wp\/v2\/product\/13558","targetHints":{"allow":["GET"]}}],"collection":[{"href":"https:\/\/chilimag.hu\/webshop\/wp-json\/wp\/v2\/product"}],"about":[{"href":"https:\/\/chilimag.hu\/webshop\/wp-json\/wp\/v2\/types\/product"}],"replies":[{"embeddable":true,"href":"https:\/\/chilimag.hu\/webshop\/wp-json\/wp\/v2\/comments?post=13558"}],"wp:featuredmedia":[{"embeddable":true,"href":"https:\/\/chilimag.hu\/webshop\/wp-json\/wp\/v2\/media\/13559"}],"wp:attachment":[{"href":"https:\/\/chilimag.hu\/webshop\/wp-json\/wp\/v2\/media?parent=13558"}],"wp:term":[{"taxonomy":"product_brand","embeddable":true,"href":"https:\/\/chilimag.hu\/webshop\/wp-json\/wp\/v2\/product_brand?post=13558"},{"taxonomy":"product_cat","embeddable":true,"href":"https:\/\/chilimag.hu\/webshop\/wp-json\/wp\/v2\/product_cat?post=13558"},{"taxonomy":"product_tag","embeddable":true,"href":"https:\/\/chilimag.hu\/webshop\/wp-json\/wp\/v2\/product_tag?post=13558"}],"curies":[{"name":"wp","href":"https:\/\/api.w.org\/{rel}","templated":true}]}}