{"id":13547,"date":"2021-03-12T09:20:27","date_gmt":"2021-03-12T09:20:27","guid":{"rendered":"https:\/\/chilimag.hu\/webshop\/?post_type=product&#038;p=13547"},"modified":"2026-03-14T17:55:16","modified_gmt":"2026-03-14T17:55:16","slug":"joker-f1-uborka-royal","status":"publish","type":"product","link":"https:\/\/chilimag.hu\/webshop\/termek\/joker-f1-uborka-royal\/","title":{"rendered":"Uborka J\u00f3ker\u00a0F1  Royal 1"},"content":{"rendered":"","protected":false},"excerpt":{"rendered":"<h5><span class=\"gmail-text\">Kb. 35-40 szemet tartalmaz.<\/span><\/h5>\n<h5><span class=\"gmail-text\"><br \/>\nVet\u00e9s: m\u00e1jus &#8211; j\u00falius. <\/span><\/h5>\n<h5><span class=\"gmail-text\">Vet\u00e9s m\u00e9lys\u00e9g: 4 cm. <\/span><\/h5>\n<h5><span class=\"gmail-text\">Szed\u00e9s: j\u00falius &#8211; szeptember.<br \/>\n<\/span><\/h5>\n<h5><span class=\"gmail-text\">Az EU el\u0151\u00edr\u00e1sainak megfelel\u0151\u00a0 standard vet\u0151mag. N\u00f6v\u00e9ny\u00fatlev\u00e9l sz\u00e1m: HU 130035<br \/>\nRoyalfloval cs\u00e1v\u00e1zott vet\u0151mag. Hat\u00f3anyag TMTD Gyermekek kez\u00e9be nem ker\u00fclhet! \u00c9lelmiszert\u0151l, italt\u00f3l \u00e9s takarm\u00e1nyt\u00f3l t\u00e1vol tartand\u00f3! Haszn\u00e1lat k\u00f6zben enni, inni, doh\u00e1nyozni tilos!Sal\u00e1tauborka hibrid. Term\u00e9sei f\u00e9lhossz\u00faak 15-18 cm-esek, kesered\u00e9smentesek. Peronoszp\u00f3r\u00e1val szemben ellen\u00e1ll\u00f3, lisztharmattal \u00e9s uborkamozaikv\u00edrussal szemben toler\u00e1ns. S\u00edkm\u0171vel\u00e9sre \u00e9s t\u00e1mrendszeres termeszt\u00e9sre egyar\u00e1nt alkalmas.<\/span><\/h5>\n","protected":false},"featured_media":13575,"comment_status":"closed","ping_status":"closed","template":"","meta":[],"product_brand":[],"product_cat":[260],"product_tag":[],"class_list":{"0":"post-13547","1":"product","2":"type-product","3":"status-publish","4":"has-post-thumbnail","6":"product_cat-uborka","8":"first","9":"instock","10":"taxable","11":"shipping-taxable","12":"purchasable","13":"product-type-simple"},"_links":{"self":[{"href":"https:\/\/chilimag.hu\/webshop\/wp-json\/wp\/v2\/product\/13547","targetHints":{"allow":["GET"]}}],"collection":[{"href":"https:\/\/chilimag.hu\/webshop\/wp-json\/wp\/v2\/product"}],"about":[{"href":"https:\/\/chilimag.hu\/webshop\/wp-json\/wp\/v2\/types\/product"}],"replies":[{"embeddable":true,"href":"https:\/\/chilimag.hu\/webshop\/wp-json\/wp\/v2\/comments?post=13547"}],"wp:featuredmedia":[{"embeddable":true,"href":"https:\/\/chilimag.hu\/webshop\/wp-json\/wp\/v2\/media\/13575"}],"wp:attachment":[{"href":"https:\/\/chilimag.hu\/webshop\/wp-json\/wp\/v2\/media?parent=13547"}],"wp:term":[{"taxonomy":"product_brand","embeddable":true,"href":"https:\/\/chilimag.hu\/webshop\/wp-json\/wp\/v2\/product_brand?post=13547"},{"taxonomy":"product_cat","embeddable":true,"href":"https:\/\/chilimag.hu\/webshop\/wp-json\/wp\/v2\/product_cat?post=13547"},{"taxonomy":"product_tag","embeddable":true,"href":"https:\/\/chilimag.hu\/webshop\/wp-json\/wp\/v2\/product_tag?post=13547"}],"curies":[{"name":"wp","href":"https:\/\/api.w.org\/{rel}","templated":true}]}}