{"id":13545,"date":"2021-03-12T09:19:33","date_gmt":"2021-03-12T09:19:33","guid":{"rendered":"https:\/\/chilimag.hu\/webshop\/?post_type=product&#038;p=13545"},"modified":"2026-03-14T17:55:32","modified_gmt":"2026-03-14T17:55:32","slug":"levina-f1-uborka-royal","status":"publish","type":"product","link":"https:\/\/chilimag.hu\/webshop\/termek\/levina-f1-uborka-royal\/","title":{"rendered":"Uborka Levina F1 Royal 1"},"content":{"rendered":"","protected":false},"excerpt":{"rendered":"<h5><span class=\"gmail-text\">Kb. 25-30 szemet tartalmaz.<\/span><\/h5>\n<h5><span class=\"gmail-text\"><br \/>\nVet\u00e9s: \u00e1prilis-j\u00falius. <\/span><\/h5>\n<h5><span class=\"gmail-text\">Vet\u00e9s m\u00e9lys\u00e9g: 2-3 cm. <\/span><\/h5>\n<h5><span class=\"gmail-text\">Szed\u00e9s: j\u00falius-szeptember.<br \/>\n<\/span><\/h5>\n<h5><span class=\"gmail-text\">Az EU el\u0151\u00edr\u00e1sainak megfelel\u0151\u00a0 standard vet\u0151mag. N\u00f6v\u00e9ny\u00fatlev\u00e9l sz\u00e1m: HU 130035<br \/>\nRoyalfloval cs\u00e1v\u00e1zott vet\u0151mag. Hat\u00f3anyag TMTD Gyermekek kez\u00e9be nem ker\u00fclhet! \u00c9lelmiszert\u0151l, italt\u00f3l \u00e9s takarm\u00e1nyt\u00f3l t\u00e1vol tartand\u00f3! Haszn\u00e1lat k\u00f6zben enni, inni, doh\u00e1nyozni tilos!Szem\u00f6lcs\u00f6s, s\u00f6t\u00e9tz\u00f6ld sz\u00edn\u0171 berak\u00f3 uborka. Legjobban terem, ha 8 cm-es korban szedj\u00fck. Eg\u00e9szs\u00e9ges, b\u0151ven term\u0151 fajta, nem keseredik.<\/span><\/h5>\n","protected":false},"featured_media":13546,"comment_status":"closed","ping_status":"closed","template":"","meta":[],"product_brand":[],"product_cat":[260],"product_tag":[],"class_list":{"0":"post-13545","1":"product","2":"type-product","3":"status-publish","4":"has-post-thumbnail","6":"product_cat-uborka","8":"first","9":"instock","10":"taxable","11":"shipping-taxable","12":"purchasable","13":"product-type-simple"},"_links":{"self":[{"href":"https:\/\/chilimag.hu\/webshop\/wp-json\/wp\/v2\/product\/13545","targetHints":{"allow":["GET"]}}],"collection":[{"href":"https:\/\/chilimag.hu\/webshop\/wp-json\/wp\/v2\/product"}],"about":[{"href":"https:\/\/chilimag.hu\/webshop\/wp-json\/wp\/v2\/types\/product"}],"replies":[{"embeddable":true,"href":"https:\/\/chilimag.hu\/webshop\/wp-json\/wp\/v2\/comments?post=13545"}],"wp:featuredmedia":[{"embeddable":true,"href":"https:\/\/chilimag.hu\/webshop\/wp-json\/wp\/v2\/media\/13546"}],"wp:attachment":[{"href":"https:\/\/chilimag.hu\/webshop\/wp-json\/wp\/v2\/media?parent=13545"}],"wp:term":[{"taxonomy":"product_brand","embeddable":true,"href":"https:\/\/chilimag.hu\/webshop\/wp-json\/wp\/v2\/product_brand?post=13545"},{"taxonomy":"product_cat","embeddable":true,"href":"https:\/\/chilimag.hu\/webshop\/wp-json\/wp\/v2\/product_cat?post=13545"},{"taxonomy":"product_tag","embeddable":true,"href":"https:\/\/chilimag.hu\/webshop\/wp-json\/wp\/v2\/product_tag?post=13545"}],"curies":[{"name":"wp","href":"https:\/\/api.w.org\/{rel}","templated":true}]}}