{"id":13541,"date":"2021-03-12T09:18:05","date_gmt":"2021-03-12T09:18:05","guid":{"rendered":"https:\/\/chilimag.hu\/webshop\/?post_type=product&#038;p=13541"},"modified":"2026-01-04T17:18:47","modified_gmt":"2026-01-04T17:18:47","slug":"hegykoi-zeller-royal","status":"publish","type":"product","link":"https:\/\/chilimag.hu\/webshop\/termek\/hegykoi-zeller-royal\/","title":{"rendered":"Zeller Hegyk\u0151i Royal 1"},"content":{"rendered":"<div>\n<h5><\/h5>\n<\/div>\n<div><\/div>\n","protected":false},"excerpt":{"rendered":"<h5><span class=\"gmail-text\">Kb.1800-2000 szemet tartalmaz.<\/span><\/h5>\n<h5><span class=\"gmail-text\"><br \/>\nVet\u00e9s: febru\u00e1r &#8211; m\u00e1rcius. <\/span><\/h5>\n<h5><span class=\"gmail-text\">Vet\u00e9s m\u00e9lys\u00e9g: 0,5 cm. <\/span><\/h5>\n<h5><span class=\"gmail-text\">Pal\u00e1nt\u00e1z\u00e1s: \u00e1prilis-m\u00e1jus, <\/span><\/h5>\n<h5><span class=\"gmail-text\">Szed\u00e9s: szeptember.<\/span><\/h5>\n<h5>J\u00f3l t\u00e1rolhat\u00f3, szabadf\u00f6ldi fajta. Lombja s\u0171r\u0171, er\u0151s, s\u00f6t\u00e9tz\u00f6ld. Gum\u00f3ja k\u00f6z\u00e9pnagy, h\u00fasa feh\u00e9r.<\/h5>\n","protected":false},"featured_media":13542,"comment_status":"closed","ping_status":"closed","template":"","meta":[],"product_brand":[],"product_cat":[257],"product_tag":[],"class_list":{"0":"post-13541","1":"product","2":"type-product","3":"status-publish","4":"has-post-thumbnail","6":"product_cat-gyokerzoldsegek","8":"first","9":"outofstock","10":"taxable","11":"shipping-taxable","12":"purchasable","13":"product-type-simple"},"_links":{"self":[{"href":"https:\/\/chilimag.hu\/webshop\/wp-json\/wp\/v2\/product\/13541","targetHints":{"allow":["GET"]}}],"collection":[{"href":"https:\/\/chilimag.hu\/webshop\/wp-json\/wp\/v2\/product"}],"about":[{"href":"https:\/\/chilimag.hu\/webshop\/wp-json\/wp\/v2\/types\/product"}],"replies":[{"embeddable":true,"href":"https:\/\/chilimag.hu\/webshop\/wp-json\/wp\/v2\/comments?post=13541"}],"wp:featuredmedia":[{"embeddable":true,"href":"https:\/\/chilimag.hu\/webshop\/wp-json\/wp\/v2\/media\/13542"}],"wp:attachment":[{"href":"https:\/\/chilimag.hu\/webshop\/wp-json\/wp\/v2\/media?parent=13541"}],"wp:term":[{"taxonomy":"product_brand","embeddable":true,"href":"https:\/\/chilimag.hu\/webshop\/wp-json\/wp\/v2\/product_brand?post=13541"},{"taxonomy":"product_cat","embeddable":true,"href":"https:\/\/chilimag.hu\/webshop\/wp-json\/wp\/v2\/product_cat?post=13541"},{"taxonomy":"product_tag","embeddable":true,"href":"https:\/\/chilimag.hu\/webshop\/wp-json\/wp\/v2\/product_tag?post=13541"}],"curies":[{"name":"wp","href":"https:\/\/api.w.org\/{rel}","templated":true}]}}