{"id":13536,"date":"2021-03-12T09:14:37","date_gmt":"2021-03-12T09:14:37","guid":{"rendered":"https:\/\/chilimag.hu\/webshop\/?post_type=product&#038;p=13536"},"modified":"2026-01-04T17:16:30","modified_gmt":"2026-01-04T17:16:30","slug":"fertodi-felhosszu-petrezselyem-royal","status":"publish","type":"product","link":"https:\/\/chilimag.hu\/webshop\/termek\/fertodi-felhosszu-petrezselyem-royal\/","title":{"rendered":"Pasztin\u00e1k Fert\u0151di F\u00e9lhossz\u00fa Royal 1"},"content":{"rendered":"","protected":false},"excerpt":{"rendered":"<div><\/div>\n<div>Kb. 600-700 szemet tartalmaz.<br \/>\n<span class=\"gmail-text\">Vet\u00e9s: m\u00e1rcius-\u00e1prilis. <\/span><\/div>\n<div><span class=\"gmail-text\">Vet\u00e9s m\u00e9lys\u00e9g: 3 cm. <\/span><\/div>\n<div>\n<p><span class=\"gmail-text\">Szed\u00e9s: szeptember.<\/span><\/p>\n<h5><span class=\"gmail-text\">Az EU el\u0151\u00edr\u00e1sainak megfelel\u0151\u00a0 standard vet\u0151mag. N\u00f6v\u00e9ny\u00fatlev\u00e9l sz\u00e1m: HU 130035<br \/>\nRoyalfloval cs\u00e1v\u00e1zott vet\u0151mag. Hat\u00f3anyag TMTD Gyermekek kez\u00e9be nem ker\u00fclhet! \u00c9lelmiszert\u0151l, italt\u00f3l \u00e9s takarm\u00e1nyt\u00f3l t\u00e1vol tartand\u00f3! Haszn\u00e1lat k\u00f6zben enni, inni, doh\u00e1nyozni tilos!<\/span><span class=\"gmail-text\">Hossz\u00fa teny\u00e9szidej\u0171, feh\u00e9r sz\u00edn\u0171, t\u00f6m\u00f6tt h\u00fas\u00fa fajta. A gy\u00f6k\u00e9r 25-30 cm hossz\u00fa, felsz\u00edne enyh\u00e9n gy\u0171r\u00f6tt. J\u00f3l t\u00e1rolhat\u00f3.<\/span><\/h5>\n<\/div>\n","protected":false},"featured_media":13537,"comment_status":"closed","ping_status":"closed","template":"","meta":[],"product_brand":[],"product_cat":[257],"product_tag":[],"class_list":{"0":"post-13536","1":"product","2":"type-product","3":"status-publish","4":"has-post-thumbnail","6":"product_cat-gyokerzoldsegek","8":"first","9":"outofstock","10":"taxable","11":"shipping-taxable","12":"purchasable","13":"product-type-simple"},"_links":{"self":[{"href":"https:\/\/chilimag.hu\/webshop\/wp-json\/wp\/v2\/product\/13536","targetHints":{"allow":["GET"]}}],"collection":[{"href":"https:\/\/chilimag.hu\/webshop\/wp-json\/wp\/v2\/product"}],"about":[{"href":"https:\/\/chilimag.hu\/webshop\/wp-json\/wp\/v2\/types\/product"}],"replies":[{"embeddable":true,"href":"https:\/\/chilimag.hu\/webshop\/wp-json\/wp\/v2\/comments?post=13536"}],"wp:featuredmedia":[{"embeddable":true,"href":"https:\/\/chilimag.hu\/webshop\/wp-json\/wp\/v2\/media\/13537"}],"wp:attachment":[{"href":"https:\/\/chilimag.hu\/webshop\/wp-json\/wp\/v2\/media?parent=13536"}],"wp:term":[{"taxonomy":"product_brand","embeddable":true,"href":"https:\/\/chilimag.hu\/webshop\/wp-json\/wp\/v2\/product_brand?post=13536"},{"taxonomy":"product_cat","embeddable":true,"href":"https:\/\/chilimag.hu\/webshop\/wp-json\/wp\/v2\/product_cat?post=13536"},{"taxonomy":"product_tag","embeddable":true,"href":"https:\/\/chilimag.hu\/webshop\/wp-json\/wp\/v2\/product_tag?post=13536"}],"curies":[{"name":"wp","href":"https:\/\/api.w.org\/{rel}","templated":true}]}}