{"id":13532,"date":"2021-03-12T09:12:44","date_gmt":"2021-03-12T09:12:44","guid":{"rendered":"https:\/\/chilimag.hu\/webshop\/?post_type=product&#038;p=13532"},"modified":"2026-03-08T20:30:13","modified_gmt":"2026-03-08T20:30:13","slug":"nanti-forto-repa-royal","status":"publish","type":"product","link":"https:\/\/chilimag.hu\/webshop\/termek\/nanti-forto-repa-royal\/","title":{"rendered":"S\u00e1rgar\u00e9pa Nanti Forto Royal 1"},"content":{"rendered":"","protected":false},"excerpt":{"rendered":"<h5><span class=\"gmail-text\">Kb. 3000-3300 szemet tartalmaz.<br \/>\nVet\u00e9s: m\u00e1rcius. <\/span><\/h5>\n<h5><span class=\"gmail-text\">Vet\u00e9s m\u00e9lys\u00e9g: 1,5-2 cm. <\/span><\/h5>\n<h5><span class=\"gmail-text\">Szed\u00e9s: j\u00falius-augusztus.<br \/>\n<\/span><\/h5>\n<h5><span class=\"gmail-text\">Az EU el\u0151\u00edr\u00e1sainak megfelel\u0151\u00a0 standard vet\u0151mag. N\u00f6v\u00e9ny\u00fatlev\u00e9l sz\u00e1m: HU 130035<br \/>\nRoyalfloval cs\u00e1v\u00e1zott vet\u0151mag. Hat\u00f3anyag TMTD Gyermekek kez\u00e9be nem ker\u00fclhet! \u00c9lelmiszert\u0151l, italt\u00f3l \u00e9s takarm\u00e1nyt\u00f3l t\u00e1vol tartand\u00f3! Haszn\u00e1lat k\u00f6zben enni, inni, doh\u00e1nyozni tilos!\u0150szi fogyaszt\u00e1sra, t\u00e9li t\u00e1rol\u00e1sra \u00e9s friss fogyaszt\u00e1sra is kiv\u00e1l\u00f3an alkalmas fajta. A gy\u00f6k\u00e9r 18-20 cm hossz\u00fa, egyenletesen vastag, henger alak\u00fa, sima fel\u00fclet\u0171, tompa v\u00e9g\u0171.<br \/>\n<\/span><\/h5>\n","protected":false},"featured_media":13533,"comment_status":"closed","ping_status":"closed","template":"","meta":[],"product_brand":[],"product_cat":[257],"product_tag":[],"class_list":{"0":"post-13532","1":"product","2":"type-product","3":"status-publish","4":"has-post-thumbnail","6":"product_cat-gyokerzoldsegek","8":"first","9":"instock","10":"taxable","11":"shipping-taxable","12":"purchasable","13":"product-type-simple"},"_links":{"self":[{"href":"https:\/\/chilimag.hu\/webshop\/wp-json\/wp\/v2\/product\/13532","targetHints":{"allow":["GET"]}}],"collection":[{"href":"https:\/\/chilimag.hu\/webshop\/wp-json\/wp\/v2\/product"}],"about":[{"href":"https:\/\/chilimag.hu\/webshop\/wp-json\/wp\/v2\/types\/product"}],"replies":[{"embeddable":true,"href":"https:\/\/chilimag.hu\/webshop\/wp-json\/wp\/v2\/comments?post=13532"}],"wp:featuredmedia":[{"embeddable":true,"href":"https:\/\/chilimag.hu\/webshop\/wp-json\/wp\/v2\/media\/13533"}],"wp:attachment":[{"href":"https:\/\/chilimag.hu\/webshop\/wp-json\/wp\/v2\/media?parent=13532"}],"wp:term":[{"taxonomy":"product_brand","embeddable":true,"href":"https:\/\/chilimag.hu\/webshop\/wp-json\/wp\/v2\/product_brand?post=13532"},{"taxonomy":"product_cat","embeddable":true,"href":"https:\/\/chilimag.hu\/webshop\/wp-json\/wp\/v2\/product_cat?post=13532"},{"taxonomy":"product_tag","embeddable":true,"href":"https:\/\/chilimag.hu\/webshop\/wp-json\/wp\/v2\/product_tag?post=13532"}],"curies":[{"name":"wp","href":"https:\/\/api.w.org\/{rel}","templated":true}]}}