{"id":13530,"date":"2021-03-12T09:11:42","date_gmt":"2021-03-12T09:11:42","guid":{"rendered":"https:\/\/chilimag.hu\/webshop\/?post_type=product&#038;p=13530"},"modified":"2026-01-04T17:18:25","modified_gmt":"2026-01-04T17:18:25","slug":"voros-orias-repa-royal","status":"publish","type":"product","link":"https:\/\/chilimag.hu\/webshop\/termek\/voros-orias-repa-royal\/","title":{"rendered":"S\u00e1rgar\u00e9pa V\u00f6r\u00f6s \u00d3ri\u00e1s R\u00e9pa Royal 1"},"content":{"rendered":"","protected":false},"excerpt":{"rendered":"<h5><span class=\"gmail-text\">Kb. 3000-3300 szemet tartalmaz.<br \/>\nVet\u00e9s: m\u00e1rcius. <\/span><\/h5>\n<h5><span class=\"gmail-text\">Vet\u00e9s m\u00e9lys\u00e9g: 1,5-2 cm.<\/span><\/h5>\n<h5><span class=\"gmail-text\"> Szed\u00e9s: szeptember &#8211; okt\u00f3ber.<br \/>\n<\/span><\/h5>\n<h5><span class=\"gmail-text\">Az EU el\u0151\u00edr\u00e1sainak megfelel\u0151\u00a0 standard vet\u0151mag. N\u00f6v\u00e9ny\u00fatlev\u00e9l sz\u00e1m: HU 130035<br \/>\nRoyalfloval cs\u00e1v\u00e1zott vet\u0151mag. Hat\u00f3anyag TMTD Gyermekek kez\u00e9be nem ker\u00fclhet! \u00c9lelmiszert\u0151l, italt\u00f3l \u00e9s takarm\u00e1nyt\u00f3l t\u00e1vol tartand\u00f3! Haszn\u00e1lat k\u00f6zben enni, inni, doh\u00e1nyozni tilos!Hossz\u00fa teny\u00e9szidej\u0171 fajta. A gy\u00f6k\u00e9r 20-25cm hossz\u00fa, hengeres, a v\u00e9g\u00e9n kiss\u00e9 hegyesed\u0151. Vastag gy\u00f6kerei narancsv\u00f6r\u00f6sek, nagy sz\u00edvr\u00e9sszel. Betegs\u00e9gekre nem hajlamos, sokat terem. K\u00e9sei betakar\u00edt\u00e1sra, t\u00e1rol\u00e1sra alkalmas. Szed\u00e9skor kev\u00e9sb\u00e9 t\u00f6rik.<\/span><\/h5>\n","protected":false},"featured_media":13531,"comment_status":"closed","ping_status":"closed","template":"","meta":[],"product_brand":[],"product_cat":[257],"product_tag":[],"class_list":{"0":"post-13530","1":"product","2":"type-product","3":"status-publish","4":"has-post-thumbnail","6":"product_cat-gyokerzoldsegek","8":"first","9":"instock","10":"taxable","11":"shipping-taxable","12":"purchasable","13":"product-type-simple"},"_links":{"self":[{"href":"https:\/\/chilimag.hu\/webshop\/wp-json\/wp\/v2\/product\/13530","targetHints":{"allow":["GET"]}}],"collection":[{"href":"https:\/\/chilimag.hu\/webshop\/wp-json\/wp\/v2\/product"}],"about":[{"href":"https:\/\/chilimag.hu\/webshop\/wp-json\/wp\/v2\/types\/product"}],"replies":[{"embeddable":true,"href":"https:\/\/chilimag.hu\/webshop\/wp-json\/wp\/v2\/comments?post=13530"}],"wp:featuredmedia":[{"embeddable":true,"href":"https:\/\/chilimag.hu\/webshop\/wp-json\/wp\/v2\/media\/13531"}],"wp:attachment":[{"href":"https:\/\/chilimag.hu\/webshop\/wp-json\/wp\/v2\/media?parent=13530"}],"wp:term":[{"taxonomy":"product_brand","embeddable":true,"href":"https:\/\/chilimag.hu\/webshop\/wp-json\/wp\/v2\/product_brand?post=13530"},{"taxonomy":"product_cat","embeddable":true,"href":"https:\/\/chilimag.hu\/webshop\/wp-json\/wp\/v2\/product_cat?post=13530"},{"taxonomy":"product_tag","embeddable":true,"href":"https:\/\/chilimag.hu\/webshop\/wp-json\/wp\/v2\/product_tag?post=13530"}],"curies":[{"name":"wp","href":"https:\/\/api.w.org\/{rel}","templated":true}]}}