{"id":13526,"date":"2021-03-12T09:09:25","date_gmt":"2021-03-12T09:09:25","guid":{"rendered":"https:\/\/chilimag.hu\/webshop\/?post_type=product&#038;p=13526"},"modified":"2026-03-14T17:38:23","modified_gmt":"2026-03-14T17:38:23","slug":"yolo-wonder-paprika-royal","status":"publish","type":"product","link":"https:\/\/chilimag.hu\/webshop\/termek\/yolo-wonder-paprika-royal\/","title":{"rendered":"Paprika Yolo Wonder  Royal 1"},"content":{"rendered":"<h5><\/h5>\n","protected":false},"excerpt":{"rendered":"<h5><span class=\"gmail-text\">Kb. 45-50 szemet tartalmaz.<\/span><span class=\"gmail-text\">Vet\u00e9s: m\u00e1rcius. <\/span><\/h5>\n<h5><span class=\"gmail-text\">Vet\u00e9s m\u00e9lys\u00e9g: 1 cm. Pal\u00e1nt\u00e1z\u00e1s: m\u00e1jus. <\/span><\/h5>\n<h5><span class=\"gmail-text\">Szed\u00e9s: augusztus-szeptember.<br \/>\n<\/span><\/h5>\n<h5><span class=\"gmail-text\">Az EU el\u0151\u00edr\u00e1sainak megfelel\u0151\u00a0 standard vet\u0151mag. N\u00f6v\u00e9ny\u00fatlev\u00e9l sz\u00e1m: HU 130035<br \/>\nRoyalfloval cs\u00e1v\u00e1zott vet\u0151mag. Hat\u00f3anyag TMTD Gyermekek kez\u00e9be nem ker\u00fclhet! \u00c9lelmiszert\u0151l, italt\u00f3l \u00e9s takarm\u00e1nyt\u00f3l t\u00e1vol tartand\u00f3! Haszn\u00e1lat k\u00f6zben enni, inni, doh\u00e1nyozni tilos!Hossz\u00fa teny\u00e9szidej\u0171, bet\u0171rt v\u00e9g\u0171, z\u00f6ldb\u0151l <\/span><span class=\"gmail-text\">pirosra \u00e9r\u0151 paprika. Bogy\u00f3ja k\u00f6zel kocka alak\u00fa, v\u00e1llsz\u00e9less\u00e9ge \u00e9s hossza is 8-10 cm. H\u00fasa vastag, ropog\u00f3s.<\/span><\/h5>\n","protected":false},"featured_media":13527,"comment_status":"closed","ping_status":"closed","template":"","meta":[],"product_brand":[],"product_cat":[259],"product_tag":[],"class_list":{"0":"post-13526","1":"product","2":"type-product","3":"status-publish","4":"has-post-thumbnail","6":"product_cat-paprika-royal-sluis","8":"first","9":"instock","10":"taxable","11":"shipping-taxable","12":"purchasable","13":"product-type-simple"},"_links":{"self":[{"href":"https:\/\/chilimag.hu\/webshop\/wp-json\/wp\/v2\/product\/13526","targetHints":{"allow":["GET"]}}],"collection":[{"href":"https:\/\/chilimag.hu\/webshop\/wp-json\/wp\/v2\/product"}],"about":[{"href":"https:\/\/chilimag.hu\/webshop\/wp-json\/wp\/v2\/types\/product"}],"replies":[{"embeddable":true,"href":"https:\/\/chilimag.hu\/webshop\/wp-json\/wp\/v2\/comments?post=13526"}],"wp:featuredmedia":[{"embeddable":true,"href":"https:\/\/chilimag.hu\/webshop\/wp-json\/wp\/v2\/media\/13527"}],"wp:attachment":[{"href":"https:\/\/chilimag.hu\/webshop\/wp-json\/wp\/v2\/media?parent=13526"}],"wp:term":[{"taxonomy":"product_brand","embeddable":true,"href":"https:\/\/chilimag.hu\/webshop\/wp-json\/wp\/v2\/product_brand?post=13526"},{"taxonomy":"product_cat","embeddable":true,"href":"https:\/\/chilimag.hu\/webshop\/wp-json\/wp\/v2\/product_cat?post=13526"},{"taxonomy":"product_tag","embeddable":true,"href":"https:\/\/chilimag.hu\/webshop\/wp-json\/wp\/v2\/product_tag?post=13526"}],"curies":[{"name":"wp","href":"https:\/\/api.w.org\/{rel}","templated":true}]}}