{"id":1346,"date":"2015-02-22T13:56:08","date_gmt":"2015-02-22T13:56:08","guid":{"rendered":"https:\/\/chilimag.hu\/webshop\/?post_type=product&#038;p=1346"},"modified":"2025-08-11T12:42:38","modified_gmt":"2025-08-11T12:42:38","slug":"green-giant","status":"publish","type":"product","link":"https:\/\/chilimag.hu\/webshop\/termek\/green-giant\/","title":{"rendered":"Green Giant B Paradicsom"},"content":{"rendered":"","protected":false},"excerpt":{"rendered":"<div id=\"productDescription\" class=\"content\">\n<p><img decoding=\"async\" src=\"https:\/\/chilimag.hu\/webshop\/wp-content\/uploads\/2014\/11\/chilimag-logo-2-150x150.jpg\" \/><\/p>\n<p>&nbsp;<\/p>\n<p>Le\u00edr\u00e1s<\/p>\n<p>Pr\u00f3b\u00e1ink legterm\u00e9kenyebb \u00e9s legjobb \u00edz\u0171 paradicsoma! A nagy smaragdz\u00f6ld gy\u00fcm\u00f6lcs t\u00f6bb mint egy kilogramm s\u00faly\u00fa, egyenletes, nagyon sima \u00e9s foltmentes. A sz\u00edn tiszta z\u00f6ld marad m\u00e9g \u00e9rett \u00e1llapotban is! A n\u00f6v\u00e9nyek nagyon robusztusak \u00e9s t\u00e9p\u00e9st ig\u00e9nyelnek. Nagyon kev\u00e9s mag; kiemelked\u0151, \u00f6sszetett \u00edz \u2013 nagyon \u00e9des \u00e9s l\u00e9d\u00fas.\u00a0Hat\u00e1rozatlan\u00a0Fajt\u00e1ja: beefsteak,Jellege: folytonn\u00f6v\u0151,S\u00falya: 250-500 gr.<\/p>\n<p>Gondoz\u00e1sa:A\u00a0paradicsomot, \u00fcvegh\u00e1zban vagy a szabadban termesztheti. Az optim\u00e1lis cs\u00edr\u00e1z\u00e1si h\u0151m\u00e9rs\u00e9klet 20 \u00e9s 25\u00b0C k\u00f6z\u00f6tt van, a cs\u00edr\u00e1z\u00e1s 8-14 nap ut\u00e1n k\u00f6vetkezik be. Felgyors\u00edthatja a cs\u00edr\u00e1z\u00e1si folyamatot, ha a magokat egy \u00e9jszak\u00e1n \u00e1t nedves ruh\u00e1ban hagyja \u00e1zni. V\u00e1rjon az utols\u00f3 fagy ut\u00e1n a kiv\u00e1lasztott n\u00f6v\u00e9nyek \u00fcltet\u00e9s\u00e9vel.<\/p>\n<p>A paradicsomnak friss, j\u00f3l tr\u00e1gy\u00e1zott, v\u00edz\u00e1tereszt\u0151 talajra van sz\u00fcks\u00e9ge, amelyet nedvesen (de nem nedvesen!) kell tartani. Napos, v\u00e9dett helyre kell \u00fcltetni, ahol legal\u00e1bb 6 \u00f3ra napf\u00e9ny \u2013 lehet\u0151leg t\u00f6bb.<\/p>\n<p>A csomag 10 szem magot tartalmaz<\/p>\n<\/div>\n","protected":false},"featured_media":1347,"comment_status":"closed","ping_status":"closed","template":"","meta":[],"product_brand":[],"product_cat":[10],"product_tag":[],"class_list":{"0":"post-1346","1":"product","2":"type-product","3":"status-publish","4":"has-post-thumbnail","6":"product_cat-paradicsom","8":"first","9":"instock","10":"taxable","11":"shipping-taxable","12":"purchasable","13":"product-type-simple"},"_links":{"self":[{"href":"https:\/\/chilimag.hu\/webshop\/wp-json\/wp\/v2\/product\/1346","targetHints":{"allow":["GET"]}}],"collection":[{"href":"https:\/\/chilimag.hu\/webshop\/wp-json\/wp\/v2\/product"}],"about":[{"href":"https:\/\/chilimag.hu\/webshop\/wp-json\/wp\/v2\/types\/product"}],"replies":[{"embeddable":true,"href":"https:\/\/chilimag.hu\/webshop\/wp-json\/wp\/v2\/comments?post=1346"}],"wp:featuredmedia":[{"embeddable":true,"href":"https:\/\/chilimag.hu\/webshop\/wp-json\/wp\/v2\/media\/1347"}],"wp:attachment":[{"href":"https:\/\/chilimag.hu\/webshop\/wp-json\/wp\/v2\/media?parent=1346"}],"wp:term":[{"taxonomy":"product_brand","embeddable":true,"href":"https:\/\/chilimag.hu\/webshop\/wp-json\/wp\/v2\/product_brand?post=1346"},{"taxonomy":"product_cat","embeddable":true,"href":"https:\/\/chilimag.hu\/webshop\/wp-json\/wp\/v2\/product_cat?post=1346"},{"taxonomy":"product_tag","embeddable":true,"href":"https:\/\/chilimag.hu\/webshop\/wp-json\/wp\/v2\/product_tag?post=1346"}],"curies":[{"name":"wp","href":"https:\/\/api.w.org\/{rel}","templated":true}]}}