{"id":13447,"date":"2021-03-09T18:37:12","date_gmt":"2021-03-09T18:37:12","guid":{"rendered":"https:\/\/chilimag.hu\/webshop\/?post_type=product&#038;p=13447"},"modified":"2026-01-21T13:12:19","modified_gmt":"2026-01-21T13:12:19","slug":"biofito-novenyapolo-permet-tetvekre-500-ml","status":"publish","type":"product","link":"https:\/\/chilimag.hu\/webshop\/termek\/biofito-novenyapolo-permet-tetvekre-500-ml\/","title":{"rendered":"BIOFITO N\u00f6v\u00e9ny\u00e1pol\u00f3 permet tetvekre 500 ml"},"content":{"rendered":"","protected":false},"excerpt":{"rendered":"<p>500 ml<\/p>\n","protected":false},"featured_media":13448,"comment_status":"closed","ping_status":"closed","template":"","meta":[],"product_brand":[],"product_cat":[391],"product_tag":[],"class_list":{"0":"post-13447","1":"product","2":"type-product","3":"status-publish","4":"has-post-thumbnail","6":"product_cat-egyeb-tapoldatok","8":"first","9":"instock","10":"taxable","11":"shipping-taxable","12":"purchasable","13":"product-type-simple"},"_links":{"self":[{"href":"https:\/\/chilimag.hu\/webshop\/wp-json\/wp\/v2\/product\/13447","targetHints":{"allow":["GET"]}}],"collection":[{"href":"https:\/\/chilimag.hu\/webshop\/wp-json\/wp\/v2\/product"}],"about":[{"href":"https:\/\/chilimag.hu\/webshop\/wp-json\/wp\/v2\/types\/product"}],"replies":[{"embeddable":true,"href":"https:\/\/chilimag.hu\/webshop\/wp-json\/wp\/v2\/comments?post=13447"}],"wp:featuredmedia":[{"embeddable":true,"href":"https:\/\/chilimag.hu\/webshop\/wp-json\/wp\/v2\/media\/13448"}],"wp:attachment":[{"href":"https:\/\/chilimag.hu\/webshop\/wp-json\/wp\/v2\/media?parent=13447"}],"wp:term":[{"taxonomy":"product_brand","embeddable":true,"href":"https:\/\/chilimag.hu\/webshop\/wp-json\/wp\/v2\/product_brand?post=13447"},{"taxonomy":"product_cat","embeddable":true,"href":"https:\/\/chilimag.hu\/webshop\/wp-json\/wp\/v2\/product_cat?post=13447"},{"taxonomy":"product_tag","embeddable":true,"href":"https:\/\/chilimag.hu\/webshop\/wp-json\/wp\/v2\/product_tag?post=13447"}],"curies":[{"name":"wp","href":"https:\/\/api.w.org\/{rel}","templated":true}]}}