{"id":13325,"date":"2021-03-05T19:26:26","date_gmt":"2021-03-05T19:26:26","guid":{"rendered":"https:\/\/chilimag.hu\/webshop\/?post_type=product&#038;p=13325"},"modified":"2026-02-13T20:14:14","modified_gmt":"2026-02-13T20:14:14","slug":"kecskemeti-lila-padlizsan-royal","status":"publish","type":"product","link":"https:\/\/chilimag.hu\/webshop\/termek\/kecskemeti-lila-padlizsan-royal\/","title":{"rendered":"Padlizs\u00e1n Kecskem\u00e9ti Lila Royal 1"},"content":{"rendered":"<div class=\"gmail-linked\">\n<div class=\"gmail-linked-title\">\n<div><span style=\"color: #767575; font-family: Titillium Web, sans-serif;\">\u00a0<\/span><\/div>\n<\/div>\n<\/div>\n<div class=\"gmail-linked\">\n<div class=\"gmail-linked-title\">\n<div><\/div>\n<div><\/div>\n<\/div>\n<\/div>\n","protected":false},"excerpt":{"rendered":"<p>Kb. 220-230 szemet tartalmaz.<br \/>\nVet\u00e9s: febru\u00e1r-m\u00e1rcius. Vet\u00e9s m\u00e9lys\u00e9g: 1 cm. Pal\u00e1nt\u00e1z\u00e1s: m\u00e1jus. Szed\u00e9s: j\u00falius-szeptember.<\/p>\n<p>Az EU el\u0151\u00edr\u00e1sainak megfelel\u0151\u00a0 standard vet\u0151mag. N\u00f6v\u00e9ny\u00fatlev\u00e9l sz\u00e1m: HU 130035<br \/>\nRoyalfloval cs\u00e1v\u00e1zott vet\u0151mag. Hat\u00f3anyag TMTD Gyermekek kez\u00e9be nem ker\u00fclhet! \u00c9lelmiszert\u0151l, italt\u00f3l \u00e9s takarm\u00e1nyt\u00f3l t\u00e1vol tartand\u00f3! Haszn\u00e1lat k\u00f6zben enni, inni, doh\u00e1nyozni tilos!<\/p>\n<p><strong>Toj\u00e1sgy\u00fcm\u00f6lcs, padlizs\u00e1n.<\/strong><\/p>\n<p>K\u00f6z\u00e9pkorai \u00e9r\u00e9s\u0171. Term\u00e9se f\u00e9lhossz\u00fa, ov\u00e1lis. H\u00fasa kr\u00e9msz\u00edn\u0171. F\u00f3lia alatt \u00e9s szabadf\u00f6ld\u00f6n is termeszthet\u0151. Friss fogyaszt\u00e1sra \u00e9s feldolgoz\u00e1sra is alkalmas.<\/p>\n","protected":false},"featured_media":13326,"comment_status":"closed","ping_status":"closed","template":"","meta":[],"product_brand":[],"product_cat":[268],"product_tag":[],"class_list":{"0":"post-13325","1":"product","2":"type-product","3":"status-publish","4":"has-post-thumbnail","6":"product_cat-egyeb-termekek","8":"first","9":"instock","10":"taxable","11":"shipping-taxable","12":"purchasable","13":"product-type-simple"},"_links":{"self":[{"href":"https:\/\/chilimag.hu\/webshop\/wp-json\/wp\/v2\/product\/13325","targetHints":{"allow":["GET"]}}],"collection":[{"href":"https:\/\/chilimag.hu\/webshop\/wp-json\/wp\/v2\/product"}],"about":[{"href":"https:\/\/chilimag.hu\/webshop\/wp-json\/wp\/v2\/types\/product"}],"replies":[{"embeddable":true,"href":"https:\/\/chilimag.hu\/webshop\/wp-json\/wp\/v2\/comments?post=13325"}],"wp:featuredmedia":[{"embeddable":true,"href":"https:\/\/chilimag.hu\/webshop\/wp-json\/wp\/v2\/media\/13326"}],"wp:attachment":[{"href":"https:\/\/chilimag.hu\/webshop\/wp-json\/wp\/v2\/media?parent=13325"}],"wp:term":[{"taxonomy":"product_brand","embeddable":true,"href":"https:\/\/chilimag.hu\/webshop\/wp-json\/wp\/v2\/product_brand?post=13325"},{"taxonomy":"product_cat","embeddable":true,"href":"https:\/\/chilimag.hu\/webshop\/wp-json\/wp\/v2\/product_cat?post=13325"},{"taxonomy":"product_tag","embeddable":true,"href":"https:\/\/chilimag.hu\/webshop\/wp-json\/wp\/v2\/product_tag?post=13325"}],"curies":[{"name":"wp","href":"https:\/\/api.w.org\/{rel}","templated":true}]}}