{"id":13285,"date":"2021-03-05T19:06:37","date_gmt":"2021-03-05T19:06:37","guid":{"rendered":"https:\/\/chilimag.hu\/webshop\/?post_type=product&#038;p=13285"},"modified":"2026-02-08T20:34:23","modified_gmt":"2026-02-08T20:34:23","slug":"kurtovszka-kapai-paprika-royal","status":"publish","type":"product","link":"https:\/\/chilimag.hu\/webshop\/termek\/kurtovszka-kapai-paprika-royal\/","title":{"rendered":"Paprika Kurtovszka\u00a0k\u00e1pai  Royal 1"},"content":{"rendered":"","protected":false},"excerpt":{"rendered":"<p>Kb. 45-50 szemet tartalmaz.<\/p>\n<p>Vet\u00e9s: m\u00e1rcius. Vet\u00e9s m\u00e9lys\u00e9g: 1 cm. Pal\u00e1nt\u00e1z\u00e1s: m\u00e1jus. Szed\u00e9s: augusztus &#8211; szeptember<\/p>\n<p>Az EU el\u0151\u00edr\u00e1sainak megfelel\u0151\u00a0 standard vet\u0151mag. N\u00f6v\u00e9ny\u00fatlev\u00e9l sz\u00e1m: HU 130035<br \/>\nRoyalfloval cs\u00e1v\u00e1zott vet\u0151mag. Hat\u00f3anyag TMTD Gyermekek kez\u00e9be nem ker\u00fclhet! \u00c9lelmiszert\u0151l, italt\u00f3l \u00e9s takarm\u00e1nyt\u00f3l t\u00e1vol tartand\u00f3! Haszn\u00e1lat k\u00f6zben enni, inni, doh\u00e1nyozni tilos!Vastag h\u00fas\u00fa, s\u00f6t\u00e9tz\u00f6ldb\u0151l s\u00f6t\u00e9tpirosba \u00e9r\u0151 fajta Szed\u00e9s ut\u00e1n tov\u00e1bb t\u00e1rolhat\u00f3. Er\u0151teljes n\u00f6veked\u00e9s\u0171. Hajtat\u00e1sra \u00e9s szabadf\u00f6ldi termeszt\u00e9sre is alkalmas.<\/p>\n","protected":false},"featured_media":13286,"comment_status":"closed","ping_status":"closed","template":"","meta":[],"product_brand":[],"product_cat":[259],"product_tag":[],"class_list":{"0":"post-13285","1":"product","2":"type-product","3":"status-publish","4":"has-post-thumbnail","6":"product_cat-paprika-royal-sluis","8":"first","9":"outofstock","10":"taxable","11":"shipping-taxable","12":"purchasable","13":"product-type-simple"},"_links":{"self":[{"href":"https:\/\/chilimag.hu\/webshop\/wp-json\/wp\/v2\/product\/13285","targetHints":{"allow":["GET"]}}],"collection":[{"href":"https:\/\/chilimag.hu\/webshop\/wp-json\/wp\/v2\/product"}],"about":[{"href":"https:\/\/chilimag.hu\/webshop\/wp-json\/wp\/v2\/types\/product"}],"replies":[{"embeddable":true,"href":"https:\/\/chilimag.hu\/webshop\/wp-json\/wp\/v2\/comments?post=13285"}],"wp:featuredmedia":[{"embeddable":true,"href":"https:\/\/chilimag.hu\/webshop\/wp-json\/wp\/v2\/media\/13286"}],"wp:attachment":[{"href":"https:\/\/chilimag.hu\/webshop\/wp-json\/wp\/v2\/media?parent=13285"}],"wp:term":[{"taxonomy":"product_brand","embeddable":true,"href":"https:\/\/chilimag.hu\/webshop\/wp-json\/wp\/v2\/product_brand?post=13285"},{"taxonomy":"product_cat","embeddable":true,"href":"https:\/\/chilimag.hu\/webshop\/wp-json\/wp\/v2\/product_cat?post=13285"},{"taxonomy":"product_tag","embeddable":true,"href":"https:\/\/chilimag.hu\/webshop\/wp-json\/wp\/v2\/product_tag?post=13285"}],"curies":[{"name":"wp","href":"https:\/\/api.w.org\/{rel}","templated":true}]}}