{"id":13281,"date":"2021-03-05T19:05:08","date_gmt":"2021-03-05T19:05:08","guid":{"rendered":"https:\/\/chilimag.hu\/webshop\/?post_type=product&#038;p=13281"},"modified":"2026-03-14T17:37:21","modified_gmt":"2026-03-14T17:37:21","slug":"feherozon-paprika-royal","status":"publish","type":"product","link":"https:\/\/chilimag.hu\/webshop\/termek\/feherozon-paprika-royal\/","title":{"rendered":"Paprika Feh\u00e9r\u00f6z\u00f6n  Royal 1"},"content":{"rendered":"","protected":false},"excerpt":{"rendered":"<p>Kb. 50-60 szemet tartalmaz.<\/p>\n<p>Vet\u00e9s: m\u00e1rcius. Vet\u00e9s m\u00e9lys\u00e9g: 1 cm. Pal\u00e1nt\u00e1z\u00e1s: m\u00e1jus. Szed\u00e9s: augusztus-szeptember.<\/p>\n<p>Az EU el\u0151\u00edr\u00e1sainak megfelel\u0151\u00a0 standard vet\u0151mag. N\u00f6v\u00e9ny\u00fatlev\u00e9l sz\u00e1m: HU 130035<br \/>\nRoyalfloval cs\u00e1v\u00e1zott vet\u0151mag. Hat\u00f3anyag TMTD Gyermekek kez\u00e9be nem ker\u00fclhet! \u00c9lelmiszert\u0151l, italt\u00f3l \u00e9s takarm\u00e1nyt\u00f3l t\u00e1vol tartand\u00f3! Haszn\u00e1lat k\u00f6zben enni, inni, doh\u00e1nyozni tilos!K\u00f6nnyen termeszthet\u0151, determin\u00e1lt fajta. Term\u00e9se feh\u00e9r, \u00e9des, t\u00f6lteni val\u00f3. A paprik\u00e1t k\u00e1ros\u00edt\u00f3 tobamo v\u00edrus (TMV) k\u00f6z\u00f6ns\u00e9ges t\u00f6rzseivel szemben rezisztens (Tm0), tak\u00e1csatk\u00e1kkal szemben toler\u00e1ns. Hajtat\u00e1sra \u00e9s szabadf\u00f6ldi termeszt\u00e9sre<br \/>\nis alkalmas.<\/p>\n","protected":false},"featured_media":13248,"comment_status":"closed","ping_status":"closed","template":"","meta":[],"product_brand":[],"product_cat":[259],"product_tag":[],"class_list":{"0":"post-13281","1":"product","2":"type-product","3":"status-publish","4":"has-post-thumbnail","6":"product_cat-paprika-royal-sluis","8":"first","9":"instock","10":"taxable","11":"shipping-taxable","12":"purchasable","13":"product-type-simple"},"_links":{"self":[{"href":"https:\/\/chilimag.hu\/webshop\/wp-json\/wp\/v2\/product\/13281","targetHints":{"allow":["GET"]}}],"collection":[{"href":"https:\/\/chilimag.hu\/webshop\/wp-json\/wp\/v2\/product"}],"about":[{"href":"https:\/\/chilimag.hu\/webshop\/wp-json\/wp\/v2\/types\/product"}],"replies":[{"embeddable":true,"href":"https:\/\/chilimag.hu\/webshop\/wp-json\/wp\/v2\/comments?post=13281"}],"wp:featuredmedia":[{"embeddable":true,"href":"https:\/\/chilimag.hu\/webshop\/wp-json\/wp\/v2\/media\/13248"}],"wp:attachment":[{"href":"https:\/\/chilimag.hu\/webshop\/wp-json\/wp\/v2\/media?parent=13281"}],"wp:term":[{"taxonomy":"product_brand","embeddable":true,"href":"https:\/\/chilimag.hu\/webshop\/wp-json\/wp\/v2\/product_brand?post=13281"},{"taxonomy":"product_cat","embeddable":true,"href":"https:\/\/chilimag.hu\/webshop\/wp-json\/wp\/v2\/product_cat?post=13281"},{"taxonomy":"product_tag","embeddable":true,"href":"https:\/\/chilimag.hu\/webshop\/wp-json\/wp\/v2\/product_tag?post=13281"}],"curies":[{"name":"wp","href":"https:\/\/api.w.org\/{rel}","templated":true}]}}