{"id":13276,"date":"2021-03-05T19:02:25","date_gmt":"2021-03-05T19:02:25","guid":{"rendered":"https:\/\/chilimag.hu\/webshop\/?post_type=product&#038;p=13276"},"modified":"2026-03-09T14:09:50","modified_gmt":"2026-03-09T14:09:50","slug":"san-marzano-paradicsom-royal","status":"publish","type":"product","link":"https:\/\/chilimag.hu\/webshop\/termek\/san-marzano-paradicsom-royal\/","title":{"rendered":"Paradicsom San Marzano Royal 1"},"content":{"rendered":"<h5><\/h5>\n","protected":false},"excerpt":{"rendered":"<p>Kb. 250-280 szemet tartalmaz.<\/p>\n<p>Vet\u00e9s: m\u00e1rcius eleje. Vet\u00e9s m\u00e9lys\u00e9g: 1 cm. Pal\u00e1nt\u00e1z\u00e1s: \u00e1prilis-m\u00e1jus. Szed\u00e9s: j\u00falius-augusztus.<\/p>\n<p>Az EU el\u0151\u00edr\u00e1sainak megfelel\u0151\u00a0 standard vet\u0151mag. N\u00f6v\u00e9ny\u00fatlev\u00e9l sz\u00e1m: HU 130035<br \/>\nRoyalfloval cs\u00e1v\u00e1zott vet\u0151mag. Hat\u00f3anyag TMTD Gyermekek kez\u00e9be nem ker\u00fclhet! \u00c9lelmiszert\u0151l, italt\u00f3l \u00e9s takarm\u00e1nyt\u00f3l t\u00e1vol tartand\u00f3! Haszn\u00e1lat k\u00f6zben enni, inni, doh\u00e1nyozni tilos!Determin\u00e1lt n\u00f6veked\u00e9s\u0171, k\u00f6z\u00e9pk\u00e9sei \u00e9r\u00e9s\u0171 fajta. 40-50 g-os bogy\u00f3i hossz\u00fak\u00e1sak, \u00e9l\u00e9nk pirosak, reped\u00e9sre nem hajlamosak, a kocs\u00e1nyr\u00f3l k\u00f6nnyen lev\u00e1lnak, j\u00f3l szeletelhet\u0151k. Friss fogyaszt\u00e1sra \u00e9s bef\u0151z\u00e9sre is alkalmas.<\/p>\n","protected":false},"featured_media":13277,"comment_status":"closed","ping_status":"closed","template":"","meta":[],"product_brand":[],"product_cat":[258],"product_tag":[],"class_list":{"0":"post-13276","1":"product","2":"type-product","3":"status-publish","4":"has-post-thumbnail","6":"product_cat-paradicsom-royal-sluis","8":"first","9":"instock","10":"taxable","11":"shipping-taxable","12":"purchasable","13":"product-type-simple"},"_links":{"self":[{"href":"https:\/\/chilimag.hu\/webshop\/wp-json\/wp\/v2\/product\/13276","targetHints":{"allow":["GET"]}}],"collection":[{"href":"https:\/\/chilimag.hu\/webshop\/wp-json\/wp\/v2\/product"}],"about":[{"href":"https:\/\/chilimag.hu\/webshop\/wp-json\/wp\/v2\/types\/product"}],"replies":[{"embeddable":true,"href":"https:\/\/chilimag.hu\/webshop\/wp-json\/wp\/v2\/comments?post=13276"}],"wp:featuredmedia":[{"embeddable":true,"href":"https:\/\/chilimag.hu\/webshop\/wp-json\/wp\/v2\/media\/13277"}],"wp:attachment":[{"href":"https:\/\/chilimag.hu\/webshop\/wp-json\/wp\/v2\/media?parent=13276"}],"wp:term":[{"taxonomy":"product_brand","embeddable":true,"href":"https:\/\/chilimag.hu\/webshop\/wp-json\/wp\/v2\/product_brand?post=13276"},{"taxonomy":"product_cat","embeddable":true,"href":"https:\/\/chilimag.hu\/webshop\/wp-json\/wp\/v2\/product_cat?post=13276"},{"taxonomy":"product_tag","embeddable":true,"href":"https:\/\/chilimag.hu\/webshop\/wp-json\/wp\/v2\/product_tag?post=13276"}],"curies":[{"name":"wp","href":"https:\/\/api.w.org\/{rel}","templated":true}]}}